{"id":4422,"date":"2024-03-14T10:32:05","date_gmt":"2024-03-14T10:32:05","guid":{"rendered":"https:\/\/solaroutlet.lt\/produktas\/huawei-smart-logger-3000a01-without-mbus-huawei\/"},"modified":"2025-12-10T11:00:04","modified_gmt":"2025-12-10T08:00:04","slug":"huawei-smart-logger-3000a01-without-mbus-huawei","status":"publish","type":"product","link":"https:\/\/solaroutlet.lt\/en\/produktas\/huawei-smart-logger-3000a01-without-mbus-huawei\/","title":{"rendered":"HUAWEI Smart Logger 3000A01 without MBUS Huawei"},"content":{"rendered":"<p>Huawei Smart Logger 3000A01 without MBUS<\/p>\n<p>Ry\u0161io s\u0105saja:<br \/>\n&#8211; palaiko 4G tinkl\u0105 (n\u0117ra MBUS ry\u0161io s\u0105sajos)<br \/>\n&#8211; per internet\u0105 (WAN)<br \/>\n&#8211; vietin\u012f tinkl\u0105 (LAN)<br \/>\n&#8211; RS485 (patikimas ry\u0161io atstumas 1000 m)<\/p>\n<p>&nbsp;<\/p>\n<p><strong>TECHNINIAI DUOMENYS ATSISIUNTIMUI:<\/strong><\/p>\n<p><strong>\u27a1\ufe0f<a href=\"http:\/\/solaroutlet.lt\/wp-content\/uploads\/2025\/04\/SmartLogger3000A.pdf\" target=\"_blank\" rel=\"noopener\">Techniniai duomenys \u010dia<\/a><\/strong><\/p>\n","protected":false},"excerpt":{"rendered":"<p>\u201eHuawei Smart Logger 3000A01\u201c skirtas PV energijos gamybos sistemos steb\u0117jimui ir valdymui. Jis gali prijungti iki 80 \u012frengini\u0173 ir centralizuotai stebi informacij\u0105 apie prijungtus saul\u0117s modulius ir keitiklius. N\u0117ra galimyb\u0117s naudoti MBUS ry\u0161\u012f.<\/p>\n","protected":false},"featured_media":4423,"comment_status":"closed","ping_status":"closed","template":"","meta":{"_acf_changed":false,"om_disable_all_campaigns":false,"_uf_show_specific_survey":0,"_uf_disable_surveys":false},"pwb-brand":[201],"gamintojas":[96],"product_brand":[],"product_cat":[122],"product_tag":[],"class_list":{"0":"post-4422","1":"product","2":"type-product","3":"status-publish","4":"has-post-thumbnail","6":"pwb-brand-huawei","7":"gamintojas-huawei","8":"product_cat-saules-elektriniu-priedai","9":"product_shipping_class-a-pristatymo-klase","11":"first","12":"outofstock","13":"taxable","14":"shipping-taxable","15":"purchasable","16":"product-type-simple"},"acf":[],"aioseo_notices":[],"brands":[{"id":201,"name":"Huawei","slug":"huawei"}],"_links":{"self":[{"href":"https:\/\/solaroutlet.lt\/en\/wp-json\/wp\/v2\/product\/4422","targetHints":{"allow":["GET"]}}],"collection":[{"href":"https:\/\/solaroutlet.lt\/en\/wp-json\/wp\/v2\/product"}],"about":[{"href":"https:\/\/solaroutlet.lt\/en\/wp-json\/wp\/v2\/types\/product"}],"replies":[{"embeddable":true,"href":"https:\/\/solaroutlet.lt\/en\/wp-json\/wp\/v2\/comments?post=4422"}],"wp:featuredmedia":[{"embeddable":true,"href":"https:\/\/solaroutlet.lt\/en\/wp-json\/wp\/v2\/media\/4423"}],"wp:attachment":[{"href":"https:\/\/solaroutlet.lt\/en\/wp-json\/wp\/v2\/media?parent=4422"}],"wp:term":[{"taxonomy":"pwb-brand","embeddable":true,"href":"https:\/\/solaroutlet.lt\/en\/wp-json\/wp\/v2\/pwb-brand?post=4422"},{"taxonomy":"gamintojas","embeddable":true,"href":"https:\/\/solaroutlet.lt\/en\/wp-json\/wp\/v2\/gamintojas?post=4422"},{"taxonomy":"product_brand","embeddable":true,"href":"https:\/\/solaroutlet.lt\/en\/wp-json\/wp\/v2\/product_brand?post=4422"},{"taxonomy":"product_cat","embeddable":true,"href":"https:\/\/solaroutlet.lt\/en\/wp-json\/wp\/v2\/product_cat?post=4422"},{"taxonomy":"product_tag","embeddable":true,"href":"https:\/\/solaroutlet.lt\/en\/wp-json\/wp\/v2\/product_tag?post=4422"}],"curies":[{"name":"wp","href":"https:\/\/api.w.org\/{rel}","templated":true}]}}