{"id":4424,"date":"2024-03-14T10:32:05","date_gmt":"2024-03-14T10:32:05","guid":{"rendered":"https:\/\/solaroutlet.lt\/produktas\/sungrow-com100-v312s-smart-communication-box\/"},"modified":"2025-09-17T10:04:14","modified_gmt":"2025-09-17T07:04:14","slug":"sungrow-com100-v312s-smart-communication-box","status":"publish","type":"product","link":"https:\/\/solaroutlet.lt\/en\/produktas\/sungrow-com100-v312s-smart-communication-box\/","title":{"rendered":"SUNGROW COM100 V312S Smart Communication Box"},"content":{"rendered":"<p>SUNGROW COM100 V312S Smart Communication Box<\/p>\n<p>&nbsp;<\/p>\n<p><strong>TECHNINIAI DUOMENYS ATSISIUNTIMUI:<\/strong><\/p>\n<ul>\n<li><strong><a href=\"http:\/\/solaroutlet.lt\/wp-content\/uploads\/2025\/04\/COM100-V22-UEN-Ver11.pdf\">Techniniai duomenys \u010dia<\/a><\/strong><\/li>\n<\/ul>\n","protected":false},"excerpt":{"rendered":"<p>I\u0161manus ir lankstus<br \/>\n\u2022 Integruotas \u0161viesolaid\u017eio komutatorius ir jungiamoji d\u0117\u017eut\u0117, paprastas ir lankstus tinkl\u0173 sujungimas<br \/>\n\u2022 Integruotas duomen\u0173 rinktuvas, vietinio i\u0161maniojo paleidimo palaikymas<br \/>\n\u2022 Galimas montavimas ant sienos, stulpo ir \u017eem\u0117s, lankstus montavimas<br \/>\nPaprastas ir efektyvus<br \/>\n\u2022 Sklandus prijungimas prie \u201eiSolarCloud\u201c, paprastas PV \u012frengini\u0173 valdymas<br \/>\n\u2022 Integruotas PLC ry\u0161ys, ry\u0161ys ir gij\u0173 keitikli\u0173 valdymas be kabeli\u0173 tiesimo<br \/>\nSaugus ir patikimas<br \/>\n\u2022 \u012erengta elektros izoliacija ir SPD apsauga, stabilus ir patikimas ry\u0161ys<br \/>\n\u2022 Apsaugos klas\u0117 IP65, ilgalaikis ir patikimas veikimas lauke<\/p>\n","protected":false},"featured_media":4425,"comment_status":"closed","ping_status":"closed","template":"","meta":{"_acf_changed":false,"om_disable_all_campaigns":false,"_uf_show_specific_survey":0,"_uf_disable_surveys":false},"pwb-brand":[182],"gamintojas":[98],"product_brand":[],"product_cat":[122],"product_tag":[],"class_list":{"0":"post-4424","1":"product","2":"type-product","3":"status-publish","4":"has-post-thumbnail","6":"pwb-brand-sungrow","7":"gamintojas-sungrow","8":"product_cat-saules-elektriniu-priedai","9":"product_shipping_class-a-pristatymo-klase","11":"first","12":"outofstock","13":"taxable","14":"shipping-taxable","15":"purchasable","16":"product-type-simple"},"acf":[],"aioseo_notices":[],"brands":[{"id":182,"name":"Sungrow","slug":"sungrow"}],"_links":{"self":[{"href":"https:\/\/solaroutlet.lt\/en\/wp-json\/wp\/v2\/product\/4424","targetHints":{"allow":["GET"]}}],"collection":[{"href":"https:\/\/solaroutlet.lt\/en\/wp-json\/wp\/v2\/product"}],"about":[{"href":"https:\/\/solaroutlet.lt\/en\/wp-json\/wp\/v2\/types\/product"}],"replies":[{"embeddable":true,"href":"https:\/\/solaroutlet.lt\/en\/wp-json\/wp\/v2\/comments?post=4424"}],"wp:featuredmedia":[{"embeddable":true,"href":"https:\/\/solaroutlet.lt\/en\/wp-json\/wp\/v2\/media\/4425"}],"wp:attachment":[{"href":"https:\/\/solaroutlet.lt\/en\/wp-json\/wp\/v2\/media?parent=4424"}],"wp:term":[{"taxonomy":"pwb-brand","embeddable":true,"href":"https:\/\/solaroutlet.lt\/en\/wp-json\/wp\/v2\/pwb-brand?post=4424"},{"taxonomy":"gamintojas","embeddable":true,"href":"https:\/\/solaroutlet.lt\/en\/wp-json\/wp\/v2\/gamintojas?post=4424"},{"taxonomy":"product_brand","embeddable":true,"href":"https:\/\/solaroutlet.lt\/en\/wp-json\/wp\/v2\/product_brand?post=4424"},{"taxonomy":"product_cat","embeddable":true,"href":"https:\/\/solaroutlet.lt\/en\/wp-json\/wp\/v2\/product_cat?post=4424"},{"taxonomy":"product_tag","embeddable":true,"href":"https:\/\/solaroutlet.lt\/en\/wp-json\/wp\/v2\/product_tag?post=4424"}],"curies":[{"name":"wp","href":"https:\/\/api.w.org\/{rel}","templated":true}]}}