{"id":4464,"date":"2024-03-14T10:35:01","date_gmt":"2024-03-14T10:35:01","guid":{"rendered":"https:\/\/solaroutlet.lt\/produktas\/huawei-backup-box-b1-luna2000-backup-box\/"},"modified":"2026-02-23T11:39:56","modified_gmt":"2026-02-23T08:39:56","slug":"huawei-backup-box-b1-luna2000-backup-box","status":"publish","type":"product","link":"https:\/\/solaroutlet.lt\/en\/produktas\/huawei-backup-box-b1-luna2000-backup-box\/","title":{"rendered":"Huawei Backup Box-B1 LUNA2000"},"content":{"rendered":"<p><strong>Technin\u0117s specifikacijos:<\/strong><\/p>\n<ul>\n<li>Trifazis<\/li>\n<li>\u012etampa: 220\/230 V AC<\/li>\n<li>Maksimali matoma galia: 3300 VA<\/li>\n<li>I\u0161vesties srov\u0117: 15.2 A<\/li>\n<li>Apsauga aplinkos poveikiui IP 65<\/li>\n<li>Darbin\u0117 temperat\u016bra nuo -20 \u2103 iki +45 \u2103<\/li>\n<li>Matmenys (A x P x G): 400 x 350 x 130 mm<\/li>\n<li>Svoris 11.00 kg<\/li>\n<li>Garantija: 24 m\u0117nesiai<\/li>\n<li>Suderinamumas: SUN2000-3\/4\/5\/6\/8\/10KTL-M1 inverteriai<\/li>\n<\/ul>\n<p>&nbsp;<\/p>\n<p><strong>TECHNINIAI DUOMENYS ATSISIUNTIMUI:<\/strong><\/p>\n<ul>\n<li><strong><a href=\"http:\/\/solaroutlet.lt\/wp-content\/uploads\/2024\/03\/Back-up-box-B0.pdf\">Techniniai duomenys \u010dia.<\/a><\/strong><\/li>\n<\/ul>\n","protected":false},"excerpt":{"rendered":"<p><strong>Huawei Backup Box-B1<\/strong>\u00a0 &#8211; patikimas ir efektyvus energijos sprendimas, sukurtas be vargo dirbti su Huawei\u00a0inverteriais i\u0161 M0, M1 ir M2 serij\u0173. \u0160is atsargin\u0117 d\u0117\u017eut\u0117 u\u017etikrina nenutr\u016bkstam\u0105 elektros tiekim\u0105, automati\u0161kai perjungiant \u012f atsargin\u012f re\u017eim\u0105 tinklo gedimo atveju, teikdama nuolatin\u0119 energij\u0105 esminiams prietaisams.<\/p>\n<p><strong>Huawei Backup Box-B1<\/strong> pagamintas i\u0161 auk\u0161tos kokyb\u0117s med\u017eiag\u0173 ir komponent\u0173, kad u\u017etikrint\u0173 ilgaam\u017ei\u0161kum\u0105 ir ilgalaik\u012f na\u0161um\u0105. Tvirta konstrukcija gali atlaikyti \u012fvairias aplinkos s\u0105lygas, tod\u0117l jis tinka montavimui viduje ir lauke.<\/p>\n<p>&nbsp;<\/p>\n","protected":false},"featured_media":4465,"comment_status":"closed","ping_status":"closed","template":"","meta":{"_acf_changed":false,"om_disable_all_campaigns":false,"_uf_show_specific_survey":0,"_uf_disable_surveys":false},"pwb-brand":[201],"gamintojas":[96],"product_brand":[],"product_cat":[108],"product_tag":[],"class_list":{"0":"post-4464","1":"product","2":"type-product","3":"status-publish","4":"has-post-thumbnail","6":"pwb-brand-huawei","7":"gamintojas-huawei","8":"product_cat-elektros-energijos-kaupikliai-baterijos","9":"product_shipping_class-c-pristatymo-klase","11":"first","12":"instock","13":"taxable","14":"shipping-taxable","15":"purchasable","16":"product-type-simple"},"acf":[],"aioseo_notices":[],"brands":[{"id":201,"name":"Huawei","slug":"huawei"}],"_links":{"self":[{"href":"https:\/\/solaroutlet.lt\/en\/wp-json\/wp\/v2\/product\/4464","targetHints":{"allow":["GET"]}}],"collection":[{"href":"https:\/\/solaroutlet.lt\/en\/wp-json\/wp\/v2\/product"}],"about":[{"href":"https:\/\/solaroutlet.lt\/en\/wp-json\/wp\/v2\/types\/product"}],"replies":[{"embeddable":true,"href":"https:\/\/solaroutlet.lt\/en\/wp-json\/wp\/v2\/comments?post=4464"}],"wp:featuredmedia":[{"embeddable":true,"href":"https:\/\/solaroutlet.lt\/en\/wp-json\/wp\/v2\/media\/4465"}],"wp:attachment":[{"href":"https:\/\/solaroutlet.lt\/en\/wp-json\/wp\/v2\/media?parent=4464"}],"wp:term":[{"taxonomy":"pwb-brand","embeddable":true,"href":"https:\/\/solaroutlet.lt\/en\/wp-json\/wp\/v2\/pwb-brand?post=4464"},{"taxonomy":"gamintojas","embeddable":true,"href":"https:\/\/solaroutlet.lt\/en\/wp-json\/wp\/v2\/gamintojas?post=4464"},{"taxonomy":"product_brand","embeddable":true,"href":"https:\/\/solaroutlet.lt\/en\/wp-json\/wp\/v2\/product_brand?post=4464"},{"taxonomy":"product_cat","embeddable":true,"href":"https:\/\/solaroutlet.lt\/en\/wp-json\/wp\/v2\/product_cat?post=4464"},{"taxonomy":"product_tag","embeddable":true,"href":"https:\/\/solaroutlet.lt\/en\/wp-json\/wp\/v2\/product_tag?post=4464"}],"curies":[{"name":"wp","href":"https:\/\/api.w.org\/{rel}","templated":true}]}}