{"id":4703,"date":"2024-03-14T10:43:54","date_gmt":"2024-03-14T10:43:54","guid":{"rendered":"https:\/\/solaroutlet.lt\/produktas\/wallbox-electric-vehicle-charge-pulsar-max-22-kw-output-a-wi-fi-bluetooth-pulsar-max-retains-the-compact-size-and-advanced-performance-of-the-pulsar-family-while-featuring-an-upgraded-r-2\/"},"modified":"2026-02-25T10:59:05","modified_gmt":"2026-02-25T07:59:05","slug":"wallbox-electric-vehicle-charge-pulsar-max-22-kw-output-a-wi-fi-bluetooth-pulsar-max-retains-the-compact-size-and-advanced-performance-of-the-pulsar-family-while-featuring-an-upgraded-r-2","status":"publish","type":"product","link":"https:\/\/solaroutlet.lt\/en\/produktas\/wallbox-electric-vehicle-charge-pulsar-max-22-kw-output-a-wi-fi-bluetooth-pulsar-max-retains-the-compact-size-and-advanced-performance-of-the-pulsar-family-while-featuring-an-upgraded-r-2\/","title":{"rendered":"Wallbox Pulsar Max \u012fkrovimo stotel\u0117 22 kW, 5m kabelis"},"content":{"rendered":"<p><strong>Wallbox Pulsar Max \u2013 tai kompakti\u0161ka ir galinga elektromobili\u0173 \u012fkrovimo stotel\u0117, skirta tiek nam\u0173 gara\u017eams, tiek komercini\u0173 objekt\u0173 aik\u0161tel\u0117ms.<\/strong> Stotel\u0117s baltas korpusas i\u0161laiko minimalistin\u012f \u201ePulsar\u201c serijos dizain\u0105, ta\u010diau \u0161is modelis pasi\u017eymi dar tvirtesne konstrukcija ir itin paprastu montavimu.<\/p>\n<p>Stotel\u0117 taip pat turi integruot\u0105 5 metr\u0173 ilgio <strong>Type 2<\/strong> kabel\u012f ir gali tiekti iki <strong>22 kW<\/strong> \u012fkrovimo gali\u0105, priklausomai nuo elektros \u012fvado ir automobilio technini\u0173 galimybi\u0173. D\u0117l \u0161ios prie\u017easties, elektromobil\u012f galima <strong>\u012fkrauti \u017eenkliai grei\u010diau<\/strong> nei naudojant standartin\u012f buitin\u012f lizd\u0105.<\/p>\n<p>\u012ekrovimo stotel\u0117 valdoma per <strong>\u201emyWallbox\u201c program\u0117l\u0119<\/strong>, naudojant Wi-Fi arba Bluetooth ry\u0161\u012f. Program\u0117l\u0117je galima steb\u0117ti \u012fkrovimo proces\u0105 realiu laiku, planuoti \u012fkrovimo laik\u0105 pagal elektros tarifus, analizuoti energijos suvartojim\u0105, ir valdyti vartotoj\u0173 prieig\u0105. \u012erenginys taip pat palaiko \u012fkrovim\u0105 <strong>tiesiogiai i\u0161 saul\u0117s elektrin\u0117s<\/strong>, tad galite maksimaliai i\u0161naudoti atsinaujinan\u010di\u0105 energij\u0105 ir taip suma\u017einti elektros s\u0105naudas.<\/p>\n<p>Esant poreikiui, papildomai galima prijungti <strong>MID<\/strong> sertifikuot\u0105 elektros skaitikl\u012f, kuris garantuoja tiksl\u0173 energijos suvartojimo matavim\u0105. Tai labiausiai aktualu verslo objektuose ar vietose, kur reikalinga detali s\u0105naud\u0173 analiz\u0117.<\/p>\n<p>\u012erenginys taip pat pasi\u017eymi auk\u0161tu atsparumu aplinkos poveikiui d\u0117l <strong>IP55<\/strong> apsaugos klas\u0117s nuo dulki\u0173 ir vandens bei <strong>IK10<\/strong> atsparumu sm\u016bgiams. D\u0117l \u0161i\u0173 apsaug\u0173, stotel\u0117 saugiai gali b\u016bti montuojama tiek viduje, tiek lauke. Optimaliai veikia pla\u010diame temperat\u016br\u0173 diapazone nuo <strong>-25 \u00baC iki +50 \u00baC<\/strong>, tad patikimas veikimas \u012fvairiomis oro s\u0105lygomis yra garantuotas.<\/p>\n<p>Wallbox Pulsar Max elektromobili\u0173 \u012fkrovimo stotel\u0117s technin\u0117s specifikacijos:<\/p>\n<ul>\n<li>Baltos spalvos.<\/li>\n<li>5 metr\u0173 kabelis.<\/li>\n<li>Type 2.<\/li>\n<li>\u012ekrovimo galia iki 22 kW.<\/li>\n<li>Wi-Fi, Bluetooth.<\/li>\n<li>IP55 \/ IK10.<\/li>\n<li>Darbin\u0117 temperat\u016bra -25\u00baC to +50\u00baC<\/li>\n<li>Matmenys 198x201x99mm<\/li>\n<li>Svoris 1,3 kg<\/li>\n<\/ul>\n<p>&nbsp;<\/p>\n<p><strong>TECHNINIAI DUOMENYS ATSISIUNTIMUI:<\/strong><\/p>\n<p><strong>\u27a1\ufe0f<a href=\"http:\/\/solaroutlet.lt\/wp-content\/uploads\/2025\/04\/EN_20230428_DS_PulsarMax.pdf\" target=\"_blank\" rel=\"noopener\">\u012ekrovimo stotel\u0117s techniniai duomenys \u010dia<\/a><\/strong><\/p>\n<p>&nbsp;<\/p>\n","protected":false},"excerpt":{"rendered":"<p>Pulsar Max i\u0161laiko kompakti\u0161k\u0105 Pulsar \u0161eimos dyd\u012f ir pa\u017eang\u0173 na\u0161um\u0105, tuo pa\u010diu pasi\u017eym\u0117damas patobulintu tvirtu dizainu, IK10 apsaugos \u012fvertinimu ir dar lengvesniu montavimu. Pulsar Max tinkamas tiek nam\u0173 gara\u017eui, tiek biuro aik\u0161telei. Pulsar Max valdomas myWallbox program\u0117le per WiFi ir Bluetooth ir yra suderinamas su visomis Wallbox energijos valdymo funkcijomis. \u0160i \u012fkrovimo stotel\u0117 gali tiekti iki 22 kW galios, priklausomai nuo elektros instaliacijos ir automobilio \u012fkrovimo galimybi\u0173. Be to, stotel\u0117 palaiko \u012fkrovim\u0105 tiesiogiai i\u0161 saul\u0117s elektrini\u0173, tod\u0117l galima naudoti atsinaujinan\u010di\u0105 energij\u0105 ir dar labiau suma\u017einti energijos s\u0105naudas. <span style=\"color: #333333;\">Wallbox Pulsar Max\u201d turi integruotas i\u0161mani\u0105sias funkcijas, kurias galima valdyti per mobili\u0105j\u0105 program\u0117l\u0119 &#8220;MyWallbox&#8221;, kuri leid\u017eia naudotojams steb\u0117ti \u012fkrovimo proces\u0105 bei planuoti \u012fkrovimo laik\u0105. Taip pat yra galimyb\u0117 prijungti MID sertifikuot\u0105 elektros skaitikl\u012f, kuris u\u017etikrina tikslius ir patikimus elektros sunaudojimo duomenis, kas ypa\u010d svarbu tiksliai stebint energijos naudojim\u0105 ir s\u0105naudas. <\/span><span style=\"color: #333333;\">Stotel\u0117 yra suprojektuota taip, kad b\u016bt\u0173 atspari \u012fvairioms oro s\u0105lygoms (IP55 \/ IK10), tod\u0117l j\u0105 galima naudoti tiek viduje, tiek lauke.\u00a0<\/span><\/p>\n","protected":false},"featured_media":4704,"comment_status":"closed","ping_status":"closed","template":"","meta":{"_acf_changed":false,"om_disable_all_campaigns":false,"_uf_show_specific_survey":0,"_uf_disable_surveys":false},"pwb-brand":[191],"gamintojas":[112],"product_brand":[],"product_cat":[110],"product_tag":[],"class_list":{"0":"post-4703","1":"product","2":"type-product","3":"status-publish","4":"has-post-thumbnail","6":"pwb-brand-wallbox","7":"gamintojas-wallbox","8":"product_cat-krovimo-stoteles","9":"product_shipping_class-c-pristatymo-klase","10":"pa_galia-22-kw","12":"first","13":"outofstock","14":"taxable","15":"shipping-taxable","16":"purchasable","17":"product-type-simple"},"acf":[],"aioseo_notices":[],"brands":[{"id":191,"name":"Wallbox","slug":"wallbox"}],"_links":{"self":[{"href":"https:\/\/solaroutlet.lt\/en\/wp-json\/wp\/v2\/product\/4703","targetHints":{"allow":["GET"]}}],"collection":[{"href":"https:\/\/solaroutlet.lt\/en\/wp-json\/wp\/v2\/product"}],"about":[{"href":"https:\/\/solaroutlet.lt\/en\/wp-json\/wp\/v2\/types\/product"}],"replies":[{"embeddable":true,"href":"https:\/\/solaroutlet.lt\/en\/wp-json\/wp\/v2\/comments?post=4703"}],"wp:featuredmedia":[{"embeddable":true,"href":"https:\/\/solaroutlet.lt\/en\/wp-json\/wp\/v2\/media\/4704"}],"wp:attachment":[{"href":"https:\/\/solaroutlet.lt\/en\/wp-json\/wp\/v2\/media?parent=4703"}],"wp:term":[{"taxonomy":"pwb-brand","embeddable":true,"href":"https:\/\/solaroutlet.lt\/en\/wp-json\/wp\/v2\/pwb-brand?post=4703"},{"taxonomy":"gamintojas","embeddable":true,"href":"https:\/\/solaroutlet.lt\/en\/wp-json\/wp\/v2\/gamintojas?post=4703"},{"taxonomy":"product_brand","embeddable":true,"href":"https:\/\/solaroutlet.lt\/en\/wp-json\/wp\/v2\/product_brand?post=4703"},{"taxonomy":"product_cat","embeddable":true,"href":"https:\/\/solaroutlet.lt\/en\/wp-json\/wp\/v2\/product_cat?post=4703"},{"taxonomy":"product_tag","embeddable":true,"href":"https:\/\/solaroutlet.lt\/en\/wp-json\/wp\/v2\/product_tag?post=4703"}],"curies":[{"name":"wp","href":"https:\/\/api.w.org\/{rel}","templated":true}]}}