{"id":4711,"date":"2024-03-14T10:43:54","date_gmt":"2024-03-14T10:43:54","guid":{"rendered":"https:\/\/solaroutlet.lt\/produktas\/wallbox-electric-vehicle-charge-pulsar-max-22-kw-output-a-wi-fi-bluetooth-pulsar-max-retains-the-compact-size-and-advanced-performance-of-the-pulsar-family-while-featuring-an-upgraded-r-4\/"},"modified":"2025-12-10T10:55:36","modified_gmt":"2025-12-10T07:55:36","slug":"wallbox-electric-vehicle-charge-pulsar-max-22-kw-output-a-wi-fi-bluetooth-pulsar-max-retains-the-compact-size-and-advanced-performance-of-the-pulsar-family-while-featuring-an-upgraded-r-4","status":"publish","type":"product","link":"https:\/\/solaroutlet.lt\/en\/produktas\/wallbox-electric-vehicle-charge-pulsar-max-22-kw-output-a-wi-fi-bluetooth-pulsar-max-retains-the-compact-size-and-advanced-performance-of-the-pulsar-family-while-featuring-an-upgraded-r-4\/","title":{"rendered":"Wallbox Pulsar Max \u012fkrovimo stotel\u0117 22 kW, 7 m. kabelis"},"content":{"rendered":"<p>Wallbox Pulsar Max elektromobili\u0173 \u012fkrovimo stotel\u0117.<\/p>\n<ul>\n<li>Baltos spalvos.<\/li>\n<li>7 metr\u0173 kabelis.<\/li>\n<li>Type 2.<\/li>\n<li>\u012ekrovimo galia iki 22 kW.<\/li>\n<li>Wi-Fi, Bluetooth.<\/li>\n<li>IP55 \/ IK10.<\/li>\n<li>Darbin\u0117 temperat\u016bra -25\u00baC to +50\u00baC<\/li>\n<li>Matmenys 198x201x99mm<\/li>\n<li>Svoris 1,3 kg<\/li>\n<\/ul>\n<p>&nbsp;<\/p>\n<p><strong>TECHNINIAI DUOMENYS ATSISIUNTIMUI:<\/strong><\/p>\n<p><strong>\u27a1\ufe0f<a href=\"http:\/\/solaroutlet.lt\/wp-content\/uploads\/2025\/04\/EN_20230428_DS_PulsarMax.pdf\" target=\"_blank\" rel=\"noopener\">\u012ekrovimo stotel\u0117s techniniai duomenys \u010dia<\/a><\/strong><\/p>\n<p>&nbsp;<\/p>\n","protected":false},"excerpt":{"rendered":"<p>Pulsar Max i\u0161laiko kompakti\u0161k\u0105 Pulsar \u0161eimos dyd\u012f ir pa\u017eang\u0173 na\u0161um\u0105, tuo pa\u010diu pasi\u017eym\u0117damas patobulintu tvirtu dizainu, IK10 apsaugos \u012fvertinimu ir dar lengvesniu montavimu. Pulsar Max tinkamas tiek nam\u0173 gara\u017eui, tiek biuro aik\u0161telei. Pulsar Max valdomas myWallbox program\u0117le per WiFi ir Bluetooth ir yra suderinamas su visomis Wallbox energijos valdymo funkcijomis. \u0160i \u012fkrovimo stotel\u0117 gali tiekti iki 22 kW galios, priklausomai nuo elektros instaliacijos ir automobilio \u012fkrovimo galimybi\u0173. Be to, stotel\u0117 palaiko \u012fkrovim\u0105 tiesiogiai i\u0161 saul\u0117s elektrini\u0173, tod\u0117l galima naudoti atsinaujinan\u010di\u0105 energij\u0105 ir dar labiau suma\u017einti energijos s\u0105naudas. <span style=\"color: #333333;\">Wallbox Pulsar Max\u201d turi integruotas i\u0161mani\u0105sias funkcijas, kurias galima valdyti per mobili\u0105j\u0105 program\u0117l\u0119 &#8220;MyWallbox&#8221;, kuri leid\u017eia naudotojams steb\u0117ti \u012fkrovimo proces\u0105 bei planuoti \u012fkrovimo laik\u0105. Taip pat yra galimyb\u0117 prijungti MID sertifikuot\u0105 elektros skaitikl\u012f, kuris u\u017etikrina tikslius ir patikimus elektros sunaudojimo duomenis, kas ypa\u010d svarbu tiksliai stebint energijos naudojim\u0105 ir s\u0105naudas. <\/span><span style=\"color: #333333;\">Stotel\u0117 yra suprojektuota taip, kad b\u016bt\u0173 atspari \u012fvairioms oro s\u0105lygoms (IP55 \/ IK10), tod\u0117l j\u0105 galima naudoti tiek viduje, tiek lauke.\u00a0<\/span><\/p>\n","protected":false},"featured_media":4712,"comment_status":"closed","ping_status":"closed","template":"","meta":{"_acf_changed":false,"om_disable_all_campaigns":false,"_uf_show_specific_survey":0,"_uf_disable_surveys":false},"pwb-brand":[191],"gamintojas":[112],"product_brand":[],"product_cat":[110],"product_tag":[],"class_list":{"0":"post-4711","1":"product","2":"type-product","3":"status-publish","4":"has-post-thumbnail","6":"pwb-brand-wallbox","7":"gamintojas-wallbox","8":"product_cat-krovimo-stoteles","9":"product_shipping_class-c-pristatymo-klase","10":"pa_galia-22-kw","12":"first","13":"instock","14":"taxable","15":"shipping-taxable","16":"purchasable","17":"product-type-simple"},"acf":[],"aioseo_notices":[],"brands":[{"id":191,"name":"Wallbox","slug":"wallbox"}],"_links":{"self":[{"href":"https:\/\/solaroutlet.lt\/en\/wp-json\/wp\/v2\/product\/4711","targetHints":{"allow":["GET"]}}],"collection":[{"href":"https:\/\/solaroutlet.lt\/en\/wp-json\/wp\/v2\/product"}],"about":[{"href":"https:\/\/solaroutlet.lt\/en\/wp-json\/wp\/v2\/types\/product"}],"replies":[{"embeddable":true,"href":"https:\/\/solaroutlet.lt\/en\/wp-json\/wp\/v2\/comments?post=4711"}],"wp:featuredmedia":[{"embeddable":true,"href":"https:\/\/solaroutlet.lt\/en\/wp-json\/wp\/v2\/media\/4712"}],"wp:attachment":[{"href":"https:\/\/solaroutlet.lt\/en\/wp-json\/wp\/v2\/media?parent=4711"}],"wp:term":[{"taxonomy":"pwb-brand","embeddable":true,"href":"https:\/\/solaroutlet.lt\/en\/wp-json\/wp\/v2\/pwb-brand?post=4711"},{"taxonomy":"gamintojas","embeddable":true,"href":"https:\/\/solaroutlet.lt\/en\/wp-json\/wp\/v2\/gamintojas?post=4711"},{"taxonomy":"product_brand","embeddable":true,"href":"https:\/\/solaroutlet.lt\/en\/wp-json\/wp\/v2\/product_brand?post=4711"},{"taxonomy":"product_cat","embeddable":true,"href":"https:\/\/solaroutlet.lt\/en\/wp-json\/wp\/v2\/product_cat?post=4711"},{"taxonomy":"product_tag","embeddable":true,"href":"https:\/\/solaroutlet.lt\/en\/wp-json\/wp\/v2\/product_tag?post=4711"}],"curies":[{"name":"wp","href":"https:\/\/api.w.org\/{rel}","templated":true}]}}