{"id":4731,"date":"2024-03-14T10:44:30","date_gmt":"2024-03-14T10:44:30","guid":{"rendered":"https:\/\/solaroutlet.lt\/produktas\/sungrow-ac011e-01-11kw-ac-charger-for-electric-vehicles-11-kw-7-m-white-black\/"},"modified":"2026-02-25T10:37:12","modified_gmt":"2026-02-25T07:37:12","slug":"sungrow-ac22e-01-s-v112-22kw-ac-elektromobiliu-ikrovimo-stotele","status":"publish","type":"product","link":"https:\/\/solaroutlet.lt\/en\/produktas\/sungrow-ac22e-01-s-v112-22kw-ac-elektromobiliu-ikrovimo-stotele\/","title":{"rendered":"SUNGROW AC22E-01 S V112, 22kW \u012fkrovimo stotel\u0117"},"content":{"rendered":"<p><strong>Sungrow 22 kW AC \u012fkrovimo stotel\u0117 \u2013 tai kompakti\u0161ka ir galinga elektromobili\u0173 \u012fkrovimo stotel\u0117, skirta tiek nam\u0173 gara\u017eams, tiek komercini\u0173 objekt\u0173 aik\u0161tel\u0117ms.<\/strong> \u00a0Stotel\u0117 i\u0161siskiria galingu veikimu, tvirta konstrukcija ir pla\u010diu pritaikymu ir geru suderinamumu su Sungrow energijos sistemomis.<\/p>\n<p>Stotel\u0117 taip pat turi integruot\u0105 7 metr\u0173 ilgio <strong>Type 2<\/strong> kabel\u012f ir gali tiekti iki <strong>22 kW<\/strong> \u012fkrovimo gali\u0105, priklausomai nuo elektros \u012fvado ir automobilio technini\u0173 galimybi\u0173. D\u0117l \u0161ios prie\u017easties, elektromobil\u012f galima <strong>\u012fkrauti \u017eenkliai grei\u010diau<\/strong> nei naudojant standartin\u012f buitin\u012f lizd\u0105. Integruotas ilgas kabelis suteikia papildomo lankstumo stov\u0117jimo aik\u0161tel\u0117se ir gara\u017ee, d\u0117l didesnio patogumo pasiekti automobil\u012f nepriklausomai nuo jo pad\u0117ties.<\/p>\n<p>Stotel\u0117 yra visi\u0161kai suderinama su Sungrow inverteriais ir energijos valdymo sprendimais. Tai rei\u0161kia, kad tur\u0117dami Sungrow saul\u0117s elektrin\u0119 ar inverter\u012f, stotel\u0117 lengvai <strong>integruojama \u012f bendr\u0105 sistem\u0105<\/strong> bei gali b\u016bti valdoma efektyviau ir patogiau naudojant viena aplikacij\u0105. Program\u0117l\u0117je galima steb\u0117ti \u012fkrovimo proces\u0105 realiu laiku, planuoti \u012fkrovimo laik\u0105 pagal elektros tarifus, analizuoti energijos suvartojim\u0105, ir valdyti vartotoj\u0173 prieig\u0105. \u012erenginys taip pat palaiko \u012fkrovim\u0105 tiesiogiai i\u0161 saul\u0117s elektrin\u0117s, tad galite maksimaliai i\u0161naudoti atsinaujinan\u010di\u0105 energij\u0105 ir taip suma\u017einti elektros s\u0105naudas.<\/p>\n<p>Esant poreikiui, papildomai galima prijungti <strong>MID<\/strong> sertifikuot\u0105 elektros skaitikl\u012f, kuris garantuoja tiksl\u0173 energijos suvartojimo matavim\u0105. Tai labiausiai aktualu verslo objektuose ar vietose, kur reikalinga detali s\u0105naud\u0173 analiz\u0117.<\/p>\n<p>\u012erenginys taip pat pasi\u017eymi auk\u0161tu atsparumu aplinkos poveikiui d\u0117l <strong>IP65<\/strong> apsaugos klas\u0117s nuo dulki\u0173 ir vandens bei <strong>IK10<\/strong> atsparumu sm\u016bgiams. D\u0117l \u0161i\u0173 apsaug\u0173, stotel\u0117 saugiai gali b\u016bti montuojama tiek viduje, tiek lauke. Optimaliai veikia pla\u010diame temperat\u016br\u0173 diapazone nuo <strong>-30 \u00baC iki +50 \u00baC<\/strong>, tad patikimas veikimas \u012fvairiomis oro s\u0105lygomis yra garantuotas.<\/p>\n<p>Sungrow AC22E-01 S V112, 22kW AC \u012fkrovimo stotel\u0117 elektromobiliams:<\/p>\n<ul>\n<li>Baltos\/juodos spalvos.<\/li>\n<li>7 metr\u0173 kabelis.<\/li>\n<li>22 kW galia.<\/li>\n<li>Atsparumas aplinkai IP65.<\/li>\n<li>Darbin\u0117 temperat\u016bra -30 \u00baC to +50 \u00baC.<\/li>\n<li>Matmenys 214x346x125 mm.<\/li>\n<li>Svoris (be kabelio) 6,65 kg.<\/li>\n<\/ul>\n<p><strong>TECHNINIAI DUOMENYS ATSISIUNTIMUI:<\/strong><\/p>\n<p><strong>\u27a1\ufe0f<a href=\"http:\/\/solaroutlet.lt\/wp-content\/uploads\/2024\/03\/original-12.pdf\" target=\"_blank\" rel=\"noopener\">Technin\u0117s specifikacijos dokumentai<\/a><\/strong><\/p>\n","protected":false},"excerpt":{"rendered":"<p><strong>SUNGROW AC22E-01 22kW \u012fkrovimo stotel\u0117 su 7 metr\u0173 kabeliu<\/strong>\u00a0yra auk\u0161tos kokyb\u0117s elektromobili\u0173 \u012fkrovimo sprendimas, sukurtas taip, kad puikiai der\u0117t\u0173 su Sungrow inverteriais ir veikian\u010diomis saul\u0117s elektrin\u0117mis (ir ne tik).<\/p>\n<p>\u0160i stotel\u0117 \u2013 suteikia patogi\u0105 ir efektyvi\u0105 elektromobilio \u012fkrovimo patirt\u012f, kartu prisidedant prie tvarios energetikos pl\u0117tros<\/p>\n","protected":false},"featured_media":9040,"comment_status":"closed","ping_status":"closed","template":"","meta":{"_acf_changed":false,"om_disable_all_campaigns":false,"_uf_show_specific_survey":0,"_uf_disable_surveys":false},"pwb-brand":[182],"gamintojas":[98],"product_brand":[],"product_cat":[110],"product_tag":[],"class_list":{"0":"post-4731","1":"product","2":"type-product","3":"status-publish","4":"has-post-thumbnail","6":"pwb-brand-sungrow","7":"gamintojas-sungrow","8":"product_cat-krovimo-stoteles","9":"product_shipping_class-c-pristatymo-klase","10":"pa_galia-22-kw","12":"first","13":"outofstock","14":"taxable","15":"shipping-taxable","16":"purchasable","17":"product-type-simple"},"acf":[],"aioseo_notices":[],"brands":[{"id":182,"name":"Sungrow","slug":"sungrow"}],"_links":{"self":[{"href":"https:\/\/solaroutlet.lt\/en\/wp-json\/wp\/v2\/product\/4731","targetHints":{"allow":["GET"]}}],"collection":[{"href":"https:\/\/solaroutlet.lt\/en\/wp-json\/wp\/v2\/product"}],"about":[{"href":"https:\/\/solaroutlet.lt\/en\/wp-json\/wp\/v2\/types\/product"}],"replies":[{"embeddable":true,"href":"https:\/\/solaroutlet.lt\/en\/wp-json\/wp\/v2\/comments?post=4731"}],"wp:featuredmedia":[{"embeddable":true,"href":"https:\/\/solaroutlet.lt\/en\/wp-json\/wp\/v2\/media\/9040"}],"wp:attachment":[{"href":"https:\/\/solaroutlet.lt\/en\/wp-json\/wp\/v2\/media?parent=4731"}],"wp:term":[{"taxonomy":"pwb-brand","embeddable":true,"href":"https:\/\/solaroutlet.lt\/en\/wp-json\/wp\/v2\/pwb-brand?post=4731"},{"taxonomy":"gamintojas","embeddable":true,"href":"https:\/\/solaroutlet.lt\/en\/wp-json\/wp\/v2\/gamintojas?post=4731"},{"taxonomy":"product_brand","embeddable":true,"href":"https:\/\/solaroutlet.lt\/en\/wp-json\/wp\/v2\/product_brand?post=4731"},{"taxonomy":"product_cat","embeddable":true,"href":"https:\/\/solaroutlet.lt\/en\/wp-json\/wp\/v2\/product_cat?post=4731"},{"taxonomy":"product_tag","embeddable":true,"href":"https:\/\/solaroutlet.lt\/en\/wp-json\/wp\/v2\/product_tag?post=4731"}],"curies":[{"name":"wp","href":"https:\/\/api.w.org\/{rel}","templated":true}]}}