{"id":4739,"date":"2024-03-19T20:21:53","date_gmt":"2024-03-19T20:21:53","guid":{"rendered":"https:\/\/solaroutlet.lt\/produktas\/huawei-fusioncharge-ac-three-phase-22-kw-wi-fi-ethernet-automatic-switch-between-1-phase-and-3-phase-more-usable-green-power-3-ways-authentication-bluetooth-rfid-and-app-avoid-accidental\/"},"modified":"2025-12-10T10:43:12","modified_gmt":"2025-12-10T07:43:12","slug":"huawei-fusioncharge-ac-three-phase-22-kw-wi-fi-ethernet-automatic-switch-between-1-phase-and-3-phase-more-usable-green-power-3-ways-authentication-bluetooth-rfid-and-app-avoid-accidental","status":"publish","type":"product","link":"https:\/\/solaroutlet.lt\/en\/produktas\/huawei-fusioncharge-ac-three-phase-22-kw-wi-fi-ethernet-automatic-switch-between-1-phase-and-3-phase-more-usable-green-power-3-ways-authentication-bluetooth-rfid-and-app-avoid-accidental\/","title":{"rendered":"Huawei FusionCharge AC, 3F, 22 kW"},"content":{"rendered":"<p>Su &#8220;Huawei Smart Charger&#8221; d\u0117l automatinio fazi\u0173 perjungimo tarp 1 ir 3, j\u016bs\u0173 elektromobilio \u012fkrovimas bus optimalus, patogus ir efektyvus.<br \/>\nAutomatinis apkrovos balansavimas apsaugo nuo elektros tinklo perkrovos, o paprasta \u201eClick-in\u201c sistema leid\u017eia greitai \u012fdiegti stotel\u0119 vos per 16 minu\u010di\u0173. Tinka tiek savaranki\u0161kam, tiek pilno galingumo \u012fkrovimui su tvarkara\u0161\u010dio palaikymu.<\/p>\n<p>Huawei FusionCharge AC, 3F, 22 kW duomenys:<\/p>\n<ul>\n<li>Automatinis perjungimas tarp 1 faz\u0117s ir 3 fazi\u0173;<\/li>\n<li>3 autentifikavimo b\u016bdai &#8211; &#8220;Bluetooth&#8221;, RFID ir APP i\u0161vengia atsitiktinio \u012fkrovimo, dinami\u0161kas;<\/li>\n<li>Greitas sumontavimas per 16 minu\u010di\u0173 (be laid\u0173);<\/li>\n<li>Montuojamas ant sienos;<\/li>\n<li>Kabelio plotis Iki 10 mm2 | Balta\/Juoda.<\/li>\n<li>Darbin\u0117 temperat\u016bra \u201335\u00b0C to +40\u00b0C<\/li>\n<li>Matmenys 335 mm x 180 mmx 145 mm<\/li>\n<li>Svoris 3,1 kg<\/li>\n<li>Atsparumo lygis dulk\u0117ms ir dr\u0117gmei IP54<\/li>\n<li>Atsparumo lygis sm\u016bgiams IK10<\/li>\n<\/ul>\n<p><strong>TECHNINIAI DUOMENYS ATSISIUNTIMUI:<\/strong><\/p>\n<p><strong>\u27a1\ufe0f<a href=\"http:\/\/solaroutlet.lt\/wp-content\/uploads\/2024\/03\/original-1-1.pdf\" target=\"_blank\" rel=\"noopener\">\u012ekrovimo stotel\u0117s techniniai duomenys \u010dia<\/a><\/strong><\/p>\n","protected":false},"excerpt":{"rendered":"<p>\u0160i \u012fkrovimo stotel\u0117 leid\u017eia j\u016bs\u0173 saul\u0117s elektrin\u0117s pagamint\u0105 energij\u0105 panaudoti \u012fkrauti j\u016bs\u0173 elektromobil\u012f. \u201eHuawei Smart Charger\u201c yra idealus \u201eHuawei\u201c sistemos papildymas turintiems elektromobilius. J\u016bs galite valdyti savo \u012fkrovimo stotel\u0119 bendroje Huawei aplikacijoje, kartu su Huawei inverteriais ir Huawei baterijomis, kaip ir kitus Huawei prietaisus.<\/p>\n","protected":false},"featured_media":4740,"comment_status":"closed","ping_status":"closed","template":"","meta":{"_acf_changed":false,"om_disable_all_campaigns":false,"_uf_show_specific_survey":0,"_uf_disable_surveys":false},"pwb-brand":[201],"gamintojas":[96],"product_brand":[],"product_cat":[110],"product_tag":[],"class_list":{"0":"post-4739","1":"product","2":"type-product","3":"status-publish","4":"has-post-thumbnail","6":"pwb-brand-huawei","7":"gamintojas-huawei","8":"product_cat-krovimo-stoteles","9":"product_shipping_class-c-pristatymo-klase","10":"pa_galia-22-kw","12":"first","13":"outofstock","14":"sale","15":"taxable","16":"shipping-taxable","17":"purchasable","18":"product-type-simple"},"acf":[],"aioseo_notices":[],"brands":[{"id":201,"name":"Huawei","slug":"huawei"}],"_links":{"self":[{"href":"https:\/\/solaroutlet.lt\/en\/wp-json\/wp\/v2\/product\/4739","targetHints":{"allow":["GET"]}}],"collection":[{"href":"https:\/\/solaroutlet.lt\/en\/wp-json\/wp\/v2\/product"}],"about":[{"href":"https:\/\/solaroutlet.lt\/en\/wp-json\/wp\/v2\/types\/product"}],"replies":[{"embeddable":true,"href":"https:\/\/solaroutlet.lt\/en\/wp-json\/wp\/v2\/comments?post=4739"}],"wp:featuredmedia":[{"embeddable":true,"href":"https:\/\/solaroutlet.lt\/en\/wp-json\/wp\/v2\/media\/4740"}],"wp:attachment":[{"href":"https:\/\/solaroutlet.lt\/en\/wp-json\/wp\/v2\/media?parent=4739"}],"wp:term":[{"taxonomy":"pwb-brand","embeddable":true,"href":"https:\/\/solaroutlet.lt\/en\/wp-json\/wp\/v2\/pwb-brand?post=4739"},{"taxonomy":"gamintojas","embeddable":true,"href":"https:\/\/solaroutlet.lt\/en\/wp-json\/wp\/v2\/gamintojas?post=4739"},{"taxonomy":"product_brand","embeddable":true,"href":"https:\/\/solaroutlet.lt\/en\/wp-json\/wp\/v2\/product_brand?post=4739"},{"taxonomy":"product_cat","embeddable":true,"href":"https:\/\/solaroutlet.lt\/en\/wp-json\/wp\/v2\/product_cat?post=4739"},{"taxonomy":"product_tag","embeddable":true,"href":"https:\/\/solaroutlet.lt\/en\/wp-json\/wp\/v2\/product_tag?post=4739"}],"curies":[{"name":"wp","href":"https:\/\/api.w.org\/{rel}","templated":true}]}}