{"id":5120,"date":"2024-04-09T10:39:11","date_gmt":"2024-04-09T10:39:11","guid":{"rendered":"https:\/\/solaroutlet.lt\/?post_type=product&#038;p=5120"},"modified":"2026-01-20T16:34:35","modified_gmt":"2026-01-20T13:34:35","slug":"inverteris-solis-s5-gr3p15k-15kw-3f","status":"publish","type":"product","link":"https:\/\/solaroutlet.lt\/en\/produktas\/inverteris-solis-s5-gr3p15k-15kw-3f\/","title":{"rendered":"Solis inverteris S5-GR3P15K, 15 kW, 3F"},"content":{"rendered":"<p><strong>Solis inverteris S5-GR3P15K, 15 kW, 3F &#8211; tai naujos kartos trifazis inverteris, sukurtas tam, kad maksimalus efektyvumas, patikimumas, ir ilgaam\u017ei\u0161kumas b\u016bt\u0173 garantuotas<\/strong>. \u012erenginys gali b\u016bti naudojamas komerciniuose ir pramoniniuose objektuose, kuriuose svarbus stabilus ir na\u0161us elektros energijos gamybos sprendimas.<\/p>\n<p>Inverteris pasi\u017eymi itin auk\u0161tu,\u00a0<strong>98%<\/strong>\u00a0efektyvumu, tad \u012frenginys labai veiksmingai paver\u010dia gaut\u0105 energij\u0105 \u012f elektros energij\u0105, patirdamas labai ma\u017e\u0105 kiek\u012f nuostoli\u0173. \u012erenginys veikia itin tyliai (&lt;60 dB) ir yra pritaikytas darbui \u012fvairiomis oro s\u0105lygomis: nuo\u00a0<strong>-25\u00b0C iki +60\u00b0C<\/strong>\u00a0\u2013 patikimas darbas yra garantuotas visus metus. Inverterio korpusas yra tvirtas ir pasi\u017eymi\u00a0<strong>IP66<\/strong>\u00a0apsaugos klase, tad yra tinkamas montavimui tiek viduje, tiek lauke. Prietaisas yra kompakti\u0161ko dizaino, o i\u0161manioji perteklin\u0117 au\u0161inimo sistema automati\u0161kai prisitaiko prie darbo s\u0105lyg\u0173 ir suma\u017eina gedim\u0173 rizik\u0105. Maksimali inverterio eil\u0117s srov\u0117 \u2013 iki 16 A, tad \u012frenginys yra <strong>lengvai suderinamas<\/strong> su \u0161iuolaikiniais moduliais.<\/p>\n<p>\u0160iame Solis prietaise yra integruota\u00a0<strong>pa\u017eangi steb\u0117senos sistema<\/strong>, kuri leid\u017eia realiu laiku sekti energijos gamyb\u0105 ir visos sistemos b\u016bkl\u0119. Inverter\u012f galima valdyti i\u0161maniuoju telefonu ar kompiuteriu per Wi-Fi ry\u0161\u012f, o integruotos\u00a0<strong>RS485<\/strong>\u00a0s\u0105saja suteikia galimyb\u0119 \u012frengin\u012f prijungti prie i\u0161orini\u0173 valdymo ar monitoringo sistem\u0173.<\/p>\n<p>\u0160is Solis inverteris taip pat pasi\u017eymi i\u0161skirtine saugumo sistema. Yra integruota\u00a0<strong>DC atvirk\u0161tinio poli\u0161kumo jungties apsauga<\/strong>, kuri neleid\u017eia neteisingai sujungti saul\u0117s moduli\u0173 laidus, nes inverteris automati\u0161kai blokuoja \u012fjungim\u0105 \u2013 apsaugodamas nuo pa\u017eeidimo. Taip pat yra<strong> i\u0161\u0117jimo vir\u0161srov\u0117s ir vir\u0161\u012ftamp\u0117s\u00a0<\/strong>apsauga. Kuri reaguoja \u012f tinklo perkrovas ir \u012ftampos \u0161uolius \u2013 apsaugodamas tiek pat\u012f \u012frengin\u012f, tiek vis\u0105 elektros sistem\u0105.\u00a0<strong>AC trumpojo jungimo apsauga<\/strong>\u00a0atpa\u017e\u012fsta nenormali\u0105 srov\u0119 ir sustabdo \u012frenginio veikim\u0105, o temperat\u016bros apsauga gali automati\u0161kai suma\u017einti apkrov\u0105, kai pasiekiama kritin\u0117 temperat\u016bra. Taip pat yra integruota AFCI apsauga skirta proaktyviai suma\u017einti elektros lanko sukelt\u0105 gaisro rizik\u0105.<\/p>\n<p>Technin\u0117s specifikacijos:<\/p>\n<ul>\n<li>Nominali i\u0161\u0117jimo galia: 15 kW.<\/li>\n<li>MPPT \u012ftampos diapazonas: 160-1000 V.<\/li>\n<li>\u012e\u0117jimo galia: 32 A.<\/li>\n<li>Efektyvumas: 98%.<\/li>\n<li>Triuk\u0161mo lygis: &lt;60 dB.<\/li>\n<li>Darbin\u0117 temperat\u016bra: -25\u00b0C iki +60\u00b0C.<\/li>\n<li>Apsaugos klas\u0117: IP66.<\/li>\n<li>Matmenys: 310 x 563 x 219 mm.<\/li>\n<li>Svoris: 18,8 kg.<\/li>\n<\/ul>\n<p>&nbsp;<\/p>\n<p><strong>TECHNINIAI DUOMENYS ATSISIUNTIMUI:<\/strong><\/p>\n<p><strong>\u27a1\ufe0f<a href=\"http:\/\/solaroutlet.lt\/wp-content\/uploads\/2024\/04\/Solis_datasheet_S5-GR3P5-20-specifikacija-NAUJA.pdf\" target=\"_blank\" rel=\"noopener\">Techniniai duomenys \u010dia<\/a>.<\/strong><\/p>\n","protected":false},"excerpt":{"rendered":"<ul>\n<li>DC apsauga nuo atvirk\u0161tinio poli\u0161kumo<\/li>\n<li>Apsauga nuo trumpojo jungimo<\/li>\n<li>I\u0161vesties apsauga nuo vir\u0161srovi\u0173<\/li>\n<li>Apsauga nuo vir\u0161\u012ftampi\u0173 (DC \/ AC)<\/li>\n<li>Tinklo steb\u0117jimas (monitoringas)<\/li>\n<li>Anti-Islanding apsauga<\/li>\n<li>Temperat\u016bros apsauga<\/li>\n<li>AFCI apsauga suma\u017eina gaisro rizik\u0105<\/li>\n<li>Integruotas DC jutiklis (pasirinktina)<\/li>\n<\/ul>\n","protected":false},"featured_media":5219,"comment_status":"open","ping_status":"closed","template":"","meta":{"_acf_changed":false,"om_disable_all_campaigns":false,"_uf_show_specific_survey":0,"_uf_disable_surveys":false},"pwb-brand":[204],"gamintojas":[165],"product_brand":[],"product_cat":[97],"product_tag":[],"class_list":{"0":"post-5120","1":"product","2":"type-product","3":"status-publish","4":"has-post-thumbnail","6":"pwb-brand-solis","7":"gamintojas-solis","8":"product_cat-sroves-keitikliai-inverters","9":"product_shipping_class-b-pristatymo-klase","10":"pa_galia-15-kw","11":"pa_tipas-tinklo-inverteriai","13":"first","14":"instock","15":"sale","16":"taxable","17":"shipping-taxable","18":"purchasable","19":"product-type-simple"},"acf":[],"aioseo_notices":[],"brands":[{"id":204,"name":"Solis","slug":"solis"}],"_links":{"self":[{"href":"https:\/\/solaroutlet.lt\/en\/wp-json\/wp\/v2\/product\/5120","targetHints":{"allow":["GET"]}}],"collection":[{"href":"https:\/\/solaroutlet.lt\/en\/wp-json\/wp\/v2\/product"}],"about":[{"href":"https:\/\/solaroutlet.lt\/en\/wp-json\/wp\/v2\/types\/product"}],"replies":[{"embeddable":true,"href":"https:\/\/solaroutlet.lt\/en\/wp-json\/wp\/v2\/comments?post=5120"}],"wp:featuredmedia":[{"embeddable":true,"href":"https:\/\/solaroutlet.lt\/en\/wp-json\/wp\/v2\/media\/5219"}],"wp:attachment":[{"href":"https:\/\/solaroutlet.lt\/en\/wp-json\/wp\/v2\/media?parent=5120"}],"wp:term":[{"taxonomy":"pwb-brand","embeddable":true,"href":"https:\/\/solaroutlet.lt\/en\/wp-json\/wp\/v2\/pwb-brand?post=5120"},{"taxonomy":"gamintojas","embeddable":true,"href":"https:\/\/solaroutlet.lt\/en\/wp-json\/wp\/v2\/gamintojas?post=5120"},{"taxonomy":"product_brand","embeddable":true,"href":"https:\/\/solaroutlet.lt\/en\/wp-json\/wp\/v2\/product_brand?post=5120"},{"taxonomy":"product_cat","embeddable":true,"href":"https:\/\/solaroutlet.lt\/en\/wp-json\/wp\/v2\/product_cat?post=5120"},{"taxonomy":"product_tag","embeddable":true,"href":"https:\/\/solaroutlet.lt\/en\/wp-json\/wp\/v2\/product_tag?post=5120"}],"curies":[{"name":"wp","href":"https:\/\/api.w.org\/{rel}","templated":true}]}}