{"id":5127,"date":"2024-04-09T12:23:55","date_gmt":"2024-04-09T12:23:55","guid":{"rendered":"https:\/\/solaroutlet.lt\/?post_type=product&#038;p=5127"},"modified":"2026-02-17T17:12:51","modified_gmt":"2026-02-17T14:12:51","slug":"sma-sunny-tripower-25000tl-30-inverteris","status":"publish","type":"product","link":"https:\/\/solaroutlet.lt\/en\/produktas\/sma-sunny-tripower-25000tl-30-inverteris\/","title":{"rendered":"SMA Sunny Tripower 25000TL-30 inverteris"},"content":{"rendered":"<p><strong>SMA Sunny Tripower 25000TL-30, 25 kW \u2013 tai didel\u0117s galios trifazis inverteris, skirtas komercin\u0117ms ir pramonin\u0117ms saul\u0117s elektrin\u0117ms bei didelio masto saul\u0117s energijos projektams.<\/strong> Prietaisas sukurtas u\u017etikrinti auk\u0161\u010diausi\u0105 patikimum\u0105, maksimali\u0105 energijos generacij\u0105, ir pa\u017eang\u0173 tinko valdym\u0105, atitinkant\u012f \u0161iuolaikini\u0173 elektros tinkl\u0173 reikalavimus.<\/p>\n<p>\u012erenginys pasi\u017eymi itin auk\u0161tu \u2013 98,4% efektyvumu, kuris leid\u017eia generuoti didel\u012f saul\u0117s energijos kiek\u012f net ir sud\u0117tingomis eksploatavimo s\u0105lygomis. Integruota <strong>SMA ShadeFix<\/strong> \u0161e\u0161\u0117liavimo valdymo technologija padeda padidinti energijos gamyb\u0105 be papildom\u0173 montavimo darb\u0173, ypa\u010d tais atvejais, kai moduliai patiria dalin\u012f u\u017etamsinim\u0105.<\/p>\n<p>Inverteris i\u0161siskiria <strong>universaliu dizainu<\/strong>. D\u0117l <strong>dviej\u0173 MPPT<\/strong> ir plataus <strong>DC \u012fvesties \u012ftampos diapazono iki 1000 V<\/strong>, inverteris yra suderinamas su daugeliu skirting\u0173 saul\u0117s moduli\u0173 tip\u0173 ir leid\u017eia optimaliai projektuoti net sud\u0117tingas saul\u0117s elektrines. Tai suteikia didel\u0119 laisv\u0119 projektuotojams ir montuotojams, ma\u017eina sistemos projektavimo apribojimus ir optimizuoja investicij\u0173 gr\u0105\u017e\u0105.<\/p>\n<p>Saugumas ir patikimumas \u2013 vieni pagrindini\u0173 \u0161io inverterio privalum\u0173. Galimyb\u0117 integruoti <strong>DC vir\u0161\u012ftampi\u0173 ribotuv\u0105 (SPD Type II)<\/strong> apsaugo sistem\u0105 nuo elektros tinklo ir atmosferini\u0173 vir\u0161\u012ftampi\u0173. Tvirtas korpusas su <strong>IP65 apsaugos klase<\/strong> leid\u017eia inverter\u012f montuoti tiek vidaus, tiek lauko s\u0105lygomis, u\u017etikrinant atsparum\u0105 dulk\u0117ms, dr\u0117gmei ir aplinkos poveikiui. Inverteris gali stabiliai dirbti pla\u010diame temperat\u016br\u0173 diapazone: nuo -25\u00b0C iki + 60 \u00b0C. Metus.<\/p>\n<p>Inverteris palaiko <strong>nuotolin\u012f steb\u0117jim\u0105 ir valdym\u0105<\/strong>, leid\u017eiant\u012f realiu laiku sekti energijos gamyb\u0105, sistemos b\u016bkl\u0119 bei vykdyti diagnostik\u0105 per SMA steb\u0117senos platformas. Tai ypa\u010d svarbu komerciniams ir pramoniniams objektams, kuriuose reikalinga nuolatin\u0117 sistemos kontrol\u0117 ir greita reakcija \u012f galimus sutrikimus.<\/p>\n<p><strong>Technin\u0117s specifikacijos:<\/strong><\/p>\n<ul>\n<li>Tipas: trifazis inverteris.<\/li>\n<li>Nominali galia: 25 kW.<\/li>\n<li>Efektyvumas: 98,4%.<\/li>\n<li>MPPT skai\u010dius: 2.<\/li>\n<li>Apsaugos klas\u0117: IP65.<\/li>\n<li>Darbin\u0117 temperat\u016bra: nuo \u221225 \u00b0C iki +60 \u00b0C.<\/li>\n<li>Triuk\u0161mo lygis: 51 dB.<\/li>\n<li>Integruota nuotolinio steb\u0117jimo galimyb\u0117.<\/li>\n<li>Matmenys: 661 x 682 x 264 mm.<\/li>\n<li>Svoris: 61 kg.<\/li>\n<\/ul>\n<p>&nbsp;<\/p>\n<p><strong>TECHNINIAI DUOMENYS ATSISIUNTIMUI:<\/strong><\/p>\n<p>\u27a1\ufe0f<a href=\"http:\/\/solaroutlet.lt\/wp-content\/uploads\/2024\/04\/SMA-STP15-25TL-30-DS-en-41.pdf\" target=\"_blank\" rel=\"noopener\">Techniniai duomenys \u010dia<\/a>.<\/p>\n","protected":false},"excerpt":{"rendered":"<p>Tai didel\u0117s galios inverteris, skirtas komercin\u0117ms ir pramonin\u0117ms \u012fmon\u0117ms. Jis u\u017etikrina nepaprastai didel\u012f saul\u0117s energijos derli\u0173, d\u0117l savo didelio efektyvumo, kuris siekia 98,4%. Inverteris yra lankstaus dizaino ir suderinamas su daugeliu saul\u0117s energijos moduli\u0173 d\u0117l daugyb\u0117s kont\u016br\u0173 galimybi\u0173 ir plataus \u012fvesties \u012ftampos diapazono. \u201eSunny Tripower\u201c yra su pa\u017eangiausiomis tinklo valdymo funkcijomis, tokiomis kaip \u201eIntegrated Plant Control\u201c, kuri leid\u017eia keitikliui reguliuoti reaktyvi\u0105j\u0105 gali\u0105 bendrame sujungimo ta\u0161ke. Nebereikia atskir\u0173 valdikli\u0173, tod\u0117l suma\u017e\u0117ja sistemos s\u0105naudos. Taipogi inovatyvi funkcija \u2013 reaktyviosios galios tiekimas pagal poreik\u012f.<\/p>\n","protected":false},"featured_media":5213,"comment_status":"open","ping_status":"closed","template":"","meta":{"_acf_changed":false,"om_disable_all_campaigns":false,"_uf_show_specific_survey":0,"_uf_disable_surveys":false},"pwb-brand":[220],"gamintojas":[132],"product_brand":[],"product_cat":[97],"product_tag":[],"class_list":{"0":"post-5127","1":"product","2":"type-product","3":"status-publish","4":"has-post-thumbnail","6":"pwb-brand-sma","7":"gamintojas-sma","8":"product_cat-sroves-keitikliai-inverters","9":"product_shipping_class-b-pristatymo-klase","10":"pa_galia-25-kw","11":"pa_tipas-tinklo-inverteriai","13":"first","14":"instock","15":"sale","16":"taxable","17":"shipping-taxable","18":"purchasable","19":"product-type-simple"},"acf":[],"aioseo_notices":[],"brands":[{"id":220,"name":"SMA","slug":"sma"}],"_links":{"self":[{"href":"https:\/\/solaroutlet.lt\/en\/wp-json\/wp\/v2\/product\/5127","targetHints":{"allow":["GET"]}}],"collection":[{"href":"https:\/\/solaroutlet.lt\/en\/wp-json\/wp\/v2\/product"}],"about":[{"href":"https:\/\/solaroutlet.lt\/en\/wp-json\/wp\/v2\/types\/product"}],"replies":[{"embeddable":true,"href":"https:\/\/solaroutlet.lt\/en\/wp-json\/wp\/v2\/comments?post=5127"}],"wp:featuredmedia":[{"embeddable":true,"href":"https:\/\/solaroutlet.lt\/en\/wp-json\/wp\/v2\/media\/5213"}],"wp:attachment":[{"href":"https:\/\/solaroutlet.lt\/en\/wp-json\/wp\/v2\/media?parent=5127"}],"wp:term":[{"taxonomy":"pwb-brand","embeddable":true,"href":"https:\/\/solaroutlet.lt\/en\/wp-json\/wp\/v2\/pwb-brand?post=5127"},{"taxonomy":"gamintojas","embeddable":true,"href":"https:\/\/solaroutlet.lt\/en\/wp-json\/wp\/v2\/gamintojas?post=5127"},{"taxonomy":"product_brand","embeddable":true,"href":"https:\/\/solaroutlet.lt\/en\/wp-json\/wp\/v2\/product_brand?post=5127"},{"taxonomy":"product_cat","embeddable":true,"href":"https:\/\/solaroutlet.lt\/en\/wp-json\/wp\/v2\/product_cat?post=5127"},{"taxonomy":"product_tag","embeddable":true,"href":"https:\/\/solaroutlet.lt\/en\/wp-json\/wp\/v2\/product_tag?post=5127"}],"curies":[{"name":"wp","href":"https:\/\/api.w.org\/{rel}","templated":true}]}}