{"id":5142,"date":"2024-04-10T11:08:10","date_gmt":"2024-04-10T11:08:10","guid":{"rendered":"https:\/\/solaroutlet.lt\/?post_type=product&#038;p=5142"},"modified":"2026-04-01T14:29:20","modified_gmt":"2026-04-01T11:29:20","slug":"5-kw-saules-elektrines-komplektas-jinko-solis","status":"publish","type":"product","link":"https:\/\/solaroutlet.lt\/en\/produktas\/5-kw-saules-elektrines-komplektas-jinko-solis\/","title":{"rendered":"10 kW hibridinis Solis + Aiko saul\u0117s elektrin\u0117s komplektas"},"content":{"rendered":"<p><strong>Solis S6-EH3P10K-H-EU, 10 kW RHI, inverterio apra\u0161ymas:<\/strong><\/p>\n<ul>\n<li>Efektyvumas 97,5 %.<\/li>\n<li>Tipas \u2013 trifazis inverteris.<\/li>\n<li>Galia \u2013 10 kW.<\/li>\n<li>Integruota apsauga nuo vir\u0161\u012ftampi\u0173.<\/li>\n<li>Nuotolinio steb\u0117jimo galimyb\u0117.<\/li>\n<li>10 met\u0173 garantija.<\/li>\n<li>I\u0161matavimai 600*500*230 mm.<\/li>\n<li>Svoris 30,2 kg.<\/li>\n<li>IP66 vertinimas.<\/li>\n<li>Rekomenduojama max., PV galia \u2013 20,000 Wp.<\/li>\n<\/ul>\n<p>&nbsp;<\/p>\n<p><strong>TECHNINIAI DUOMENYS ATSISIUNTIMUI:<\/strong><\/p>\n<p><strong>\u27a1\ufe0f<a href=\"http:\/\/solaroutlet.lt\/wp-content\/uploads\/2025\/03\/Solis_datasheet_S6-EH3P3-10K-H-EU_Global_V34_202411.pdf\" target=\"_blank\" rel=\"noopener\">Technin\u0117s specifikacijos dokumentai.<\/a><\/strong><\/p>\n<p>&nbsp;<\/p>\n<p><strong>Aiko N-Type ABC Neostar 2S 445W AIKO-A445-MAH54Mb saul\u0117s moduli\u0173 apra\u0161ymas:<\/strong><\/p>\n<ul>\n<li>Saul\u0117s modulio efektyvumas 22,3% .<\/li>\n<li>Modulio galia \u2013 445W<\/li>\n<li>25 met\u0173 produkto garantija.<\/li>\n<li>Suteikiama 30 met\u0173 efektyvumo garantija, kuri garantuoja, kad po 30 met\u0173 modulis dirbs ne ma\u017eesniu kaip 88,85% efektyvumu.<\/li>\n<li>Modulio matmenys: 1757*1134*30 mm.<\/li>\n<li>Modulio svoris \u2013 21,5 kg.<\/li>\n<\/ul>\n<p><strong>TECHNINIAI DUOMENYS ATSISIUNTIMUI:<\/strong><\/p>\n<p><strong>\u27a1\ufe0f<a href=\"http:\/\/solaroutlet.lt\/wp-content\/uploads\/2024\/08\/AIKO-A440-MAH54Mb-EN-Neostar2S.pdf\" target=\"_blank\" rel=\"noopener\">Technin\u0117s specifikacijos dokumentai \u010dia.<\/a><\/strong><\/p>\n<ul>\n<li style=\"list-style-type: none;\"><\/li>\n<\/ul>\n<p>&nbsp;<\/p>\n","protected":false},"excerpt":{"rendered":"<p><strong>10,24 kW saul\u0117s elektrin\u0117s \u012frangos komplektas \u012f kur\u012f \u012feina:<\/strong><\/p>\n<ul>\n<li>1 vnt., Solis S6-EH3P10K-H-EU, 10 kW RHI inverteris.<\/li>\n<li>23 vnt., Aiko N-Type ABC Neostar 2S 445W AIKO-A445-MAH54Mb saul\u0117s moduliai.<\/li>\n<li>1 vnt., Komunikacijos antena.<\/li>\n<\/ul>\n<p>&nbsp;<\/p>\n<div class=\"description woocommerce-product-details__short-description\">\n<div class=\"description woocommerce-product-details__short-description\">\n<p><a href=\"https:\/\/solaroutlet.lt\/apva-parama-saules-elektrinems-2025-m-fiziniams-asmenims\/\"><img decoding=\"async\" class=\"alignleft wp-image-8271\" src=\"http:\/\/solaroutlet.lt\/wp-content\/uploads\/2025\/02\/Lietuvos-energetikos-agentura-finansavimas-300x155.png\" alt=\"\" width=\"207\" height=\"107\" \/><\/a><\/p>\n<\/div>\n<\/div>\n<div class=\"wpb_custom_0ee23895009ca265b2bcfc2b33fb9222\"><\/div>\n<p><!--more--><\/p>\n<p><a href=\"https:\/\/solaroutlet.lt\/nerandate-tinkamo-komplekto-susisiekime\/\"><img decoding=\"async\" class=\"alignnone wp-image-8553\" src=\"http:\/\/solaroutlet.lt\/wp-content\/uploads\/2025\/03\/Nerandate-tinkamo-komplekto-3-300x155.png\" alt=\"\" width=\"211\" height=\"109\" \/><\/a><\/p>\n","protected":false},"featured_media":8765,"comment_status":"open","ping_status":"closed","template":"","meta":{"_acf_changed":false,"om_disable_all_campaigns":false,"_uf_show_specific_survey":0,"_uf_disable_surveys":false},"pwb-brand":[193,204],"gamintojas":[186,165],"product_brand":[],"product_cat":[287,124],"product_tag":[],"class_list":{"0":"post-5142","1":"product","2":"type-product","3":"status-publish","4":"has-post-thumbnail","6":"pwb-brand-aiko","7":"pwb-brand-solis","8":"gamintojas-aiko","9":"gamintojas-solis","10":"product_cat-saules-elektriniu-komplektai","11":"product_cat-saules-elektriniu-komplektai-minimalus","12":"product_shipping_class-g-pristatymo-klase","14":"first","15":"outofstock","16":"sale","17":"taxable","18":"shipping-taxable","19":"purchasable","20":"product-type-simple"},"acf":[],"aioseo_notices":[],"brands":[{"id":193,"name":"Aiko","slug":"aiko"},{"id":204,"name":"Solis","slug":"solis"}],"_links":{"self":[{"href":"https:\/\/solaroutlet.lt\/en\/wp-json\/wp\/v2\/product\/5142","targetHints":{"allow":["GET"]}}],"collection":[{"href":"https:\/\/solaroutlet.lt\/en\/wp-json\/wp\/v2\/product"}],"about":[{"href":"https:\/\/solaroutlet.lt\/en\/wp-json\/wp\/v2\/types\/product"}],"replies":[{"embeddable":true,"href":"https:\/\/solaroutlet.lt\/en\/wp-json\/wp\/v2\/comments?post=5142"}],"wp:featuredmedia":[{"embeddable":true,"href":"https:\/\/solaroutlet.lt\/en\/wp-json\/wp\/v2\/media\/8765"}],"wp:attachment":[{"href":"https:\/\/solaroutlet.lt\/en\/wp-json\/wp\/v2\/media?parent=5142"}],"wp:term":[{"taxonomy":"pwb-brand","embeddable":true,"href":"https:\/\/solaroutlet.lt\/en\/wp-json\/wp\/v2\/pwb-brand?post=5142"},{"taxonomy":"gamintojas","embeddable":true,"href":"https:\/\/solaroutlet.lt\/en\/wp-json\/wp\/v2\/gamintojas?post=5142"},{"taxonomy":"product_brand","embeddable":true,"href":"https:\/\/solaroutlet.lt\/en\/wp-json\/wp\/v2\/product_brand?post=5142"},{"taxonomy":"product_cat","embeddable":true,"href":"https:\/\/solaroutlet.lt\/en\/wp-json\/wp\/v2\/product_cat?post=5142"},{"taxonomy":"product_tag","embeddable":true,"href":"https:\/\/solaroutlet.lt\/en\/wp-json\/wp\/v2\/product_tag?post=5142"}],"curies":[{"name":"wp","href":"https:\/\/api.w.org\/{rel}","templated":true}]}}