{"id":5145,"date":"2024-04-10T11:15:01","date_gmt":"2024-04-10T11:15:01","guid":{"rendered":"https:\/\/solaroutlet.lt\/?post_type=product&#038;p=5145"},"modified":"2026-04-30T09:17:02","modified_gmt":"2026-04-30T06:17:02","slug":"canadian-solis-6-kw-saules-elektrines-komplektas","status":"publish","type":"product","link":"https:\/\/solaroutlet.lt\/en\/produktas\/canadian-solis-6-kw-saules-elektrines-komplektas\/","title":{"rendered":"6 kW Solis + Trina saul\u0117s elektrin\u0117s komplektas"},"content":{"rendered":"<p><strong>Solis-S5-GR3P6K, 6kW inverterio apra\u0161ymas:<\/strong><\/p>\n<ul>\n<li>Efektyvumas 97,8 %.<\/li>\n<li>Tipas \u2013 trifazis inverteris.<\/li>\n<li>Galia \u2013 6 kW.<\/li>\n<li>Integruota apsauga nuo vir\u0161\u012ftampi\u0173.<\/li>\n<li>Nuotolinio steb\u0117jimo galimyb\u0117.<\/li>\n<li>10 met\u0173 garantija.<\/li>\n<li>I\u0161matavimai 310*563*219 mm.<\/li>\n<li>Svoris 17,8 kg.<\/li>\n<\/ul>\n<p><strong>TECHNINIAI DUOMENYS ATSISIUNTIMUI:<\/strong><\/p>\n<p><strong>\u27a1\ufe0f<a href=\"http:\/\/solaroutlet.lt\/wp-content\/uploads\/2024\/04\/Solis_datasheet_S5-GR3P5-20-specifikacija-NAUJA.pdf\" target=\"_blank\" rel=\"noopener\">Techniniai duomenys \u010dia<\/a>.<\/strong><\/p>\n<p>&nbsp;<\/p>\n<p><strong>TrinaSolar VERTEX S+ NEG9R.28 465 W, N-Type Stiklas\/Stiklas saul\u0117s moduli\u0173 apra\u0161ymas:<\/strong><\/p>\n<ul>\n<li>Moduliai Stiklas\/Stiklas<\/li>\n<li>Galia 465W.<\/li>\n<li>Saul\u0117s modulio efektyvumas 23,3%<\/li>\n<li>25 met\u0173 produkto garantija.<\/li>\n<li>Suteikiama 30 met\u0173 efektyvumo garantija, kuri garantuoja, kad po 30 met\u0173 modulis dirbs ne ma\u017eesniu kaip 87,4% efektyvumu.<\/li>\n<li>Modulio matmenys: 1762*1134*30 mm.<\/li>\n<li>Modulio svoris \u2013 21,0 kg.<\/li>\n<\/ul>\n<p><strong>TECHNINIAI DUOMENYS ATSISIUNTIMUI:<\/strong><\/p>\n<p><strong>\u27a1\ufe0f<a href=\"https:\/\/solaroutlet.lt\/wp-content\/uploads\/2026\/04\/Trina-465W-datasheet.pdf\" target=\"_blank\" rel=\"noopener\">Techniniai duomenys \u010dia<\/a>.<\/strong><\/p>\n<ul>\n<li style=\"list-style-type: none;\"><\/li>\n<\/ul>\n<p>&nbsp;<\/p>\n<p>&nbsp;<\/p>\n<p>&nbsp;<\/p>\n","protected":false},"excerpt":{"rendered":"<p><strong>5,46 kW saul\u0117s elektrin\u0117s \u012frangos komplektas \u012f kur\u012f \u012feina:<\/strong><\/p>\n<ul>\n<li>1 vnt., Solis-S5-GR3P6K, 6kW inverteris.<\/li>\n<li>12 vnt., TrinaSolar VERTEX S+ NEG9R.28 465 W, N-Type Stiklas\/Stiklas saul\u0117s moduliai.<\/li>\n<li>1 vnt., Komunikacijos antena.<\/li>\n<\/ul>\n<p>&nbsp;<\/p>\n<div class=\"description woocommerce-product-details__short-description\">\n<div class=\"description woocommerce-product-details__short-description\">\n<p><a href=\"https:\/\/solaroutlet.lt\/apva-parama-saules-elektrinems-2025-m-fiziniams-asmenims\/\"><img decoding=\"async\" class=\"alignleft wp-image-8271\" src=\"http:\/\/solaroutlet.lt\/wp-content\/uploads\/2025\/02\/Lietuvos-energetikos-agentura-finansavimas-300x155.png\" alt=\"\" width=\"207\" height=\"107\" \/><\/a><\/p>\n<\/div>\n<\/div>\n<div class=\"wpb_custom_0ee23895009ca265b2bcfc2b33fb9222\"><\/div>\n<p><!--more--><\/p>\n<p><a href=\"https:\/\/solaroutlet.lt\/nerandate-tinkamo-komplekto-susisiekime\/\"><img decoding=\"async\" class=\"alignnone wp-image-8553\" src=\"http:\/\/solaroutlet.lt\/wp-content\/uploads\/2025\/03\/Nerandate-tinkamo-komplekto-3-300x155.png\" alt=\"\" width=\"211\" height=\"109\" \/><\/a><\/p>\n","protected":false},"featured_media":11087,"comment_status":"open","ping_status":"closed","template":"","meta":{"_acf_changed":false,"om_disable_all_campaigns":false,"_uf_show_specific_survey":0,"_uf_disable_surveys":false},"pwb-brand":[204,248],"gamintojas":[165,94],"product_brand":[],"product_cat":[287,124],"product_tag":[],"class_list":{"0":"post-5145","1":"product","2":"type-product","3":"status-publish","4":"has-post-thumbnail","6":"pwb-brand-solis","7":"pwb-brand-trinasolar","8":"gamintojas-solis","9":"gamintojas-trinasolar","10":"product_cat-saules-elektriniu-komplektai","11":"product_cat-saules-elektriniu-komplektai-minimalus","12":"product_shipping_class-g-pristatymo-klase","14":"first","15":"outofstock","16":"sale","17":"taxable","18":"shipping-taxable","19":"purchasable","20":"product-type-simple"},"acf":[],"aioseo_notices":[],"brands":[{"id":204,"name":"Solis","slug":"solis"},{"id":248,"name":"TrinaSolar","slug":"trinasolar"}],"_links":{"self":[{"href":"https:\/\/solaroutlet.lt\/en\/wp-json\/wp\/v2\/product\/5145","targetHints":{"allow":["GET"]}}],"collection":[{"href":"https:\/\/solaroutlet.lt\/en\/wp-json\/wp\/v2\/product"}],"about":[{"href":"https:\/\/solaroutlet.lt\/en\/wp-json\/wp\/v2\/types\/product"}],"replies":[{"embeddable":true,"href":"https:\/\/solaroutlet.lt\/en\/wp-json\/wp\/v2\/comments?post=5145"}],"wp:featuredmedia":[{"embeddable":true,"href":"https:\/\/solaroutlet.lt\/en\/wp-json\/wp\/v2\/media\/11087"}],"wp:attachment":[{"href":"https:\/\/solaroutlet.lt\/en\/wp-json\/wp\/v2\/media?parent=5145"}],"wp:term":[{"taxonomy":"pwb-brand","embeddable":true,"href":"https:\/\/solaroutlet.lt\/en\/wp-json\/wp\/v2\/pwb-brand?post=5145"},{"taxonomy":"gamintojas","embeddable":true,"href":"https:\/\/solaroutlet.lt\/en\/wp-json\/wp\/v2\/gamintojas?post=5145"},{"taxonomy":"product_brand","embeddable":true,"href":"https:\/\/solaroutlet.lt\/en\/wp-json\/wp\/v2\/product_brand?post=5145"},{"taxonomy":"product_cat","embeddable":true,"href":"https:\/\/solaroutlet.lt\/en\/wp-json\/wp\/v2\/product_cat?post=5145"},{"taxonomy":"product_tag","embeddable":true,"href":"https:\/\/solaroutlet.lt\/en\/wp-json\/wp\/v2\/product_tag?post=5145"}],"curies":[{"name":"wp","href":"https:\/\/api.w.org\/{rel}","templated":true}]}}