{"id":6903,"date":"2024-06-07T09:34:10","date_gmt":"2024-06-07T06:34:10","guid":{"rendered":"https:\/\/solaroutlet.lt\/?post_type=product&#038;p=6903"},"modified":"2026-04-01T14:27:15","modified_gmt":"2026-04-01T11:27:15","slug":"6903","status":"publish","type":"product","link":"https:\/\/solaroutlet.lt\/en\/produktas\/6903\/","title":{"rendered":"10 kW Solis + JA Solar 595W saul\u0117s elektrin\u0117s komplektas"},"content":{"rendered":"<p class=\"product_title entry-title show-product-nav\"><strong>Solis inverteris S5-GR3P10K, 10 kW\u00a0inverterio apra\u0161ymas:<\/strong><\/p>\n<ul>\n<li>Efektyvumas 97,9 %.<\/li>\n<li>Tipas \u2013 trifazis inverteris.<\/li>\n<li>Galia \u2013 10 kW.<\/li>\n<li>Integruota apsauga nuo vir\u0161\u012ftampi\u0173.<\/li>\n<li>Nuotolinio steb\u0117jimo galimyb\u0117.<\/li>\n<li>10 met\u0173 garantija.<\/li>\n<li>Au\u0161inimo sistema nat\u016brali ventiliacija.<\/li>\n<li>Triuk\u0161mo lygis &lt;30 dB.<\/li>\n<li>Apsauga aplinkos poveikiui IP66.<\/li>\n<li>Darbin\u0117 temperat\u016bra nuo -25 iki +60\u00b0C<\/li>\n<li>I\u0161matavimai 310*563*219 mm.<\/li>\n<li>Svoris 17,8 kg.<\/li>\n<\/ul>\n<p><strong style=\"color: #252526;\">TECHNINIAI DUOMENYS ATSISIUNTIMUI:<\/strong><\/p>\n<p><strong>\u27a1\ufe0f<a href=\"http:\/\/solaroutlet.lt\/wp-content\/uploads\/2024\/04\/Solis_datasheet_S5-GR3P5-20-specifikacija-NAUJA.pdf\" target=\"_blank\" rel=\"noopener\">Techniniai duomenys \u010dia<\/a>.<\/strong><\/p>\n<h2 class=\"product_title entry-title show-product-nav\"><\/h2>\n<p><strong>JA Solar JAM72D40-MB 595W BF, Stiklas\/Stiklas saul\u0117s moduli\u0173 apra\u0161ymas:<\/strong><\/p>\n<ul>\n<li>Modulio efektyvumas 23%.<\/li>\n<li>Dvipusis (bifacial) modulio veikimas.<\/li>\n<li>12 met\u0173 produkto garantija.<\/li>\n<li>V\u0117jo apkrov\u0105 (2400 Pascal) ir sniego apkrov\u0105 (5400 Pascal).<\/li>\n<li>Suteikiama 30 met\u0173 efektyvumo garantija, kuri garantuoja, kad po 30 met\u0173 modulis dirbs ne ma\u017eesniu kaip 87,4% efektyvumu.<\/li>\n<li>Modulio matmenys: 2278*1134*30 mm.<\/li>\n<li>2mm Stiklas\/Stiklas.<\/li>\n<li>Modulio svoris \u2013 31,8 kg.<\/li>\n<li style=\"list-style-type: none;\"><\/li>\n<\/ul>\n<ul>\n<li style=\"list-style-type: none;\"><\/li>\n<\/ul>\n<p>&nbsp;<\/p>\n<p>&nbsp;<\/p>\n","protected":false},"excerpt":{"rendered":"<p><strong>10,12 kW saul\u0117s elektrin\u0117s \u012frangos komplektas \u012f kur\u012f \u012feina:<\/strong><\/p>\n<ul>\n<li>1 vnt., Solis inverteris S5-GR3P10K, 10 kW\u00a0inverteris.<\/li>\n<li>17 vnt., JA Solar JAM72D40-MB 595W BF, Stiklas\/Stiklas saul\u0117s moduliai.<\/li>\n<li>1 vnt., Komunikacijos antena.<\/li>\n<\/ul>\n<div class=\"description woocommerce-product-details__short-description\">\n<div class=\"description woocommerce-product-details__short-description\">\n<p><a href=\"https:\/\/solaroutlet.lt\/apva-parama-saules-elektrinems-2025-m-fiziniams-asmenims\/\"><img decoding=\"async\" class=\"alignleft wp-image-8271\" src=\"http:\/\/solaroutlet.lt\/wp-content\/uploads\/2025\/02\/Lietuvos-energetikos-agentura-finansavimas-300x155.png\" alt=\"\" width=\"207\" height=\"107\" \/><\/a><\/p>\n<\/div>\n<\/div>\n<div class=\"wpb_custom_0ee23895009ca265b2bcfc2b33fb9222\"><\/div>\n<p><!--more--><\/p>\n<p><a href=\"https:\/\/solaroutlet.lt\/nerandate-tinkamo-komplekto-susisiekime\/\"><img decoding=\"async\" class=\"alignnone wp-image-8553\" src=\"http:\/\/solaroutlet.lt\/wp-content\/uploads\/2025\/03\/Nerandate-tinkamo-komplekto-3-300x155.png\" alt=\"\" width=\"211\" height=\"109\" \/><\/a><\/p>\n","protected":false},"featured_media":9114,"comment_status":"open","ping_status":"closed","template":"","meta":{"_acf_changed":false,"om_disable_all_campaigns":false,"_uf_show_specific_survey":0,"_uf_disable_surveys":false},"pwb-brand":[192,204],"gamintojas":[147,165],"product_brand":[],"product_cat":[287,124],"product_tag":[],"class_list":{"0":"post-6903","1":"product","2":"type-product","3":"status-publish","4":"has-post-thumbnail","6":"pwb-brand-jinko","7":"pwb-brand-solis","8":"gamintojas-jinko","9":"gamintojas-solis","10":"product_cat-saules-elektriniu-komplektai","11":"product_cat-saules-elektriniu-komplektai-minimalus","12":"product_shipping_class-g-pristatymo-klase","14":"first","15":"instock","16":"sale","17":"taxable","18":"shipping-taxable","19":"purchasable","20":"product-type-simple"},"acf":[],"aioseo_notices":[],"brands":[{"id":192,"name":"Jinko","slug":"jinko"},{"id":204,"name":"Solis","slug":"solis"}],"_links":{"self":[{"href":"https:\/\/solaroutlet.lt\/en\/wp-json\/wp\/v2\/product\/6903","targetHints":{"allow":["GET"]}}],"collection":[{"href":"https:\/\/solaroutlet.lt\/en\/wp-json\/wp\/v2\/product"}],"about":[{"href":"https:\/\/solaroutlet.lt\/en\/wp-json\/wp\/v2\/types\/product"}],"replies":[{"embeddable":true,"href":"https:\/\/solaroutlet.lt\/en\/wp-json\/wp\/v2\/comments?post=6903"}],"wp:featuredmedia":[{"embeddable":true,"href":"https:\/\/solaroutlet.lt\/en\/wp-json\/wp\/v2\/media\/9114"}],"wp:attachment":[{"href":"https:\/\/solaroutlet.lt\/en\/wp-json\/wp\/v2\/media?parent=6903"}],"wp:term":[{"taxonomy":"pwb-brand","embeddable":true,"href":"https:\/\/solaroutlet.lt\/en\/wp-json\/wp\/v2\/pwb-brand?post=6903"},{"taxonomy":"gamintojas","embeddable":true,"href":"https:\/\/solaroutlet.lt\/en\/wp-json\/wp\/v2\/gamintojas?post=6903"},{"taxonomy":"product_brand","embeddable":true,"href":"https:\/\/solaroutlet.lt\/en\/wp-json\/wp\/v2\/product_brand?post=6903"},{"taxonomy":"product_cat","embeddable":true,"href":"https:\/\/solaroutlet.lt\/en\/wp-json\/wp\/v2\/product_cat?post=6903"},{"taxonomy":"product_tag","embeddable":true,"href":"https:\/\/solaroutlet.lt\/en\/wp-json\/wp\/v2\/product_tag?post=6903"}],"curies":[{"name":"wp","href":"https:\/\/api.w.org\/{rel}","templated":true}]}}