{"id":6971,"date":"2024-06-26T13:51:10","date_gmt":"2024-06-26T10:51:10","guid":{"rendered":"https:\/\/solaroutlet.lt\/?post_type=product&#038;p=6971"},"modified":"2025-08-26T12:05:49","modified_gmt":"2025-08-26T09:05:49","slug":"voneles-saules-moduliams-ant-plokscio-stogo","status":"publish","type":"product","link":"https:\/\/solaroutlet.lt\/en\/produktas\/voneles-saules-moduliams-ant-plokscio-stogo\/","title":{"rendered":"Vonel\u0117s saul\u0117s moduliams ant plok\u0161\u010dio stogo"},"content":{"rendered":"<p>&nbsp;<\/p>\n<ul>\n<li><a href=\"http:\/\/solaroutlet.lt\/wp-content\/uploads\/2024\/06\/Voneles-montavimo-instrukcija.pdf\">Vonel\u0117s montavimo instrukcija<\/a><\/li>\n<li>Matmenys &#8211; 1024x660x426 mm<\/li>\n<li>Svoris &#8211; 4,2 kg.<\/li>\n<li>Atsvaras &#8211; akmenys, sm\u0117lis<\/li>\n<li>Atsvaro svoris &#8211; 70 kg.<\/li>\n<li>Tinka esant mink\u0161tai stogo dangai.<\/li>\n<li>Nepa\u017eeid\u017eia stogo dangos.<\/li>\n<\/ul>\n","protected":false},"excerpt":{"rendered":"<p>&nbsp; Vonel\u0117s montavimo instrukcija Matmenys &#8211; 1024x660x426 mm Svoris &#8211; 4,2 kg. Atsvaras &#8211; akmenys, sm\u0117lis Atsvaro svoris &#8211; 70 kg. Tinka esant mink\u0161tai stogo dangai. Nepa\u017eeid\u017eia stogo dangos.<\/p>\n","protected":false},"featured_media":6974,"comment_status":"open","ping_status":"closed","template":"","meta":{"_acf_changed":false,"om_disable_all_campaigns":false,"_uf_show_specific_survey":0,"_uf_disable_surveys":false},"pwb-brand":[],"gamintojas":[],"product_brand":[],"product_cat":[123],"product_tag":[],"class_list":{"0":"post-6971","1":"product","2":"type-product","3":"status-publish","4":"has-post-thumbnail","6":"product_cat-tvirtinimo-konstruktyvai","7":"product_shipping_class-f-pristatymo-klase","9":"first","10":"instock","11":"taxable","12":"shipping-taxable","13":"purchasable","14":"product-type-simple"},"acf":[],"aioseo_notices":[],"brands":[],"_links":{"self":[{"href":"https:\/\/solaroutlet.lt\/en\/wp-json\/wp\/v2\/product\/6971","targetHints":{"allow":["GET"]}}],"collection":[{"href":"https:\/\/solaroutlet.lt\/en\/wp-json\/wp\/v2\/product"}],"about":[{"href":"https:\/\/solaroutlet.lt\/en\/wp-json\/wp\/v2\/types\/product"}],"replies":[{"embeddable":true,"href":"https:\/\/solaroutlet.lt\/en\/wp-json\/wp\/v2\/comments?post=6971"}],"wp:featuredmedia":[{"embeddable":true,"href":"https:\/\/solaroutlet.lt\/en\/wp-json\/wp\/v2\/media\/6974"}],"wp:attachment":[{"href":"https:\/\/solaroutlet.lt\/en\/wp-json\/wp\/v2\/media?parent=6971"}],"wp:term":[{"taxonomy":"pwb-brand","embeddable":true,"href":"https:\/\/solaroutlet.lt\/en\/wp-json\/wp\/v2\/pwb-brand?post=6971"},{"taxonomy":"gamintojas","embeddable":true,"href":"https:\/\/solaroutlet.lt\/en\/wp-json\/wp\/v2\/gamintojas?post=6971"},{"taxonomy":"product_brand","embeddable":true,"href":"https:\/\/solaroutlet.lt\/en\/wp-json\/wp\/v2\/product_brand?post=6971"},{"taxonomy":"product_cat","embeddable":true,"href":"https:\/\/solaroutlet.lt\/en\/wp-json\/wp\/v2\/product_cat?post=6971"},{"taxonomy":"product_tag","embeddable":true,"href":"https:\/\/solaroutlet.lt\/en\/wp-json\/wp\/v2\/product_tag?post=6971"}],"curies":[{"name":"wp","href":"https:\/\/api.w.org\/{rel}","templated":true}]}}