{"id":7140,"date":"2024-08-14T10:40:22","date_gmt":"2024-08-14T07:40:22","guid":{"rendered":"https:\/\/solaroutlet.lt\/?post_type=product&#038;p=7140"},"modified":"2025-08-26T12:04:37","modified_gmt":"2025-08-26T09:04:37","slug":"smeige-m10x200mm","status":"publish","type":"product","link":"https:\/\/solaroutlet.lt\/en\/produktas\/smeige-m10x200mm\/","title":{"rendered":"Goomax smeig\u0117 M10x200mm"},"content":{"rendered":"<ul>\n<li>Ner\u016bdijan\u010dio plieno<\/li>\n<li>Gamintojas &#8211; GOOMAX<\/li>\n<li>Garantija &#8211; 10 met\u0173<\/li>\n<\/ul>\n","protected":false},"excerpt":{"rendered":"<p>Ner\u016bdijan\u010dio plieno Gamintojas &#8211; GOOMAX Garantija &#8211; 10 met\u0173<\/p>\n","protected":false},"featured_media":7138,"comment_status":"open","ping_status":"closed","template":"","meta":{"_acf_changed":false,"om_disable_all_campaigns":false,"_uf_show_specific_survey":0,"_uf_disable_surveys":false},"pwb-brand":[254],"gamintojas":[255],"product_brand":[],"product_cat":[123],"product_tag":[],"class_list":{"0":"post-7140","1":"product","2":"type-product","3":"status-publish","4":"has-post-thumbnail","6":"pwb-brand-goomax","7":"gamintojas-goomax","8":"product_cat-tvirtinimo-konstruktyvai","9":"product_shipping_class-b-pristatymo-klase","11":"first","12":"instock","13":"taxable","14":"shipping-taxable","15":"purchasable","16":"product-type-simple"},"acf":[],"aioseo_notices":[],"brands":[{"id":254,"name":"Goomax","slug":"goomax"}],"_links":{"self":[{"href":"https:\/\/solaroutlet.lt\/en\/wp-json\/wp\/v2\/product\/7140","targetHints":{"allow":["GET"]}}],"collection":[{"href":"https:\/\/solaroutlet.lt\/en\/wp-json\/wp\/v2\/product"}],"about":[{"href":"https:\/\/solaroutlet.lt\/en\/wp-json\/wp\/v2\/types\/product"}],"replies":[{"embeddable":true,"href":"https:\/\/solaroutlet.lt\/en\/wp-json\/wp\/v2\/comments?post=7140"}],"wp:featuredmedia":[{"embeddable":true,"href":"https:\/\/solaroutlet.lt\/en\/wp-json\/wp\/v2\/media\/7138"}],"wp:attachment":[{"href":"https:\/\/solaroutlet.lt\/en\/wp-json\/wp\/v2\/media?parent=7140"}],"wp:term":[{"taxonomy":"pwb-brand","embeddable":true,"href":"https:\/\/solaroutlet.lt\/en\/wp-json\/wp\/v2\/pwb-brand?post=7140"},{"taxonomy":"gamintojas","embeddable":true,"href":"https:\/\/solaroutlet.lt\/en\/wp-json\/wp\/v2\/gamintojas?post=7140"},{"taxonomy":"product_brand","embeddable":true,"href":"https:\/\/solaroutlet.lt\/en\/wp-json\/wp\/v2\/product_brand?post=7140"},{"taxonomy":"product_cat","embeddable":true,"href":"https:\/\/solaroutlet.lt\/en\/wp-json\/wp\/v2\/product_cat?post=7140"},{"taxonomy":"product_tag","embeddable":true,"href":"https:\/\/solaroutlet.lt\/en\/wp-json\/wp\/v2\/product_tag?post=7140"}],"curies":[{"name":"wp","href":"https:\/\/api.w.org\/{rel}","templated":true}]}}