{"id":7168,"date":"2024-08-14T11:15:11","date_gmt":"2024-08-14T08:15:11","guid":{"rendered":"https:\/\/solaroutlet.lt\/?post_type=product&#038;p=7168"},"modified":"2025-08-26T12:01:08","modified_gmt":"2025-08-26T09:01:08","slug":"aliuminio-begelio-laikiklis","status":"publish","type":"product","link":"https:\/\/solaroutlet.lt\/en\/produktas\/aliuminio-begelio-laikiklis\/","title":{"rendered":"Goomax sutapdinto stogo priekin\u0117s kojos laikiklis su ver\u017ele ir var\u017etu"},"content":{"rendered":"<ul>\n<li>Aliuminio b\u0117gelio laikiklis su var\u017etu ir fiksuojama ver\u017ele.<\/li>\n<li>Ilgis &#8211; 5 cm<\/li>\n<li>Gamintojas &#8211; GOOMAX<\/li>\n<li>Garantija &#8211; 10 met\u0173<\/li>\n<\/ul>\n","protected":false},"excerpt":{"rendered":"<p>Aliuminio b\u0117gelio laikiklis su var\u017etu ir fiksuojama ver\u017ele. Ilgis &#8211; 5 cm Gamintojas &#8211; GOOMAX Garantija &#8211; 10 met\u0173<\/p>\n","protected":false},"featured_media":7169,"comment_status":"open","ping_status":"closed","template":"","meta":{"_acf_changed":false,"om_disable_all_campaigns":false,"_uf_show_specific_survey":0,"_uf_disable_surveys":false},"pwb-brand":[254],"gamintojas":[255],"product_brand":[],"product_cat":[123],"product_tag":[],"class_list":{"0":"post-7168","1":"product","2":"type-product","3":"status-publish","4":"has-post-thumbnail","6":"pwb-brand-goomax","7":"gamintojas-goomax","8":"product_cat-tvirtinimo-konstruktyvai","9":"product_shipping_class-a-pristatymo-klase","11":"first","12":"instock","13":"taxable","14":"shipping-taxable","15":"purchasable","16":"product-type-simple"},"acf":[],"aioseo_notices":[],"brands":[{"id":254,"name":"Goomax","slug":"goomax"}],"_links":{"self":[{"href":"https:\/\/solaroutlet.lt\/en\/wp-json\/wp\/v2\/product\/7168","targetHints":{"allow":["GET"]}}],"collection":[{"href":"https:\/\/solaroutlet.lt\/en\/wp-json\/wp\/v2\/product"}],"about":[{"href":"https:\/\/solaroutlet.lt\/en\/wp-json\/wp\/v2\/types\/product"}],"replies":[{"embeddable":true,"href":"https:\/\/solaroutlet.lt\/en\/wp-json\/wp\/v2\/comments?post=7168"}],"wp:featuredmedia":[{"embeddable":true,"href":"https:\/\/solaroutlet.lt\/en\/wp-json\/wp\/v2\/media\/7169"}],"wp:attachment":[{"href":"https:\/\/solaroutlet.lt\/en\/wp-json\/wp\/v2\/media?parent=7168"}],"wp:term":[{"taxonomy":"pwb-brand","embeddable":true,"href":"https:\/\/solaroutlet.lt\/en\/wp-json\/wp\/v2\/pwb-brand?post=7168"},{"taxonomy":"gamintojas","embeddable":true,"href":"https:\/\/solaroutlet.lt\/en\/wp-json\/wp\/v2\/gamintojas?post=7168"},{"taxonomy":"product_brand","embeddable":true,"href":"https:\/\/solaroutlet.lt\/en\/wp-json\/wp\/v2\/product_brand?post=7168"},{"taxonomy":"product_cat","embeddable":true,"href":"https:\/\/solaroutlet.lt\/en\/wp-json\/wp\/v2\/product_cat?post=7168"},{"taxonomy":"product_tag","embeddable":true,"href":"https:\/\/solaroutlet.lt\/en\/wp-json\/wp\/v2\/product_tag?post=7168"}],"curies":[{"name":"wp","href":"https:\/\/api.w.org\/{rel}","templated":true}]}}