{"id":7190,"date":"2024-08-14T13:43:52","date_gmt":"2024-08-14T10:43:52","guid":{"rendered":"https:\/\/solaroutlet.lt\/?post_type=product&#038;p=7190"},"modified":"2025-08-26T11:59:43","modified_gmt":"2025-08-26T08:59:43","slug":"sutapdinto-stogo-aliuminio-begelis-55m","status":"publish","type":"product","link":"https:\/\/solaroutlet.lt\/en\/produktas\/sutapdinto-stogo-aliuminio-begelis-55m\/","title":{"rendered":"Goomax sutapdinto stogo aliuminio b\u0117gelis 5,5m"},"content":{"rendered":"<ul>\n<li>Sutapdinto stogo aliuminio b\u0117gelis 5,5m.<\/li>\n<li>Auk\u0161tis &#8211; 7,6 cm<\/li>\n<li>Plotis &#8211; 3,3 cm<\/li>\n<li>Gamintojas &#8211; GOOMAX<\/li>\n<li>Garantija &#8211; 10 met\u0173<\/li>\n<\/ul>\n","protected":false},"excerpt":{"rendered":"<p>Sutapdinto stogo aliuminio b\u0117gelis 5,5m. Auk\u0161tis &#8211; 7,6 cm Plotis &#8211; 3,3 cm Gamintojas &#8211; GOOMAX Garantija &#8211; 10 met\u0173<\/p>\n","protected":false},"featured_media":7191,"comment_status":"open","ping_status":"closed","template":"","meta":{"_acf_changed":false,"om_disable_all_campaigns":false,"_uf_show_specific_survey":0,"_uf_disable_surveys":false},"pwb-brand":[254],"gamintojas":[],"product_brand":[],"product_cat":[123],"product_tag":[],"class_list":{"0":"post-7190","1":"product","2":"type-product","3":"status-publish","4":"has-post-thumbnail","6":"pwb-brand-goomax","7":"product_cat-tvirtinimo-konstruktyvai","8":"product_shipping_class-h-pristatymo-klase","10":"first","11":"instock","12":"taxable","13":"shipping-taxable","14":"purchasable","15":"product-type-simple"},"acf":[],"aioseo_notices":[],"brands":[{"id":254,"name":"Goomax","slug":"goomax"}],"_links":{"self":[{"href":"https:\/\/solaroutlet.lt\/en\/wp-json\/wp\/v2\/product\/7190","targetHints":{"allow":["GET"]}}],"collection":[{"href":"https:\/\/solaroutlet.lt\/en\/wp-json\/wp\/v2\/product"}],"about":[{"href":"https:\/\/solaroutlet.lt\/en\/wp-json\/wp\/v2\/types\/product"}],"replies":[{"embeddable":true,"href":"https:\/\/solaroutlet.lt\/en\/wp-json\/wp\/v2\/comments?post=7190"}],"wp:featuredmedia":[{"embeddable":true,"href":"https:\/\/solaroutlet.lt\/en\/wp-json\/wp\/v2\/media\/7191"}],"wp:attachment":[{"href":"https:\/\/solaroutlet.lt\/en\/wp-json\/wp\/v2\/media?parent=7190"}],"wp:term":[{"taxonomy":"pwb-brand","embeddable":true,"href":"https:\/\/solaroutlet.lt\/en\/wp-json\/wp\/v2\/pwb-brand?post=7190"},{"taxonomy":"gamintojas","embeddable":true,"href":"https:\/\/solaroutlet.lt\/en\/wp-json\/wp\/v2\/gamintojas?post=7190"},{"taxonomy":"product_brand","embeddable":true,"href":"https:\/\/solaroutlet.lt\/en\/wp-json\/wp\/v2\/product_brand?post=7190"},{"taxonomy":"product_cat","embeddable":true,"href":"https:\/\/solaroutlet.lt\/en\/wp-json\/wp\/v2\/product_cat?post=7190"},{"taxonomy":"product_tag","embeddable":true,"href":"https:\/\/solaroutlet.lt\/en\/wp-json\/wp\/v2\/product_tag?post=7190"}],"curies":[{"name":"wp","href":"https:\/\/api.w.org\/{rel}","templated":true}]}}