{"id":7193,"date":"2024-08-14T13:47:25","date_gmt":"2024-08-14T10:47:25","guid":{"rendered":"https:\/\/solaroutlet.lt\/?post_type=product&#038;p=7193"},"modified":"2025-08-26T11:59:36","modified_gmt":"2025-08-26T08:59:36","slug":"sutapdinto-stogo-priekine-koja","status":"publish","type":"product","link":"https:\/\/solaroutlet.lt\/en\/produktas\/sutapdinto-stogo-priekine-koja\/","title":{"rendered":"Goomax sutapdinto stogo priekin\u0117 koja"},"content":{"rendered":"<ul>\n<li>Sutapdinto stogo priekin\u0117 koja.<\/li>\n<li>Auk\u0161tis 4,3 cm<\/li>\n<li>Plotis 6,5 cm<\/li>\n<li>Gamintojas &#8211; GOOMAX<\/li>\n<li>Garantija &#8211; 10 met\u0173<\/li>\n<\/ul>\n","protected":false},"excerpt":{"rendered":"<p>Sutapdinto stogo priekin\u0117 koja. Auk\u0161tis 4,3 cm Plotis 6,5 cm Gamintojas &#8211; GOOMAX Garantija &#8211; 10 met\u0173<\/p>\n","protected":false},"featured_media":7194,"comment_status":"open","ping_status":"closed","template":"","meta":{"_acf_changed":false,"om_disable_all_campaigns":false,"_uf_show_specific_survey":0,"_uf_disable_surveys":false},"pwb-brand":[254],"gamintojas":[255],"product_brand":[],"product_cat":[123],"product_tag":[],"class_list":{"0":"post-7193","1":"product","2":"type-product","3":"status-publish","4":"has-post-thumbnail","6":"pwb-brand-goomax","7":"gamintojas-goomax","8":"product_cat-tvirtinimo-konstruktyvai","9":"product_shipping_class-b-pristatymo-klase","11":"first","12":"instock","13":"taxable","14":"shipping-taxable","15":"purchasable","16":"product-type-simple"},"acf":[],"aioseo_notices":[],"brands":[{"id":254,"name":"Goomax","slug":"goomax"}],"_links":{"self":[{"href":"https:\/\/solaroutlet.lt\/en\/wp-json\/wp\/v2\/product\/7193","targetHints":{"allow":["GET"]}}],"collection":[{"href":"https:\/\/solaroutlet.lt\/en\/wp-json\/wp\/v2\/product"}],"about":[{"href":"https:\/\/solaroutlet.lt\/en\/wp-json\/wp\/v2\/types\/product"}],"replies":[{"embeddable":true,"href":"https:\/\/solaroutlet.lt\/en\/wp-json\/wp\/v2\/comments?post=7193"}],"wp:featuredmedia":[{"embeddable":true,"href":"https:\/\/solaroutlet.lt\/en\/wp-json\/wp\/v2\/media\/7194"}],"wp:attachment":[{"href":"https:\/\/solaroutlet.lt\/en\/wp-json\/wp\/v2\/media?parent=7193"}],"wp:term":[{"taxonomy":"pwb-brand","embeddable":true,"href":"https:\/\/solaroutlet.lt\/en\/wp-json\/wp\/v2\/pwb-brand?post=7193"},{"taxonomy":"gamintojas","embeddable":true,"href":"https:\/\/solaroutlet.lt\/en\/wp-json\/wp\/v2\/gamintojas?post=7193"},{"taxonomy":"product_brand","embeddable":true,"href":"https:\/\/solaroutlet.lt\/en\/wp-json\/wp\/v2\/product_brand?post=7193"},{"taxonomy":"product_cat","embeddable":true,"href":"https:\/\/solaroutlet.lt\/en\/wp-json\/wp\/v2\/product_cat?post=7193"},{"taxonomy":"product_tag","embeddable":true,"href":"https:\/\/solaroutlet.lt\/en\/wp-json\/wp\/v2\/product_tag?post=7193"}],"curies":[{"name":"wp","href":"https:\/\/api.w.org\/{rel}","templated":true}]}}