{"id":7196,"date":"2024-08-19T10:28:09","date_gmt":"2024-08-19T07:28:09","guid":{"rendered":"https:\/\/solaroutlet.lt\/?post_type=product&#038;p=7196"},"modified":"2025-12-10T09:51:44","modified_gmt":"2025-12-10T06:51:44","slug":"byd-battery-box-premium-hvm-module-2-76-kwh","status":"publish","type":"product","link":"https:\/\/solaroutlet.lt\/en\/produktas\/byd-battery-box-premium-hvm-module-2-76-kwh\/","title":{"rendered":"BYD akumuliatoriaus modulis 2.76 kWh HVM (Battery-Box Premium)"},"content":{"rendered":"<p>Vien\u0105 Battery-Box Premium HVM energijos saugykl\u0105 sudaro 3\u20138 HVM akumuliatori\u0173 moduliai, kurie sujungti nuosekliai, kad b\u016bt\u0173 galima naudoti nuo 8,3 iki 22,1 kWh. Be to, iki 3 identi\u0161k\u0173 Battery-Box Premium HVM energijos kaupimo \u012frengini\u0173 tiesioginis lygiagretus sujungimas leid\u017eia pasiekti maksimali\u0105 66,2 kWh gali\u0105. Kei\u010diamas pridedant HVM modulius arba lygiagre\u010dius HVM rinkinius.<\/p>\n<p>&nbsp;<\/p>\n<p><a href=\"http:\/\/solaroutlet.lt\/wp-content\/uploads\/2024\/08\/BBOX_HVM_Datasheet_EN_V1.0_240703_L-668f8e06c4476.pdf\" target=\"_blank\" rel=\"noopener\">\u27a1\ufe0fTechniniai duomenys \u010dia<\/a><\/p>\n<p><a href=\"http:\/\/solaroutlet.lt\/wp-content\/uploads\/2024\/08\/240815_BYD_Battery_Box_Premium_HVSHVM_Compatible_Inverter_List_V2.17-66bdc1b574ec6.pdf\" target=\"_blank\" rel=\"noopener\">\u27a1\ufe0fSuderinamumo s\u0105ra\u0161as \u010dia<\/a><\/p>\n","protected":false},"excerpt":{"rendered":"<p><strong>HVS\u00a0<\/strong>ir<strong>\u00a0HVM<\/strong>\u00a0auk\u0161to volta\u017eo baterijos suderinamos su dauguma populiariausi\u0173 hibridini\u0173 inverteri\u0173 kaip\u00a0<em>Sungrow, Kaco, Solis, Solplanet, Fronius, SMA, Deye.<\/em><\/p>\n<p>\u0160ios baterijos pasi\u017eymi lengva instaliacija, bei turi galimyb\u0119 pl\u0117sti talp\u0105 prijungiant papildomus baterij\u0173 modulius.<\/p>\n","protected":false},"featured_media":7199,"comment_status":"open","ping_status":"closed","template":"","meta":{"_acf_changed":false,"om_disable_all_campaigns":false,"_uf_show_specific_survey":0,"_uf_disable_surveys":false},"pwb-brand":[215],"gamintojas":[160],"product_brand":[],"product_cat":[108],"product_tag":[],"class_list":{"0":"post-7196","1":"product","2":"type-product","3":"status-publish","4":"has-post-thumbnail","6":"pwb-brand-byd","7":"gamintojas-byd","8":"product_cat-elektros-energijos-kaupikliai-baterijos","9":"product_shipping_class-c-pristatymo-klase","11":"first","12":"onbackorder","13":"taxable","14":"shipping-taxable","15":"purchasable","16":"product-type-simple"},"acf":[],"aioseo_notices":[],"brands":[{"id":215,"name":"BYD","slug":"byd"}],"_links":{"self":[{"href":"https:\/\/solaroutlet.lt\/en\/wp-json\/wp\/v2\/product\/7196","targetHints":{"allow":["GET"]}}],"collection":[{"href":"https:\/\/solaroutlet.lt\/en\/wp-json\/wp\/v2\/product"}],"about":[{"href":"https:\/\/solaroutlet.lt\/en\/wp-json\/wp\/v2\/types\/product"}],"replies":[{"embeddable":true,"href":"https:\/\/solaroutlet.lt\/en\/wp-json\/wp\/v2\/comments?post=7196"}],"wp:featuredmedia":[{"embeddable":true,"href":"https:\/\/solaroutlet.lt\/en\/wp-json\/wp\/v2\/media\/7199"}],"wp:attachment":[{"href":"https:\/\/solaroutlet.lt\/en\/wp-json\/wp\/v2\/media?parent=7196"}],"wp:term":[{"taxonomy":"pwb-brand","embeddable":true,"href":"https:\/\/solaroutlet.lt\/en\/wp-json\/wp\/v2\/pwb-brand?post=7196"},{"taxonomy":"gamintojas","embeddable":true,"href":"https:\/\/solaroutlet.lt\/en\/wp-json\/wp\/v2\/gamintojas?post=7196"},{"taxonomy":"product_brand","embeddable":true,"href":"https:\/\/solaroutlet.lt\/en\/wp-json\/wp\/v2\/product_brand?post=7196"},{"taxonomy":"product_cat","embeddable":true,"href":"https:\/\/solaroutlet.lt\/en\/wp-json\/wp\/v2\/product_cat?post=7196"},{"taxonomy":"product_tag","embeddable":true,"href":"https:\/\/solaroutlet.lt\/en\/wp-json\/wp\/v2\/product_tag?post=7196"}],"curies":[{"name":"wp","href":"https:\/\/api.w.org\/{rel}","templated":true}]}}