{"id":7203,"date":"2024-08-19T10:32:42","date_gmt":"2024-08-19T07:32:42","guid":{"rendered":"https:\/\/solaroutlet.lt\/?post_type=product&#038;p=7203"},"modified":"2026-02-23T11:38:11","modified_gmt":"2026-02-23T08:38:11","slug":"byd-battery-module-2-56-kwh-hvs","status":"publish","type":"product","link":"https:\/\/solaroutlet.lt\/en\/produktas\/byd-battery-module-2-56-kwh-hvs\/","title":{"rendered":"BYD akumuliatoriaus modulis 2.56 kWh HVS"},"content":{"rendered":"<p><em><strong>BYD 2,56 kWh HVS<\/strong><\/em> akumuliatoriaus modulis &#8211; gali atlikti didelio galingumo avarinio atsarginio kopijavimo ir i\u0161jungimo i\u0161 elektros tinklo funkcijas. Puikus na\u0161umas su tikra auk\u0161tos \u012ftampos nuosekli\u0105ja jungtimi. Patentuota modulin\u0117 ki\u0161tukin\u0117 konstrukcija nereikalauja joki\u0173 vidini\u0173 laid\u0173 ir u\u017etikrina maksimal\u0173 lankstum\u0105 bei paprast\u0105 naudojim\u0105. Li\u010dio-gele\u017eies-fosfato (LFP) akumuliatorius be kobalto: maksimalus saugumas, ilgaam\u017ei\u0161kumas ir galia. Suderinamas su pirmaujan\u010diais 1 ir 3 fazi\u0173 auk\u0161tos \u012ftampos akumuliatori\u0173 keitikliais. Du skirtingi moduliai, kad b\u016bt\u0173 galima naudoti \u012fvairi\u0173 dyd\u017ei\u0173 sistemas.<\/p>\n<p>&nbsp;<\/p>\n<p><a href=\"http:\/\/solaroutlet.lt\/wp-content\/uploads\/2024\/08\/BBOX_HVS_Datasheet_EN_V1.0_240626_L-668f92b10b0a6.pdf\" target=\"_blank\" rel=\"noopener\">\u27a1\ufe0fTechniniai duomenys \u010dia<\/a><\/p>\n<p><a href=\"http:\/\/solaroutlet.lt\/wp-content\/uploads\/2024\/08\/240815_BYD_Battery_Box_Premium_HVSHVM_Compatible_Inverter_List_V2.17-66bdc1b574ec6.pdf\" target=\"_blank\" rel=\"noopener\">\u27a1\ufe0fSuderinamumo s\u0105ra\u0161as \u010dia<\/a><\/p>\n","protected":false},"excerpt":{"rendered":"<p><strong>HVS\u00a0<\/strong>ir<strong>\u00a0HVM<\/strong>\u00a0auk\u0161to volta\u017eo baterijos suderinamos su dauguma populiariausi\u0173 hibridini\u0173 inverteri\u0173 kaip\u00a0<em>Sungrow, Kaco, Solis, Solplanet, Fronius, SMA, Deye.<\/em><\/p>\n<p>\u0160ios baterijos pasi\u017eymi lengva instaliacija, bei turi galimyb\u0119 pl\u0117sti talp\u0105 prijungiant papildomus baterij\u0173 modulius.<\/p>\n","protected":false},"featured_media":7199,"comment_status":"open","ping_status":"closed","template":"","meta":{"_acf_changed":false,"om_disable_all_campaigns":false,"_uf_show_specific_survey":0,"_uf_disable_surveys":false},"pwb-brand":[215],"gamintojas":[160],"product_brand":[],"product_cat":[108],"product_tag":[],"class_list":{"0":"post-7203","1":"product","2":"type-product","3":"status-publish","4":"has-post-thumbnail","6":"pwb-brand-byd","7":"gamintojas-byd","8":"product_cat-elektros-energijos-kaupikliai-baterijos","9":"product_shipping_class-c-pristatymo-klase","11":"first","12":"onbackorder","13":"taxable","14":"shipping-taxable","15":"purchasable","16":"product-type-simple"},"acf":[],"aioseo_notices":[],"brands":[{"id":215,"name":"BYD","slug":"byd"}],"_links":{"self":[{"href":"https:\/\/solaroutlet.lt\/en\/wp-json\/wp\/v2\/product\/7203","targetHints":{"allow":["GET"]}}],"collection":[{"href":"https:\/\/solaroutlet.lt\/en\/wp-json\/wp\/v2\/product"}],"about":[{"href":"https:\/\/solaroutlet.lt\/en\/wp-json\/wp\/v2\/types\/product"}],"replies":[{"embeddable":true,"href":"https:\/\/solaroutlet.lt\/en\/wp-json\/wp\/v2\/comments?post=7203"}],"wp:featuredmedia":[{"embeddable":true,"href":"https:\/\/solaroutlet.lt\/en\/wp-json\/wp\/v2\/media\/7199"}],"wp:attachment":[{"href":"https:\/\/solaroutlet.lt\/en\/wp-json\/wp\/v2\/media?parent=7203"}],"wp:term":[{"taxonomy":"pwb-brand","embeddable":true,"href":"https:\/\/solaroutlet.lt\/en\/wp-json\/wp\/v2\/pwb-brand?post=7203"},{"taxonomy":"gamintojas","embeddable":true,"href":"https:\/\/solaroutlet.lt\/en\/wp-json\/wp\/v2\/gamintojas?post=7203"},{"taxonomy":"product_brand","embeddable":true,"href":"https:\/\/solaroutlet.lt\/en\/wp-json\/wp\/v2\/product_brand?post=7203"},{"taxonomy":"product_cat","embeddable":true,"href":"https:\/\/solaroutlet.lt\/en\/wp-json\/wp\/v2\/product_cat?post=7203"},{"taxonomy":"product_tag","embeddable":true,"href":"https:\/\/solaroutlet.lt\/en\/wp-json\/wp\/v2\/product_tag?post=7203"}],"curies":[{"name":"wp","href":"https:\/\/api.w.org\/{rel}","templated":true}]}}