{"id":7206,"date":"2024-08-19T10:47:43","date_gmt":"2024-08-19T07:47:43","guid":{"rendered":"https:\/\/solaroutlet.lt\/?post_type=product&#038;p=7206"},"modified":"2025-12-10T09:50:18","modified_gmt":"2025-12-10T06:50:18","slug":"byd-bcubase-byd-battery-module-control-unit-and-base","status":"publish","type":"product","link":"https:\/\/solaroutlet.lt\/en\/produktas\/byd-bcubase-byd-battery-module-control-unit-and-base\/","title":{"rendered":"BYD BCU+Bazinis valdymo blokas ir BYD akumuliatoriaus modulio baz\u0117"},"content":{"rendered":"<ul>\n<li>Galimas didelio galingumo avarinio atsarginio maitinimo ir neprijungto tinklo funkcionalumas<\/li>\n<li>Did\u017eiausias efektyvumas d\u0117l tikros auk\u0161tos \u012ftampos serijin\u0117s jungties<\/li>\n<li>Patentuota modulin\u0117 konstrukcija nereikalauja vidini\u0173 laid\u0173, maksimaliam lankstumui ir naudojimo paprastumui<\/li>\n<li>Li\u010dio gele\u017eies fosfato (LFP) baterija be kobalto: did\u017eiausia sauga, cikl\u0173 skai\u010dius ir galia<\/li>\n<li>Suderinamas su pirmaujan\u010diais 1 ir 3 fazi\u0173 auk\u0161tos \u012ftampos keitikliais<\/li>\n<li>Du skirtingi moduliai, apimantys vis\u0105 sistemos dyd\u017ei\u0173 diapazon\u0105<\/li>\n<li>Auk\u0161\u010diausi saugos standartai, tokie kaip VDE 2510-50<\/li>\n<li>Valdymo blokas tinka nuo 2 iki 5 HVS baterij\u0173 moduli\u0173 rinkiniui<\/li>\n<li>Valdymo blokas tinka 3\u20138 HVM baterij\u0173 moduli\u0173 rinkiniui<\/li>\n<li>Matmenys: 58,7 cm x 29,8 cm x 26 cm<\/li>\n<li>Svoris 15.800 kg<\/li>\n<\/ul>\n<p>&nbsp;<\/p>\n<p>\u0160is moduli\u0173 valdymo blokas tinka <strong>HVS<\/strong> ir <strong>HVM<\/strong> baterijoms. HVS\u00a0ir\u00a0HVM\u00a0auk\u0161to volta\u017eo baterijos suderinamos su dauguma populiariausi\u0173 hibridini\u0173 inverteri\u0173 kaip\u00a0<em>Sungrow, Kaco, Solis, Solplanet, Fronius, SMA, Deye.<\/em><\/p>\n<p>\u0160ios baterijos pasi\u017eymi lengva instaliacija, bei turi galimyb\u0119 pl\u0117sti talp\u0105 prijungiant papildomus baterij\u0173 modulius.<\/p>\n<p><a href=\"http:\/\/solaroutlet.lt\/wp-content\/uploads\/2024\/08\/240815_BYD_Battery_Box_Premium_HVSHVM_Compatible_Inverter_List_V2.17-66bdc1b574ec6.pdf\" target=\"_blank\" rel=\"noopener\">\u27a1\ufe0fSuderinamumo s\u0105ra\u0161as \u010dia<\/a><\/p>\n<p><a href=\"http:\/\/solaroutlet.lt\/wp-content\/uploads\/2024\/08\/BBOX_HVS_Datasheet_EN_V1.0_240626_L-668f92b10b0a6.pdf\" target=\"_blank\" rel=\"noopener\">\u27a1\ufe0fTechniniai duomenys HVS \u010dia<\/a><\/p>\n<p><a href=\"http:\/\/solaroutlet.lt\/wp-content\/uploads\/2024\/08\/BBOX_HVM_Datasheet_EN_V1.0_240703_L-668f8e06c4476.pdf\" target=\"_blank\" rel=\"noopener\">\u27a1\ufe0fTechniniai duomenys HVM \u010dia<\/a><\/p>\n","protected":false},"excerpt":{"rendered":"<p>BYD Baterijos Valdymo Modulis (BCU) su pagrindu yra esmin\u0117 baterij\u0173 sistemos dalis, skirta baterij\u0173 valdymui ir integracijai. \u0160is modulis sujungia visus HVS ir HVM energijos kaupimo modulius, u\u017etikrinant, kad j\u016bs\u0173 sistema veikt\u0173 skland\u017eiai ir efektyviai. Valdymo modulis ir pagrindas sudaro pagrindin\u0119 sistemos s\u0105rank\u0105, prie kurios lengvai pridedami HVS arba HVM baterij\u0173 moduliai. Tai leid\u017eia sukurti lanks\u010di\u0105 ir pritaikom\u0105 energijos kaupimo sistem\u0105, kuri gali augti kartu su j\u016bs\u0173 energijos poreikiais. BYD Baterijos Valdymo Modulis palaiko auk\u0161tos \u012ftampos sistemas, suderinamas su daugybe inverteri\u0173, naudojam\u0173 tiek tinklo prijungimo (On-Grid), tiek autonomin\u0117se (Off-Grid) energijos kaupimo sistemose. Tai leid\u017eia u\u017etikrinti didel\u012f efektyvum\u0105 ir optimal\u0173 energijos panaudojim\u0105 nepriklausomai nuo j\u016bs\u0173 energijos \u0161altini\u0173. Valdymo modulis atitinka grie\u017e\u010diausius saugumo reikalavimus, \u012fskaitant VDE 2510-50 sertifikat\u0105, kuris u\u017etikrina, kad sistema b\u016bt\u0173 saugi ir patikima. Modulinis \u201ePlug &amp; Play\u201c dizainas palengvina diegim\u0105 be papildom\u0173 laid\u0173 ar sud\u0117ting\u0173 montavimo darb\u0173.<\/p>\n","protected":false},"featured_media":7207,"comment_status":"open","ping_status":"closed","template":"","meta":{"_acf_changed":false,"om_disable_all_campaigns":false,"_uf_show_specific_survey":0,"_uf_disable_surveys":false},"pwb-brand":[215],"gamintojas":[160],"product_brand":[],"product_cat":[108],"product_tag":[],"class_list":{"0":"post-7206","1":"product","2":"type-product","3":"status-publish","4":"has-post-thumbnail","6":"pwb-brand-byd","7":"gamintojas-byd","8":"product_cat-elektros-energijos-kaupikliai-baterijos","9":"product_shipping_class-c-pristatymo-klase","11":"first","12":"onbackorder","13":"taxable","14":"shipping-taxable","15":"purchasable","16":"product-type-simple"},"acf":[],"aioseo_notices":[],"brands":[{"id":215,"name":"BYD","slug":"byd"}],"_links":{"self":[{"href":"https:\/\/solaroutlet.lt\/en\/wp-json\/wp\/v2\/product\/7206","targetHints":{"allow":["GET"]}}],"collection":[{"href":"https:\/\/solaroutlet.lt\/en\/wp-json\/wp\/v2\/product"}],"about":[{"href":"https:\/\/solaroutlet.lt\/en\/wp-json\/wp\/v2\/types\/product"}],"replies":[{"embeddable":true,"href":"https:\/\/solaroutlet.lt\/en\/wp-json\/wp\/v2\/comments?post=7206"}],"wp:featuredmedia":[{"embeddable":true,"href":"https:\/\/solaroutlet.lt\/en\/wp-json\/wp\/v2\/media\/7207"}],"wp:attachment":[{"href":"https:\/\/solaroutlet.lt\/en\/wp-json\/wp\/v2\/media?parent=7206"}],"wp:term":[{"taxonomy":"pwb-brand","embeddable":true,"href":"https:\/\/solaroutlet.lt\/en\/wp-json\/wp\/v2\/pwb-brand?post=7206"},{"taxonomy":"gamintojas","embeddable":true,"href":"https:\/\/solaroutlet.lt\/en\/wp-json\/wp\/v2\/gamintojas?post=7206"},{"taxonomy":"product_brand","embeddable":true,"href":"https:\/\/solaroutlet.lt\/en\/wp-json\/wp\/v2\/product_brand?post=7206"},{"taxonomy":"product_cat","embeddable":true,"href":"https:\/\/solaroutlet.lt\/en\/wp-json\/wp\/v2\/product_cat?post=7206"},{"taxonomy":"product_tag","embeddable":true,"href":"https:\/\/solaroutlet.lt\/en\/wp-json\/wp\/v2\/product_tag?post=7206"}],"curies":[{"name":"wp","href":"https:\/\/api.w.org\/{rel}","templated":true}]}}