{"id":7282,"date":"2024-09-19T10:24:59","date_gmt":"2024-09-19T07:24:59","guid":{"rendered":"https:\/\/solaroutlet.lt\/?post_type=product&#038;p=7282"},"modified":"2026-02-23T15:02:56","modified_gmt":"2026-02-23T12:02:56","slug":"vool-22-kw-ikrovimo-stotele-65-m-kabelis-v22tmabgp-medzio-imitacijos","status":"publish","type":"product","link":"https:\/\/solaroutlet.lt\/en\/produktas\/vool-22-kw-ikrovimo-stotele-65-m-kabelis-v22tmabgp-medzio-imitacijos\/","title":{"rendered":"VOOL 22 kW \u012fkrovimo stotel\u0117, 6,5 m. kabelis,  V22TMABGP, med\u017eio imitacijos"},"content":{"rendered":"<p><strong>VOOL 22 kW \u012fkrovimo stotel\u0117 \u2013 tai \u0161iuolaikinis ir i\u0161manus elektromobili\u0173 \u012fkrovimo sprendimas, kuris skirtas naudojimui tiek individualiuose namuose, tiek verslo objektuose.<\/strong> \u012erenginys yra kompakti\u0161kas, sveriantis tik <strong>5,5 kg<\/strong>, bei pasi\u017eymintis eleganti\u0161ku med\u017eio imitacijos korpusu. \u012ekrovimo stotel\u0117 puikiai dera prie \u0161iuolaikin\u0117s architekt\u016bros, o tvirtas <strong>IP55<\/strong> ir<strong> IK10<\/strong> klas\u0117s korpusas garantuoja patikim\u0105 veikim\u0105 tiek viduje, tiek lauke, net esant sud\u0117tingesn\u0117s oro s\u0105lygoms. \u012ekrovimo stotel\u0117 gali optimaliai veikti nuo <strong>-30 \u00b0C iki +50 \u00b0C<\/strong>.<\/p>\n<p>Stotel\u0117 palaiko iki <strong>22kW<\/strong> (32A) \u00a0\u012fkrovimo gali\u0105 ir gali veikti tiek su vienfaze, tiek trifaze srove. Turint trifaz\u012f \u012fvad\u0105 galima \u017eenkliai suma\u017einti elektromobilio \u012fkrovimo laik\u0105. Prietaise taip pat integruotas 6,5 metr\u0173 ilgio <strong>Type 2<\/strong> kabelis, suteikiantis patogumo kasdieniam naudojimui.<\/p>\n<p>\u012ekrovimo stotel\u0117 taip pat turi integruotas <strong>pa\u017eangias apkrovos valdymo funkcijas<\/strong> \u2013 <strong>dinamin\u012f apkrovos valdym\u0105<\/strong> (DLM) ir <strong>dinamin\u012f fazi\u0173 valdym\u0105<\/strong> (DPM). Abi funkcijos automati\u0161kai reguliuoja \u012fkrovimo gali\u0105 pagal bendr\u0105 pastato elektros suvartojim\u0105. Funkcij\u0173 reakcijos laikas \u2013 grei\u010diau nei 50 ms tod\u0117l <strong>stabilus ir saugus veikimas<\/strong> net esant didelei apkrovai yra garantuojamas. Tai ypa\u010d svarbu norint i\u0161vengti tinklo perkrovimo.<\/p>\n<p>Prietaisas palaiko OCPP 1.6 ir OCPP 2.0 protokolus, tad gali b\u016bti integruojama \u012f vie\u0161as ir \u012f pusiau vie\u0161as \u012fkrovimo valdymo sistemas. Naudotojo autentifikacija yra vykdoma per <strong>RFID<\/strong> kortel\u0119 arba per <strong>VOOL program\u0117l\u0119<\/strong>, su kuria galima patogiai valdyti \u012fkrovimo sesijas, steb\u0117ti energijos suvartojim\u0105, ir kontroliuoti prieig\u0105.<\/p>\n<p>Technin\u0117s specifikacijos:<\/p>\n<ul>\n<li>Iki 22 kW krovimo galios<\/li>\n<li>Atsparumas aplinkai IP55\/IK10<\/li>\n<li>Darbin\u0117 temperat\u016bra -30&#8230;+50 C<\/li>\n<li>Prisijungimas &#8211; 4G, Wi-fi, Ethernet ry\u0161ys<\/li>\n<li>Spalva &#8211; med\u017eio imitacija<\/li>\n<li>Naudotojo atpa\u017einimas &#8211; Radijo da\u017eniu, VOOL program\u0117le<\/li>\n<li>Dinaminis apkrovos valdymas (DLM) &#8211; DLM\u00b9 ir dinaminis fazi\u0173 valdymas (DPM)\u00b9<\/li>\n<li>DLM suveikimo laikas &#8211; Grei\u010diau nei per 50ms\u00b9<\/li>\n<li>Suderinami EVSE protokolai &#8211; OCPP 1.6, OCPP 2.0\u00b2<\/li>\n<li>Elektros energijos apskaita &#8211; Integruota<\/li>\n<li>Aparatin\u0117s programin\u0117s \u012frangos atnaujinimas &#8211; OTA, USB, CAN<\/li>\n<li>Svoris 5,5 kg<\/li>\n<li>6,5m ilgio jungiamasis kabelis<\/li>\n<li>Matmenys 335 x 198 x 112 mm<\/li>\n<li>Standartin\u0117 garantija \u2013 5 metai.<\/li>\n<\/ul>\n<p>&nbsp;<\/p>\n<p><a href=\"http:\/\/solaroutlet.lt\/wp-content\/uploads\/2024\/09\/VOOL-ikrovimo-stoteles-specifikacijos-EN.pdf\" target=\"_blank\" rel=\"noopener\">\u27a1\ufe0fVOOL \u012fkrovimo stotel\u0117s specifikacijos EN<\/a><\/p>\n<p><a href=\"http:\/\/solaroutlet.lt\/wp-content\/uploads\/2024\/09\/VOOL-ikrovimo-stoteles-specifikacijos-LT.pdf\" target=\"_blank\" rel=\"noopener\">\u27a1\ufe0fVOOL \u012fkrovimo stotel\u0117s specifikacijos LT<\/a><\/p>\n","protected":false},"excerpt":{"rendered":"<p>Vool \u2013 tai auk\u0161\u010diausios kokyb\u0117s elektromobili\u0173 \u012fkrovimo stotel\u0117, sukurta siekiant maksimalaus patogumo, efektyvumo ir saugumo. Inovatyvi technologija leid\u017eia optimaliai valdyti \u012fkrovim\u0105, taupant energij\u0105 ir pritaikant j\u0105 pagal vartotojo poreikius.<br \/>\n\u012ekrovimo stotel\u0117 turi 22 kW galios, trifaz\u0117, turi greit\u0105j\u012f \u012fkrovim\u0105, tad savo elektromobil\u012f \u012fkrausite per kelet\u0105 valand\u0173. Turi i\u0161man\u0173 energijos balansavim\u0105 \u2013 prisitaiko prie elektros tinklo apkrovos. Patikimas ir saugus \u2013 integruota apsauga nuo perkrov\u0173 ir vir\u0161\u012ftampi\u0173. Modernus dizainas \u2013 kompakti\u0161kas ir eleganti\u0161kas sprendimas bet kokiai aplinkai. Turi valdym\u0105 per mobili\u0105j\u0105 program\u0117l\u0119 \u2013 patogus \u012fkrovimo planavimas ir steb\u0117jimas. Auk\u0161\u010diausia kokyb\u0117 \u2013 pagaminta i\u0161 ilgaam\u017ei\u0173 ir patvari\u0173 med\u017eiag\u0173. Skirta naudoti privatiems vartotojams, norintiems patikimos nam\u0173 \u012fkrovimo stotel\u0117s, taip pat verslui ir \u012fmon\u0117ms, siekian\u010dioms \u012frengti efektyvi\u0105 EV \u012fkrovimo infrastrukt\u016br\u0105, bei vie\u0161osioms ir bendruomenin\u0117ms erdv\u0117ms.<\/p>\n","protected":false},"featured_media":7283,"comment_status":"open","ping_status":"closed","template":"","meta":{"_acf_changed":false,"om_disable_all_campaigns":false,"_uf_show_specific_survey":0,"_uf_disable_surveys":false},"pwb-brand":[259],"gamintojas":[260],"product_brand":[],"product_cat":[110],"product_tag":[],"class_list":{"0":"post-7282","1":"product","2":"type-product","3":"status-publish","4":"has-post-thumbnail","6":"pwb-brand-vool","7":"gamintojas-vool","8":"product_cat-krovimo-stoteles","9":"product_shipping_class-c-pristatymo-klase","10":"pa_galia-22-kw","12":"first","13":"instock","14":"sale","15":"taxable","16":"shipping-taxable","17":"purchasable","18":"product-type-simple"},"acf":[],"aioseo_notices":[],"brands":[{"id":259,"name":"VOOL","slug":"vool"}],"_links":{"self":[{"href":"https:\/\/solaroutlet.lt\/en\/wp-json\/wp\/v2\/product\/7282","targetHints":{"allow":["GET"]}}],"collection":[{"href":"https:\/\/solaroutlet.lt\/en\/wp-json\/wp\/v2\/product"}],"about":[{"href":"https:\/\/solaroutlet.lt\/en\/wp-json\/wp\/v2\/types\/product"}],"replies":[{"embeddable":true,"href":"https:\/\/solaroutlet.lt\/en\/wp-json\/wp\/v2\/comments?post=7282"}],"wp:featuredmedia":[{"embeddable":true,"href":"https:\/\/solaroutlet.lt\/en\/wp-json\/wp\/v2\/media\/7283"}],"wp:attachment":[{"href":"https:\/\/solaroutlet.lt\/en\/wp-json\/wp\/v2\/media?parent=7282"}],"wp:term":[{"taxonomy":"pwb-brand","embeddable":true,"href":"https:\/\/solaroutlet.lt\/en\/wp-json\/wp\/v2\/pwb-brand?post=7282"},{"taxonomy":"gamintojas","embeddable":true,"href":"https:\/\/solaroutlet.lt\/en\/wp-json\/wp\/v2\/gamintojas?post=7282"},{"taxonomy":"product_brand","embeddable":true,"href":"https:\/\/solaroutlet.lt\/en\/wp-json\/wp\/v2\/product_brand?post=7282"},{"taxonomy":"product_cat","embeddable":true,"href":"https:\/\/solaroutlet.lt\/en\/wp-json\/wp\/v2\/product_cat?post=7282"},{"taxonomy":"product_tag","embeddable":true,"href":"https:\/\/solaroutlet.lt\/en\/wp-json\/wp\/v2\/product_tag?post=7282"}],"curies":[{"name":"wp","href":"https:\/\/api.w.org\/{rel}","templated":true}]}}