{"id":7292,"date":"2024-09-25T10:15:57","date_gmt":"2024-09-25T07:15:57","guid":{"rendered":"https:\/\/solaroutlet.lt\/?post_type=product&#038;p=7292"},"modified":"2025-12-10T09:46:28","modified_gmt":"2025-12-10T06:46:28","slug":"gorenje-titan26-cj-oro-kondicionieriaus-26-3-kw-vidine-dalis-cj","status":"publish","type":"product","link":"https:\/\/solaroutlet.lt\/en\/produktas\/gorenje-titan26-cj-oro-kondicionieriaus-26-3-kw-vidine-dalis-cj\/","title":{"rendered":"Gorenje TITAN26IN CJ oro kondicionieriaus 2,6\/3 kW vidin\u0117 dalis"},"content":{"rendered":"<ul>\n<li>Galingumas \u0161aldymo 2,6 kW<\/li>\n<li>Galingumas \u0161ildymo 3 kW<\/li>\n<li>\u0160ildymas iki -22\u00b0C<\/li>\n<li>Nuimamas ir plaunamas skydelis<\/li>\n<\/ul>\n<p><a href=\"http:\/\/solaroutlet.lt\/wp-content\/uploads\/2024\/09\/Gorenje-Titan.pdf\" target=\"_blank\" rel=\"noopener\">\u27a1\ufe0fTechniniai duomenys \u010dia<\/a><\/p>\n","protected":false},"excerpt":{"rendered":"<p>Galingumas \u0161aldymo 2,6 kW Galingumas \u0161ildymo 3 kW \u0160ildymas iki -22\u00b0C Nuimamas ir plaunamas skydelis \u27a1\ufe0fTechniniai duomenys \u010dia<\/p>\n","protected":false},"featured_media":7296,"comment_status":"open","ping_status":"closed","template":"","meta":{"_acf_changed":false,"om_disable_all_campaigns":false,"_uf_show_specific_survey":0,"_uf_disable_surveys":false},"pwb-brand":[262],"gamintojas":[264],"product_brand":[],"product_cat":[270,267],"product_tag":[263],"class_list":{"0":"post-7292","1":"product","2":"type-product","3":"status-publish","4":"has-post-thumbnail","6":"pwb-brand-gorenje","7":"gamintojas-gorenje","8":"product_cat-oras-oras","9":"product_cat-silumos-siurbliai","10":"product_tag-gorenje","11":"product_shipping_class-e-pristatymo-klase","13":"first","14":"instock","15":"taxable","16":"shipping-taxable","17":"purchasable","18":"product-type-simple"},"acf":[],"aioseo_notices":[],"brands":[{"id":262,"name":"Gorenje","slug":"gorenje"}],"_links":{"self":[{"href":"https:\/\/solaroutlet.lt\/en\/wp-json\/wp\/v2\/product\/7292","targetHints":{"allow":["GET"]}}],"collection":[{"href":"https:\/\/solaroutlet.lt\/en\/wp-json\/wp\/v2\/product"}],"about":[{"href":"https:\/\/solaroutlet.lt\/en\/wp-json\/wp\/v2\/types\/product"}],"replies":[{"embeddable":true,"href":"https:\/\/solaroutlet.lt\/en\/wp-json\/wp\/v2\/comments?post=7292"}],"wp:featuredmedia":[{"embeddable":true,"href":"https:\/\/solaroutlet.lt\/en\/wp-json\/wp\/v2\/media\/7296"}],"wp:attachment":[{"href":"https:\/\/solaroutlet.lt\/en\/wp-json\/wp\/v2\/media?parent=7292"}],"wp:term":[{"taxonomy":"pwb-brand","embeddable":true,"href":"https:\/\/solaroutlet.lt\/en\/wp-json\/wp\/v2\/pwb-brand?post=7292"},{"taxonomy":"gamintojas","embeddable":true,"href":"https:\/\/solaroutlet.lt\/en\/wp-json\/wp\/v2\/gamintojas?post=7292"},{"taxonomy":"product_brand","embeddable":true,"href":"https:\/\/solaroutlet.lt\/en\/wp-json\/wp\/v2\/product_brand?post=7292"},{"taxonomy":"product_cat","embeddable":true,"href":"https:\/\/solaroutlet.lt\/en\/wp-json\/wp\/v2\/product_cat?post=7292"},{"taxonomy":"product_tag","embeddable":true,"href":"https:\/\/solaroutlet.lt\/en\/wp-json\/wp\/v2\/product_tag?post=7292"}],"curies":[{"name":"wp","href":"https:\/\/api.w.org\/{rel}","templated":true}]}}