{"id":7304,"date":"2024-09-25T10:39:53","date_gmt":"2024-09-25T07:39:53","guid":{"rendered":"https:\/\/solaroutlet.lt\/?post_type=product&#038;p=7304"},"modified":"2025-12-10T09:45:51","modified_gmt":"2025-12-10T06:45:51","slug":"gorenje-titan26out-cj-oro-kondicionieriaus-26-3-kw-isorine-dalis","status":"publish","type":"product","link":"https:\/\/solaroutlet.lt\/en\/produktas\/gorenje-titan26out-cj-oro-kondicionieriaus-26-3-kw-isorine-dalis\/","title":{"rendered":"Gorenje TITAN26OUT CJ oro kondicionieriaus 2,6\/3 kW i\u0161orin\u0117 dalis"},"content":{"rendered":"<ul>\n<li>Darbin\u0117 temperat\u016bra (\u0161aldymo) nuo <span class=\"product-parameter-edit\"><span class=\"ng-binding ng-scope\">-15\u00a0 iki\u00a0 50 \u00b0C<\/span><\/span><\/li>\n<li>Darbin\u0117 temperat\u016bra (\u0161ildymo) nuo\u00a0<span class=\"product-parameter-edit\"><span class=\"ng-binding ng-scope\">-22\u00a0 iki\u00a0 24 \u00b0C<\/span><\/span><\/li>\n<li>Galingumas \u0161aldymo 2,6 kW<\/li>\n<li>Galingumas \u0161ildymo 3 kW<\/li>\n<li>\u0160ildymas iki -22\u00b0C<\/li>\n<li>Garantija 24 m\u0117n.<\/li>\n<\/ul>\n<p><a href=\"http:\/\/solaroutlet.lt\/wp-content\/uploads\/2024\/09\/Gorenje-Titan.pdf\" target=\"_blank\" rel=\"noopener\">\u27a1\ufe0fTechniniai duomenys \u010dia<\/a><\/p>\n","protected":false},"excerpt":{"rendered":"<p>Darbin\u0117 temperat\u016bra (\u0161aldymo) nuo -15\u00a0 iki\u00a0 50 \u00b0C Darbin\u0117 temperat\u016bra (\u0161ildymo) nuo\u00a0-22\u00a0 iki\u00a0 24 \u00b0C Galingumas \u0161aldymo 2,6 kW Galingumas \u0161ildymo 3 kW \u0160ildymas iki -22\u00b0C Garantija 24 m\u0117n. \u27a1\ufe0fTechniniai duomenys \u010dia<\/p>\n","protected":false},"featured_media":7305,"comment_status":"open","ping_status":"closed","template":"","meta":{"_acf_changed":false,"om_disable_all_campaigns":false,"_uf_show_specific_survey":0,"_uf_disable_surveys":false},"pwb-brand":[262],"gamintojas":[264],"product_brand":[],"product_cat":[270,267],"product_tag":[],"class_list":{"0":"post-7304","1":"product","2":"type-product","3":"status-publish","4":"has-post-thumbnail","6":"pwb-brand-gorenje","7":"gamintojas-gorenje","8":"product_cat-oras-oras","9":"product_cat-silumos-siurbliai","10":"product_shipping_class-e-pristatymo-klase","12":"first","13":"instock","14":"taxable","15":"shipping-taxable","16":"purchasable","17":"product-type-simple"},"acf":[],"aioseo_notices":[],"brands":[{"id":262,"name":"Gorenje","slug":"gorenje"}],"_links":{"self":[{"href":"https:\/\/solaroutlet.lt\/en\/wp-json\/wp\/v2\/product\/7304","targetHints":{"allow":["GET"]}}],"collection":[{"href":"https:\/\/solaroutlet.lt\/en\/wp-json\/wp\/v2\/product"}],"about":[{"href":"https:\/\/solaroutlet.lt\/en\/wp-json\/wp\/v2\/types\/product"}],"replies":[{"embeddable":true,"href":"https:\/\/solaroutlet.lt\/en\/wp-json\/wp\/v2\/comments?post=7304"}],"wp:featuredmedia":[{"embeddable":true,"href":"https:\/\/solaroutlet.lt\/en\/wp-json\/wp\/v2\/media\/7305"}],"wp:attachment":[{"href":"https:\/\/solaroutlet.lt\/en\/wp-json\/wp\/v2\/media?parent=7304"}],"wp:term":[{"taxonomy":"pwb-brand","embeddable":true,"href":"https:\/\/solaroutlet.lt\/en\/wp-json\/wp\/v2\/pwb-brand?post=7304"},{"taxonomy":"gamintojas","embeddable":true,"href":"https:\/\/solaroutlet.lt\/en\/wp-json\/wp\/v2\/gamintojas?post=7304"},{"taxonomy":"product_brand","embeddable":true,"href":"https:\/\/solaroutlet.lt\/en\/wp-json\/wp\/v2\/product_brand?post=7304"},{"taxonomy":"product_cat","embeddable":true,"href":"https:\/\/solaroutlet.lt\/en\/wp-json\/wp\/v2\/product_cat?post=7304"},{"taxonomy":"product_tag","embeddable":true,"href":"https:\/\/solaroutlet.lt\/en\/wp-json\/wp\/v2\/product_tag?post=7304"}],"curies":[{"name":"wp","href":"https:\/\/api.w.org\/{rel}","templated":true}]}}