{"id":7412,"date":"2024-10-14T08:59:25","date_gmt":"2024-10-14T05:59:25","guid":{"rendered":"https:\/\/solaroutlet.lt\/?post_type=product&#038;p=7412"},"modified":"2025-08-26T11:59:31","modified_gmt":"2025-08-26T08:59:31","slug":"pagrindo-lovelis-150-30-mm-su-apsauginiu-sluoksniu-6-m","status":"publish","type":"product","link":"https:\/\/solaroutlet.lt\/en\/produktas\/pagrindo-lovelis-150-30-mm-su-apsauginiu-sluoksniu-6-m\/","title":{"rendered":"Novotegra b\u0117gelis plok\u0161\u010diam stogui 150-30 mm, su apsauginiu sluoksniu, 6 m."},"content":{"rendered":"<ul>\n<li>I\u0161matavimai &#8211; 150x30x120 mm.<\/li>\n<li>Ilgis &#8211; 6 m.<\/li>\n<li>Svoris &#8211; 6,14 kg.<\/li>\n<li>Lygiam stogui.<\/li>\n<li><a href=\"http:\/\/solaroutlet.lt\/wp-content\/uploads\/2024\/10\/Flat-roof-system-east-west-I-for-gravel.pdf\">Flat roof system east-west I for gravel<\/a><\/li>\n<li><a href=\"http:\/\/solaroutlet.lt\/wp-content\/uploads\/2024\/10\/Flat-roof-system-east-west-II-on-foil.pdf\">Flat roof system east-west II on foil<\/a><\/li>\n<li><a href=\"http:\/\/solaroutlet.lt\/wp-content\/uploads\/2024\/10\/Flat-roof-system-closed-I.pdf\">Flat roof system closed I<\/a><\/li>\n<li><a href=\"http:\/\/solaroutlet.lt\/wp-content\/uploads\/2024\/10\/Flat-roof-system-closed-II.pdf\">Flat roof system closed II<\/a><\/li>\n<\/ul>\n","protected":false},"excerpt":{"rendered":"<p>I\u0161matavimai &#8211; 150x30x120 mm. Ilgis &#8211; 6 m. Svoris &#8211; 6,14 kg. Lygiam stogui. Flat roof system east-west I for gravel Flat roof system east-west II on foil Flat roof system closed I Flat roof system closed II<\/p>\n","protected":false},"featured_media":7413,"comment_status":"open","ping_status":"closed","template":"","meta":{"_acf_changed":false,"om_disable_all_campaigns":false,"_uf_show_specific_survey":0,"_uf_disable_surveys":false},"pwb-brand":[257],"gamintojas":[258],"product_brand":[],"product_cat":[123],"product_tag":[],"class_list":{"0":"post-7412","1":"product","2":"type-product","3":"status-publish","4":"has-post-thumbnail","6":"pwb-brand-novotegra","7":"gamintojas-novotegra","8":"product_cat-tvirtinimo-konstruktyvai","9":"product_shipping_class-h-pristatymo-klase","11":"first","12":"instock","13":"taxable","14":"shipping-taxable","15":"purchasable","16":"product-type-simple"},"acf":[],"aioseo_notices":[],"brands":[{"id":257,"name":"Novotegra","slug":"novotegra"}],"_links":{"self":[{"href":"https:\/\/solaroutlet.lt\/en\/wp-json\/wp\/v2\/product\/7412","targetHints":{"allow":["GET"]}}],"collection":[{"href":"https:\/\/solaroutlet.lt\/en\/wp-json\/wp\/v2\/product"}],"about":[{"href":"https:\/\/solaroutlet.lt\/en\/wp-json\/wp\/v2\/types\/product"}],"replies":[{"embeddable":true,"href":"https:\/\/solaroutlet.lt\/en\/wp-json\/wp\/v2\/comments?post=7412"}],"wp:featuredmedia":[{"embeddable":true,"href":"https:\/\/solaroutlet.lt\/en\/wp-json\/wp\/v2\/media\/7413"}],"wp:attachment":[{"href":"https:\/\/solaroutlet.lt\/en\/wp-json\/wp\/v2\/media?parent=7412"}],"wp:term":[{"taxonomy":"pwb-brand","embeddable":true,"href":"https:\/\/solaroutlet.lt\/en\/wp-json\/wp\/v2\/pwb-brand?post=7412"},{"taxonomy":"gamintojas","embeddable":true,"href":"https:\/\/solaroutlet.lt\/en\/wp-json\/wp\/v2\/gamintojas?post=7412"},{"taxonomy":"product_brand","embeddable":true,"href":"https:\/\/solaroutlet.lt\/en\/wp-json\/wp\/v2\/product_brand?post=7412"},{"taxonomy":"product_cat","embeddable":true,"href":"https:\/\/solaroutlet.lt\/en\/wp-json\/wp\/v2\/product_cat?post=7412"},{"taxonomy":"product_tag","embeddable":true,"href":"https:\/\/solaroutlet.lt\/en\/wp-json\/wp\/v2\/product_tag?post=7412"}],"curies":[{"name":"wp","href":"https:\/\/api.w.org\/{rel}","templated":true}]}}