{"id":7423,"date":"2024-10-14T09:05:29","date_gmt":"2024-10-14T06:05:29","guid":{"rendered":"https:\/\/solaroutlet.lt\/?post_type=product&#038;p=7423"},"modified":"2025-08-26T11:58:30","modified_gmt":"2025-08-26T08:58:30","slug":"begelio-ploksciam-stogui-jungtys-150-30","status":"publish","type":"product","link":"https:\/\/solaroutlet.lt\/en\/produktas\/begelio-ploksciam-stogui-jungtys-150-30\/","title":{"rendered":"Novotegra b\u0117gelio plok\u0161\u010diam stogui jungtys 150-30"},"content":{"rendered":"<ul>\n<li>I\u0161matavimai \u2013 16&#215;26 mm.<\/li>\n<li>Svoris \u2013 0,316 kg.<\/li>\n<li>Lygiam stogui.<\/li>\n<li><a href=\"http:\/\/solaroutlet.lt\/wp-content\/uploads\/2024\/10\/Flat-roof-system-east-west-I-for-gravel.pdf\">Flat roof system east-west I for gravel<\/a><\/li>\n<li><a href=\"http:\/\/solaroutlet.lt\/wp-content\/uploads\/2024\/10\/Flat-roof-system-east-west-II-on-foil.pdf\">Flat roof system east-west II on foil<\/a><\/li>\n<li><a href=\"http:\/\/solaroutlet.lt\/wp-content\/uploads\/2024\/10\/Flat-roof-system-closed-I.pdf\">Flat roof system closed I<\/a><\/li>\n<li><a href=\"http:\/\/solaroutlet.lt\/wp-content\/uploads\/2024\/10\/Flat-roof-system-closed-II.pdf\">Flat roof system closed II<\/a><\/li>\n<\/ul>\n","protected":false},"excerpt":{"rendered":"<p>I\u0161matavimai \u2013 16&#215;26 mm. Svoris \u2013 0,316 kg. Lygiam stogui. Flat roof system east-west I for gravel Flat roof system east-west II on foil Flat roof system closed I Flat roof system closed II<\/p>\n","protected":false},"featured_media":7424,"comment_status":"open","ping_status":"closed","template":"","meta":{"_acf_changed":false,"om_disable_all_campaigns":false,"_uf_show_specific_survey":0,"_uf_disable_surveys":false},"pwb-brand":[257],"gamintojas":[258],"product_brand":[],"product_cat":[123],"product_tag":[],"class_list":{"0":"post-7423","1":"product","2":"type-product","3":"status-publish","4":"has-post-thumbnail","6":"pwb-brand-novotegra","7":"gamintojas-novotegra","8":"product_cat-tvirtinimo-konstruktyvai","9":"product_shipping_class-b-pristatymo-klase","11":"first","12":"instock","13":"taxable","14":"shipping-taxable","15":"purchasable","16":"product-type-simple"},"acf":[],"aioseo_notices":[],"brands":[{"id":257,"name":"Novotegra","slug":"novotegra"}],"_links":{"self":[{"href":"https:\/\/solaroutlet.lt\/en\/wp-json\/wp\/v2\/product\/7423","targetHints":{"allow":["GET"]}}],"collection":[{"href":"https:\/\/solaroutlet.lt\/en\/wp-json\/wp\/v2\/product"}],"about":[{"href":"https:\/\/solaroutlet.lt\/en\/wp-json\/wp\/v2\/types\/product"}],"replies":[{"embeddable":true,"href":"https:\/\/solaroutlet.lt\/en\/wp-json\/wp\/v2\/comments?post=7423"}],"wp:featuredmedia":[{"embeddable":true,"href":"https:\/\/solaroutlet.lt\/en\/wp-json\/wp\/v2\/media\/7424"}],"wp:attachment":[{"href":"https:\/\/solaroutlet.lt\/en\/wp-json\/wp\/v2\/media?parent=7423"}],"wp:term":[{"taxonomy":"pwb-brand","embeddable":true,"href":"https:\/\/solaroutlet.lt\/en\/wp-json\/wp\/v2\/pwb-brand?post=7423"},{"taxonomy":"gamintojas","embeddable":true,"href":"https:\/\/solaroutlet.lt\/en\/wp-json\/wp\/v2\/gamintojas?post=7423"},{"taxonomy":"product_brand","embeddable":true,"href":"https:\/\/solaroutlet.lt\/en\/wp-json\/wp\/v2\/product_brand?post=7423"},{"taxonomy":"product_cat","embeddable":true,"href":"https:\/\/solaroutlet.lt\/en\/wp-json\/wp\/v2\/product_cat?post=7423"},{"taxonomy":"product_tag","embeddable":true,"href":"https:\/\/solaroutlet.lt\/en\/wp-json\/wp\/v2\/product_tag?post=7423"}],"curies":[{"name":"wp","href":"https:\/\/api.w.org\/{rel}","templated":true}]}}