{"id":7435,"date":"2024-10-14T10:00:11","date_gmt":"2024-10-14T07:00:11","guid":{"rendered":"https:\/\/solaroutlet.lt\/?post_type=product&#038;p=7435"},"modified":"2025-08-26T11:58:14","modified_gmt":"2025-08-26T08:58:14","slug":"plokscio-stogo-virsutine-modulio-atrama-13-150-30","status":"publish","type":"product","link":"https:\/\/solaroutlet.lt\/en\/produktas\/plokscio-stogo-virsutine-modulio-atrama-13-150-30\/","title":{"rendered":"Novotegra plok\u0161\u010dio stogo vir\u0161utin\u0117 modulio atrama 13\u00b0 150-30"},"content":{"rendered":"<ul>\n<li>I\u0161matavimai \u2013 260x104x60 mm.<\/li>\n<li>Svoris \u2013 0,354 kg.<\/li>\n<li>Lygiam stogui.<\/li>\n<li><a href=\"http:\/\/solaroutlet.lt\/wp-content\/uploads\/2024\/10\/Novotegra-mounting-overview-pitched-roof.pdf\">Novotegra mounting overview-pitched roof<\/a><\/li>\n<\/ul>\n","protected":false},"excerpt":{"rendered":"<p>I\u0161matavimai \u2013 260x104x60 mm. Svoris \u2013 0,354 kg. Lygiam stogui. Novotegra mounting overview-pitched roof<\/p>\n","protected":false},"featured_media":7436,"comment_status":"open","ping_status":"closed","template":"","meta":{"_acf_changed":false,"om_disable_all_campaigns":false,"_uf_show_specific_survey":0,"_uf_disable_surveys":false},"pwb-brand":[257],"gamintojas":[258],"product_brand":[],"product_cat":[123],"product_tag":[],"class_list":{"0":"post-7435","1":"product","2":"type-product","3":"status-publish","4":"has-post-thumbnail","6":"pwb-brand-novotegra","7":"gamintojas-novotegra","8":"product_cat-tvirtinimo-konstruktyvai","9":"product_shipping_class-b-pristatymo-klase","11":"first","12":"instock","13":"taxable","14":"shipping-taxable","15":"purchasable","16":"product-type-simple"},"acf":[],"aioseo_notices":[],"brands":[{"id":257,"name":"Novotegra","slug":"novotegra"}],"_links":{"self":[{"href":"https:\/\/solaroutlet.lt\/en\/wp-json\/wp\/v2\/product\/7435","targetHints":{"allow":["GET"]}}],"collection":[{"href":"https:\/\/solaroutlet.lt\/en\/wp-json\/wp\/v2\/product"}],"about":[{"href":"https:\/\/solaroutlet.lt\/en\/wp-json\/wp\/v2\/types\/product"}],"replies":[{"embeddable":true,"href":"https:\/\/solaroutlet.lt\/en\/wp-json\/wp\/v2\/comments?post=7435"}],"wp:featuredmedia":[{"embeddable":true,"href":"https:\/\/solaroutlet.lt\/en\/wp-json\/wp\/v2\/media\/7436"}],"wp:attachment":[{"href":"https:\/\/solaroutlet.lt\/en\/wp-json\/wp\/v2\/media?parent=7435"}],"wp:term":[{"taxonomy":"pwb-brand","embeddable":true,"href":"https:\/\/solaroutlet.lt\/en\/wp-json\/wp\/v2\/pwb-brand?post=7435"},{"taxonomy":"gamintojas","embeddable":true,"href":"https:\/\/solaroutlet.lt\/en\/wp-json\/wp\/v2\/gamintojas?post=7435"},{"taxonomy":"product_brand","embeddable":true,"href":"https:\/\/solaroutlet.lt\/en\/wp-json\/wp\/v2\/product_brand?post=7435"},{"taxonomy":"product_cat","embeddable":true,"href":"https:\/\/solaroutlet.lt\/en\/wp-json\/wp\/v2\/product_cat?post=7435"},{"taxonomy":"product_tag","embeddable":true,"href":"https:\/\/solaroutlet.lt\/en\/wp-json\/wp\/v2\/product_tag?post=7435"}],"curies":[{"name":"wp","href":"https:\/\/api.w.org\/{rel}","templated":true}]}}