{"id":7565,"date":"2024-11-18T10:30:13","date_gmt":"2024-11-18T07:30:13","guid":{"rendered":"https:\/\/solaroutlet.lt\/?post_type=product&#038;p=7565"},"modified":"2026-02-19T16:25:44","modified_gmt":"2026-02-19T13:25:44","slug":"silumos-siurblys-oras-vanduo-iglu-inuit-6-wti","status":"publish","type":"product","link":"https:\/\/solaroutlet.lt\/en\/produktas\/silumos-siurblys-oras-vanduo-iglu-inuit-6-wti\/","title":{"rendered":"IGLU Inuit 6 WTI \u0161ilumos siurblys oras-vanduo"},"content":{"rendered":"<p><em><strong>IGLU Inuit 6 WTI \u0161ilumos siurblys oras-vanduo su integruotu vandens \u0161ildytuvu:<\/strong><\/em><\/p>\n<ul>\n<li>Tipas &#8211; vienfazis;<\/li>\n<li>Kategorija &#8211; kintamos galios \u0161ilumos siurbliai;<\/li>\n<li>Vidinis blokas &#8211; IGLU Inuit 6 WTSIU;<\/li>\n<li>Matmenys &#8211; 1650x600x625;<\/li>\n<li>Vandens \u0161ildytuvas &#8211; su vandens \u0161ildytuvu (200 l);<\/li>\n<li>Garso lygis &#8211; 26 dB;<\/li>\n<li>I\u0161orinis blokas &#8211; IGLU Inuit 6 ISOU;<\/li>\n<li>Gabaritiniai matmenys &#8211; 880x638x310;<\/li>\n<li>\u0160ilumin\u0117 galia &#8211; 6 kW;<\/li>\n<li>\u0160aldymo galia (A35\/W18) &#8211; 6,5 kW;<\/li>\n<li>COP (A7\/W35) &#8211; 4,92;<\/li>\n<li>EER (A35\/W18) &#8211; 4,42;<\/li>\n<li>\u0160altne\u0161is &#8211; R32;<\/li>\n<\/ul>\n<p>&nbsp;<\/p>\n<p>&nbsp;<\/p>\n<p><strong>TECHNINIAI DUOMENYS ATSISIUNTIMUI:<\/strong><\/p>\n<p><strong>\u27a1\ufe0f<a href=\"http:\/\/solaroutlet.lt\/wp-content\/uploads\/2024\/11\/IGLU-INUIT-TECHNINIAI-DUOMENYS.pdf\" target=\"_blank\" rel=\"noopener\">IGLU-INUIT-TECHNINIAI-DUOMENYS<\/a><\/strong><\/p>\n","protected":false},"excerpt":{"rendered":"<p>IGLU\u00ae Inuit \u0161ilumos siurbliai nam\u0173 \u0161ildymui, v\u0117sinimui ir kar\u0161to vandens ruo\u0161imui naudoja or\u0105, kur\u012f perduoda i\u0161 vienos<br \/>\naplinkos \u012f kit\u0105. Net esant \u017eemai lauko temperat\u016brai i\u0161 oro yra i\u0161gaunama \u0161iluma ir nukreipiama \u012f pastato vid\u0173.<\/p>\n<p>V\u0117sinant vyksta atvirk\u0161tinis procesas \u2013 patalpose susikaupusi \u0161iluma, siurblio pagalba yra perduodama \u012f lauk\u0105.<\/p>\n<p><a href=\"https:\/\/www.ena.lt\/inpa-katilokeita\/\"><img fetchpriority=\"high\" decoding=\"async\" class=\"size-full wp-image-2593\" src=\"https:\/\/iglutech.eu\/wp-content\/uploads\/Lietuvos-energetikos-agentura-finansavimas.png\" alt=\"tinka apva paramai\" width=\"350\" height=\"200\" \/><\/a><\/p>\n<p><span class=\"sku_wrapper\">Produkto kodas:\u00a0<span class=\"sku\">IGLUINUIT6WTI<\/span><\/span><\/p>\n<p><span class=\"posted_in\">Kategorijos: Buitiniai, oras-vanduo inverteriniai su vandens \u0161ildytuvu\u00a0<\/span><\/p>\n","protected":false},"featured_media":7566,"comment_status":"open","ping_status":"closed","template":"","meta":{"_acf_changed":false,"om_disable_all_campaigns":false,"_uf_show_specific_survey":0,"_uf_disable_surveys":false},"pwb-brand":[194],"gamintojas":[185],"product_brand":[],"product_cat":[268,267],"product_tag":[],"class_list":{"0":"post-7565","1":"product","2":"type-product","3":"status-publish","4":"has-post-thumbnail","6":"pwb-brand-iglu","7":"gamintojas-iglu","8":"product_cat-oras-vanduo","9":"product_cat-silumos-siurbliai","10":"product_shipping_class-f-pristatymo-klase","12":"first","13":"onbackorder","14":"taxable","15":"shipping-taxable","16":"purchasable","17":"product-type-simple"},"acf":[],"aioseo_notices":[],"brands":[{"id":194,"name":"IGLU TECH","slug":"iglu"}],"_links":{"self":[{"href":"https:\/\/solaroutlet.lt\/en\/wp-json\/wp\/v2\/product\/7565","targetHints":{"allow":["GET"]}}],"collection":[{"href":"https:\/\/solaroutlet.lt\/en\/wp-json\/wp\/v2\/product"}],"about":[{"href":"https:\/\/solaroutlet.lt\/en\/wp-json\/wp\/v2\/types\/product"}],"replies":[{"embeddable":true,"href":"https:\/\/solaroutlet.lt\/en\/wp-json\/wp\/v2\/comments?post=7565"}],"wp:featuredmedia":[{"embeddable":true,"href":"https:\/\/solaroutlet.lt\/en\/wp-json\/wp\/v2\/media\/7566"}],"wp:attachment":[{"href":"https:\/\/solaroutlet.lt\/en\/wp-json\/wp\/v2\/media?parent=7565"}],"wp:term":[{"taxonomy":"pwb-brand","embeddable":true,"href":"https:\/\/solaroutlet.lt\/en\/wp-json\/wp\/v2\/pwb-brand?post=7565"},{"taxonomy":"gamintojas","embeddable":true,"href":"https:\/\/solaroutlet.lt\/en\/wp-json\/wp\/v2\/gamintojas?post=7565"},{"taxonomy":"product_brand","embeddable":true,"href":"https:\/\/solaroutlet.lt\/en\/wp-json\/wp\/v2\/product_brand?post=7565"},{"taxonomy":"product_cat","embeddable":true,"href":"https:\/\/solaroutlet.lt\/en\/wp-json\/wp\/v2\/product_cat?post=7565"},{"taxonomy":"product_tag","embeddable":true,"href":"https:\/\/solaroutlet.lt\/en\/wp-json\/wp\/v2\/product_tag?post=7565"}],"curies":[{"name":"wp","href":"https:\/\/api.w.org\/{rel}","templated":true}]}}