{"id":7612,"date":"2024-11-18T15:32:26","date_gmt":"2024-11-18T12:32:26","guid":{"rendered":"https:\/\/solaroutlet.lt\/?post_type=product&#038;p=7612"},"modified":"2025-12-09T16:51:24","modified_gmt":"2025-12-09T13:51:24","slug":"iglu-aleut-9-pastovios-galios-geoterminis-silumos-siurblys","status":"publish","type":"product","link":"https:\/\/solaroutlet.lt\/en\/produktas\/iglu-aleut-9-pastovios-galios-geoterminis-silumos-siurblys\/","title":{"rendered":"IGLU Aleut 9, pastovios galios geoterminis \u0161ilumos siurblys"},"content":{"rendered":"<p><strong><em>IGLU Aleut 9<\/em><\/strong>, pastovios galios geoterminis \u0161ilumos siurblys (gruntas-vanduo):<\/p>\n<ul>\n<li>Tipas-\u00a0 trifazis;<\/li>\n<li>\u0160ilumin\u0117 galia &#8211; 9,22 kW;<\/li>\n<li>Kategorija &#8211; pastovios galios \u0161ilumos siurblys;<\/li>\n<li>Svoris &#8211; 115 kg.;<\/li>\n<li>Matmenys &#8211; 60x60x110 cm.;<\/li>\n<li>COP &#8211; 4,45;<\/li>\n<li>SCOP &#8211; 5,72;<\/li>\n<li>\u0160altne\u0161io kiekis &#8211; 1,35 kg.<\/li>\n<li>Pagaminti Lietuvoje.<\/li>\n<li>Naudojimas: individual\u016bs gyvenamieji namai ir koted\u017eai.<\/li>\n<\/ul>\n<p>&nbsp;<\/p>\n<p><strong>IGLU geotermini\u0173 \u0161ilumos siurbli\u0173 privalumai:<\/strong><\/p>\n<ul>\n<li>Intuityvi vartotojo s\u0105saja lietuvi\u0173 kalba<\/li>\n<li>Elektroninis agento \u012fpur\u0161kimas<\/li>\n<li>Nuotolinis valdymas ir prie\u017ei\u016bra<\/li>\n<li>Naujausios kartos cirkuliaciniai siurbliai<\/li>\n<li>Spiraliniai kompresoriai<\/li>\n<li>Plok\u0161teliniai \u0161ilumokai\u010diai<\/li>\n<\/ul>\n<p>&nbsp;<\/p>\n<p><strong>TECHNINIAI DUOMENYS ATSISIUNTIMUI:<\/strong><\/p>\n<p><strong>\u27a1\ufe0f<a href=\"http:\/\/solaroutlet.lt\/wp-content\/uploads\/2024\/11\/TECHNINIAI-DUOMENYS-IGLU-ALEUT.pdf\" target=\"_blank\" rel=\"noopener\">TECHNINIAI-DUOMENYS-IGLU-ALEUT.<\/a><\/strong><\/p>\n<p><strong>\u27a1\ufe0f<a href=\"http:\/\/solaroutlet.lt\/wp-content\/uploads\/2024\/11\/IGLU-Aleut-brosiura-LT.pdf\" target=\"_blank\" rel=\"noopener\">IGLU Aleut bro\u0161i\u016bra LT<\/a>.<\/strong><\/p>\n","protected":false},"excerpt":{"rendered":"<div class=\"woocommerce-product-details__short-description\">\n<p>Auk\u0161to efektyvumo geoterminis \u0161ilumos siurblys, skirtas patalp\u0173 \u0161ildymui ir v\u0117sinimui (pasyviam ir aktyviam).<\/p>\n<p>Lietuvoje gaminami \u0161ilumos siurbliai IGLU Aleut, kaip atsinaujinant\u012f \u0161altin\u012f naudoja grunt\u0105, kuriame sukaupta energija \u012f \u0161ildymo\/v\u0117sinimo sistem\u0105 patenka pasitelkus vertikal\u0173 arba horizontal\u0173 lauko kont\u016br\u0105. Taip u\u017etikrinami minimal\u016bs \u0161ildymo ka\u0161tai bei energijos nuostoliai.<\/p>\n<p>IGLU Aleut 9 kW galios \u0161ilumos siurbl\u012f rekomenduojama \u012frengti individualiuose namuose bei koted\u017euose, kuri\u0173 plotas siekia iki 90-200 kvadratini\u0173 metr\u0173.<\/p>\n<p><a href=\"https:\/\/www.ena.lt\/inpa-katilokeita\/\"><img fetchpriority=\"high\" decoding=\"async\" class=\"size-full wp-image-2593\" src=\"https:\/\/iglutech.eu\/wp-content\/uploads\/Lietuvos-energetikos-agentura-finansavimas.png\" alt=\"tinka apva paramai\" width=\"350\" height=\"200\" \/><\/a><\/p>\n<\/div>\n<div class=\"product_meta\"><span class=\"sku_wrapper\">Produkto kodas:\u00a0<span class=\"sku\">IGLUALEUT9<\/span><\/span><\/div>\n<div class=\"product_meta\"><span class=\"posted_in\">Kategorijos: Be vandens \u0161ildytuvo, buitiniai, pastovios galios, \u017eem\u0117-vanduo. <\/span><\/div>\n","protected":false},"featured_media":7600,"comment_status":"open","ping_status":"closed","template":"","meta":{"_acf_changed":false,"om_disable_all_campaigns":false,"_uf_show_specific_survey":0,"_uf_disable_surveys":false},"pwb-brand":[194],"gamintojas":[185],"product_brand":[],"product_cat":[269,267],"product_tag":[],"class_list":{"0":"post-7612","1":"product","2":"type-product","3":"status-publish","4":"has-post-thumbnail","6":"pwb-brand-iglu","7":"gamintojas-iglu","8":"product_cat-gruntas-vanduo","9":"product_cat-silumos-siurbliai","10":"product_shipping_class-f-pristatymo-klase","12":"first","13":"onbackorder","14":"taxable","15":"shipping-taxable","16":"purchasable","17":"product-type-simple"},"acf":[],"aioseo_notices":[],"brands":[{"id":194,"name":"IGLU TECH","slug":"iglu"}],"_links":{"self":[{"href":"https:\/\/solaroutlet.lt\/en\/wp-json\/wp\/v2\/product\/7612","targetHints":{"allow":["GET"]}}],"collection":[{"href":"https:\/\/solaroutlet.lt\/en\/wp-json\/wp\/v2\/product"}],"about":[{"href":"https:\/\/solaroutlet.lt\/en\/wp-json\/wp\/v2\/types\/product"}],"replies":[{"embeddable":true,"href":"https:\/\/solaroutlet.lt\/en\/wp-json\/wp\/v2\/comments?post=7612"}],"wp:featuredmedia":[{"embeddable":true,"href":"https:\/\/solaroutlet.lt\/en\/wp-json\/wp\/v2\/media\/7600"}],"wp:attachment":[{"href":"https:\/\/solaroutlet.lt\/en\/wp-json\/wp\/v2\/media?parent=7612"}],"wp:term":[{"taxonomy":"pwb-brand","embeddable":true,"href":"https:\/\/solaroutlet.lt\/en\/wp-json\/wp\/v2\/pwb-brand?post=7612"},{"taxonomy":"gamintojas","embeddable":true,"href":"https:\/\/solaroutlet.lt\/en\/wp-json\/wp\/v2\/gamintojas?post=7612"},{"taxonomy":"product_brand","embeddable":true,"href":"https:\/\/solaroutlet.lt\/en\/wp-json\/wp\/v2\/product_brand?post=7612"},{"taxonomy":"product_cat","embeddable":true,"href":"https:\/\/solaroutlet.lt\/en\/wp-json\/wp\/v2\/product_cat?post=7612"},{"taxonomy":"product_tag","embeddable":true,"href":"https:\/\/solaroutlet.lt\/en\/wp-json\/wp\/v2\/product_tag?post=7612"}],"curies":[{"name":"wp","href":"https:\/\/api.w.org\/{rel}","templated":true}]}}