{"id":7668,"date":"2024-11-21T15:34:35","date_gmt":"2024-11-21T12:34:35","guid":{"rendered":"https:\/\/solaroutlet.lt\/?post_type=product&#038;p=7668"},"modified":"2026-02-10T13:26:22","modified_gmt":"2026-02-10T10:26:22","slug":"iglu-kadlu-lv-10-kwh-gyvenamuju-namu-energijos-kaupiklis","status":"publish","type":"product","link":"https:\/\/solaroutlet.lt\/en\/produktas\/iglu-kadlu-lv-10-kwh-gyvenamuju-namu-energijos-kaupiklis\/","title":{"rendered":"Iglu Kadlu LV 10 kWh, gyvenam\u0173j\u0173 nam\u0173 energijos kaupiklis"},"content":{"rendered":"<p><strong>IGLU Battery<\/strong> \u2013 energijos kaupiklis, saugantis sugeneruot\u0105 energij\u0105 (i\u0161 saul\u0117s baterij\u0173, v\u0117jo j\u0117gaini\u0173) arba kaupti elektros energij\u0105 i\u0161 tinklo tiekejo.<\/p>\n<p><span style=\"color: #333333;\">IGLU Battery leid\u017eia efektyviau valdyti generuojamos ir vartojamos elektros energijos srautus, kas stipriai suma\u017eina i\u0161laidas elektros energijai.<\/span><\/p>\n<p><span style=\"color: #333333;\">Moderni baterija kaupia saul\u0117s elektrin\u0117s gaminam\u0105 energij\u0105. Atsiradus poreikiui \u012fsigyti energijos i\u0161 tinklo tiek\u0117jo, gal\u0117site tai padaryti u\u017e ma\u017eesn\u0119 kain\u0105 ir naudoti sukaupt\u0105 energij\u0105, kai tarifas pakils.<\/span><\/p>\n<p><span style=\"color: #333333;\">IGLU Battery gali veikti kaip rezervinis maitinimo \u0161altinis, u\u017etikrinantis elektros energijos tiekim\u0105 net ir dingus elektros energijai. Galite sujungti kelet\u0105 kaupikli\u0173 didesnei galiai, u\u017etikrinant visos \u0161eimos poreikius.<\/span><\/p>\n<p><span style=\"color: #333333;\">IGLU Battery \u2013 pa\u017eangi energijos kaupimo sistema, kuri\u0105 sudaro auk\u0161tos kokyb\u0117s li\u010dio baterij\u0173 kaupiklis ir hibridinis inverteris. Kiekvien\u0105 komponent\u0105 galite \u012fsigyti atskirai, ta\u010diau \u012fsigijus vis\u0105 \u012frang\u0105 b\u016bsite u\u017etikrinti, kad sumontuota naujausia \u012franga ir taip i\u0161vengsite prietais\u0173 atnaujinimo ateityje.<\/span><\/p>\n<p>Su IGLU Battery gal\u0117site tiekti elektros energij\u0105 visiems savo nam\u0173 prietaisams net ir esant elektros tiekimo sutrikimui. Sistema automati\u0161kai aptinka elektros energijos tiekimo nutraukim\u0105 ir automati\u0161kai perjungia maitinim\u0105 \u012f kaupikl\u012f, tod\u0117l j\u016bs net nepajusite jokio skirtumo.<\/p>\n<p><strong>Technin\u0117s savyb\u0117s:<\/strong><\/p>\n<ul>\n<li>Nominali galia &#8211; 10 kWh;<\/li>\n<li>Svoris &#8211; 120 kg.;<\/li>\n<li>Celi\u0173 tipas &#8211; CATL LiFePO4 100Ah;<\/li>\n<li>MBS &#8211; Integruota pa\u017eangi BMS kontrol\u0117;<\/li>\n<li>Garantija &#8211; 10 met\u0173;<\/li>\n<li>Veikimo temperat\u016bra &#8211; -20 \u00b0C iki +50 \u00b0C (\u012fkrovimas: -0 \u00b0C iki +45 \u00b0C);<\/li>\n<li>Nominali\u0105 gali\u0105 galima didinti &#8211; iki 50 kWh.<\/li>\n<\/ul>\n<p>&nbsp;<\/p>\n<p><strong>TECHNINIAI DUOMENYS ATSISIUNTIMUI:<\/strong><\/p>\n<p><strong>\u27a1\ufe0f<a href=\"http:\/\/solaroutlet.lt\/wp-content\/uploads\/2024\/11\/IGLU-Kadlu-LV-10kWh-specifications.pdf\" target=\"_blank\" rel=\"noopener\">Techniniai duomenys \u010dia<\/a><\/strong><\/p>\n<p><strong>\u27a1\ufe0f<a href=\"http:\/\/solaroutlet.lt\/wp-content\/uploads\/2024\/11\/IGLU-Battery-LT.pdf\" target=\"_blank\" rel=\"noopener\">Iglu Kadlu LV bro\u0161i\u016bra<\/a><\/strong><\/p>\n","protected":false},"excerpt":{"rendered":"<p><em>Maksimalus saugumas<\/em> &#8211; IGLU Kadlu LV kaupikliai, sukurti pasitelkiant saugiausi\u0105 li\u010dio baterij\u0173 technologij\u0105, tod\u0117l gali b\u016bti montuojami ir lauke, ir patalpose.<\/p>\n<p><em>Patikima kokyb\u0117<\/em> &#8211; IGLU Kadlu LV pagrind\u0105 sudaro pasaulinio li\u010dio baterij\u0173 gamybos lyderio CATL LiFePO4 komponentai, kurie yra \u012fvertinti kaip vieni patikimiausi\u0173, saugiausi\u0173 ir ilgaam\u017ei\u0161kiausi\u0173 rinkoje.<\/p>\n<p><em>Lankstus pritaikymas\u00a0<\/em>&#8211; IGLU Kadlu LV nominalioji energija siekia 10 kWh su galimybe lengvai padidinti.<\/p>\n","protected":false},"featured_media":7669,"comment_status":"open","ping_status":"closed","template":"","meta":{"_acf_changed":false,"om_disable_all_campaigns":false,"_uf_show_specific_survey":0,"_uf_disable_surveys":false},"pwb-brand":[194],"gamintojas":[185],"product_brand":[],"product_cat":[108],"product_tag":[],"class_list":{"0":"post-7668","1":"product","2":"type-product","3":"status-publish","4":"has-post-thumbnail","6":"pwb-brand-iglu","7":"gamintojas-iglu","8":"product_cat-elektros-energijos-kaupikliai-baterijos","9":"product_shipping_class-f-pristatymo-klase","11":"first","12":"onbackorder","13":"sale","14":"taxable","15":"shipping-taxable","16":"purchasable","17":"product-type-simple"},"acf":[],"aioseo_notices":[],"brands":[{"id":194,"name":"IGLU TECH","slug":"iglu"}],"_links":{"self":[{"href":"https:\/\/solaroutlet.lt\/en\/wp-json\/wp\/v2\/product\/7668","targetHints":{"allow":["GET"]}}],"collection":[{"href":"https:\/\/solaroutlet.lt\/en\/wp-json\/wp\/v2\/product"}],"about":[{"href":"https:\/\/solaroutlet.lt\/en\/wp-json\/wp\/v2\/types\/product"}],"replies":[{"embeddable":true,"href":"https:\/\/solaroutlet.lt\/en\/wp-json\/wp\/v2\/comments?post=7668"}],"wp:featuredmedia":[{"embeddable":true,"href":"https:\/\/solaroutlet.lt\/en\/wp-json\/wp\/v2\/media\/7669"}],"wp:attachment":[{"href":"https:\/\/solaroutlet.lt\/en\/wp-json\/wp\/v2\/media?parent=7668"}],"wp:term":[{"taxonomy":"pwb-brand","embeddable":true,"href":"https:\/\/solaroutlet.lt\/en\/wp-json\/wp\/v2\/pwb-brand?post=7668"},{"taxonomy":"gamintojas","embeddable":true,"href":"https:\/\/solaroutlet.lt\/en\/wp-json\/wp\/v2\/gamintojas?post=7668"},{"taxonomy":"product_brand","embeddable":true,"href":"https:\/\/solaroutlet.lt\/en\/wp-json\/wp\/v2\/product_brand?post=7668"},{"taxonomy":"product_cat","embeddable":true,"href":"https:\/\/solaroutlet.lt\/en\/wp-json\/wp\/v2\/product_cat?post=7668"},{"taxonomy":"product_tag","embeddable":true,"href":"https:\/\/solaroutlet.lt\/en\/wp-json\/wp\/v2\/product_tag?post=7668"}],"curies":[{"name":"wp","href":"https:\/\/api.w.org\/{rel}","templated":true}]}}