{"id":7718,"date":"2024-11-29T11:09:58","date_gmt":"2024-11-29T08:09:58","guid":{"rendered":"https:\/\/solaroutlet.lt\/?post_type=product&#038;p=7718"},"modified":"2026-02-20T15:57:28","modified_gmt":"2026-02-20T12:57:28","slug":"gorenje-pandora70-7-71kw-oro-kondicionierius","status":"publish","type":"product","link":"https:\/\/solaroutlet.lt\/en\/produktas\/gorenje-pandora70-7-71kw-oro-kondicionierius\/","title":{"rendered":"Gorenje PANDORA70   7\/7,1kw oro kondicionierius"},"content":{"rendered":"<ul>\n<li>Darbin\u0117 temperat\u016bra (\u0161aldymo) nuo <span class=\"product-parameter-edit\"><span class=\"ng-binding ng-scope\">-15\u00a0 iki\u00a0 43 \u00b0C<\/span><\/span><\/li>\n<li>Darbin\u0117 temperat\u016bra (\u0161ildymo) nuo\u00a0<span class=\"product-parameter-edit\"><span class=\"ng-binding ng-scope\">-20\u00a0 iki\u00a0 24 \u00b0C<\/span><\/span><\/li>\n<li>Galingumas \u0161aldymo 7 kW<\/li>\n<li>Galingumas \u0161ildymo 7,1 kW<\/li>\n<li>\u0160ildymas iki -20\u00b0C<\/li>\n<li>Garantija 24 m\u0117n.<\/li>\n<li>\u012etampa, da\u017enis, faz\u0117 &#8211; 220-240V~, 50Hz, 1P<\/li>\n<li>Dr\u0117gm\u0117s pa\u0161alinimas &#8211; 2,5l\/h<\/li>\n<li>Laikmatis &#8211; yra (24 val.)<\/li>\n<li>Plaunamas filtras.<\/li>\n<\/ul>\n<p>&nbsp;<\/p>\n<p><strong>TECHNINIAI DUOMENYS ATSISIUNTIMUI:<\/strong><\/p>\n<p><strong>\u27a1\ufe0f<a href=\"http:\/\/solaroutlet.lt\/wp-content\/uploads\/2024\/11\/Gorenje-PANDORA.pdf\" target=\"_blank\" rel=\"noopener\">Techniniai duomenys \u010dia<\/a><\/strong><\/p>\n","protected":false},"excerpt":{"rendered":"<p><strong>Savyb\u0117s:<\/strong><br \/>\nAutomatinis paleidimas i\u0161 naujo: Taip<br \/>\nSklend\u0117s pad\u0117ties atmintis: Taip<br \/>\nAutomatinis veikimas: Taip<br \/>\nAutomatinio valymo funkcija ner\u016bpestingam naudojimui: Ne<br \/>\nApsauga nuo u\u017e\u0161alimo: Taip<br \/>\nNaktinis re\u017eimas: Taip<br \/>\nTurbo re\u017eimas: Taip<br \/>\nV\u0117sinimas: Taip<br \/>\n\u0160ildymas: Taip<br \/>\nDr\u0117gm\u0117s \u0161alinimas: Taip<br \/>\nVentiliavimas: Taip<br \/>\nSuspenduot\u0173 au\u0161inimo duj\u0173 aptikimas: Ne<br \/>\nGarso apsauga: Taip, 19 dB(A)<br \/>\nAutomatinis sklend\u017ei\u0173 jud\u0117jimas: Taip<br \/>\nApsauga nuo \u0161alto oro: Taip<br \/>\nAutomatinis atitirpinimas: Taip<br \/>\nAvarinio veikimo funkcija: Taip<br \/>\n\u201eFreezeProtect -15\u00b0C\u201c: Taip<br \/>\nJonizatorius: Ne<br \/>\nK\u016bno jutiklis: Ne<\/p>\n<p>Gorenje oro kondicionieriaus i\u0161orin\u0117 dalis PANDORA70 TE \u2013 1 vnt.<\/p>\n<p>Gorenje oro kondicionieriaus vidin\u0117 dalis PANDORA70 TE \u2013 1 vnt.<\/p>\n","protected":false},"featured_media":7709,"comment_status":"open","ping_status":"closed","template":"","meta":{"_acf_changed":false,"om_disable_all_campaigns":false,"_uf_show_specific_survey":0,"_uf_disable_surveys":false},"pwb-brand":[262],"gamintojas":[264],"product_brand":[],"product_cat":[270,267],"product_tag":[],"class_list":{"0":"post-7718","1":"product","2":"type-product","3":"status-publish","4":"has-post-thumbnail","6":"pwb-brand-gorenje","7":"gamintojas-gorenje","8":"product_cat-oras-oras","9":"product_cat-silumos-siurbliai","10":"product_shipping_class-e-pristatymo-klase","12":"first","13":"instock","14":"taxable","15":"shipping-taxable","16":"purchasable","17":"product-type-simple"},"acf":[],"aioseo_notices":[],"brands":[{"id":262,"name":"Gorenje","slug":"gorenje"}],"_links":{"self":[{"href":"https:\/\/solaroutlet.lt\/en\/wp-json\/wp\/v2\/product\/7718","targetHints":{"allow":["GET"]}}],"collection":[{"href":"https:\/\/solaroutlet.lt\/en\/wp-json\/wp\/v2\/product"}],"about":[{"href":"https:\/\/solaroutlet.lt\/en\/wp-json\/wp\/v2\/types\/product"}],"replies":[{"embeddable":true,"href":"https:\/\/solaroutlet.lt\/en\/wp-json\/wp\/v2\/comments?post=7718"}],"wp:featuredmedia":[{"embeddable":true,"href":"https:\/\/solaroutlet.lt\/en\/wp-json\/wp\/v2\/media\/7709"}],"wp:attachment":[{"href":"https:\/\/solaroutlet.lt\/en\/wp-json\/wp\/v2\/media?parent=7718"}],"wp:term":[{"taxonomy":"pwb-brand","embeddable":true,"href":"https:\/\/solaroutlet.lt\/en\/wp-json\/wp\/v2\/pwb-brand?post=7718"},{"taxonomy":"gamintojas","embeddable":true,"href":"https:\/\/solaroutlet.lt\/en\/wp-json\/wp\/v2\/gamintojas?post=7718"},{"taxonomy":"product_brand","embeddable":true,"href":"https:\/\/solaroutlet.lt\/en\/wp-json\/wp\/v2\/product_brand?post=7718"},{"taxonomy":"product_cat","embeddable":true,"href":"https:\/\/solaroutlet.lt\/en\/wp-json\/wp\/v2\/product_cat?post=7718"},{"taxonomy":"product_tag","embeddable":true,"href":"https:\/\/solaroutlet.lt\/en\/wp-json\/wp\/v2\/product_tag?post=7718"}],"curies":[{"name":"wp","href":"https:\/\/api.w.org\/{rel}","templated":true}]}}