{"id":7737,"date":"2024-11-29T11:26:08","date_gmt":"2024-11-29T08:26:08","guid":{"rendered":"https:\/\/solaroutlet.lt\/?post_type=product&#038;p=7737"},"modified":"2026-02-20T15:54:57","modified_gmt":"2026-02-20T12:54:57","slug":"gorenje-rea35-34-38kw-oro-kondicionierius","status":"publish","type":"product","link":"https:\/\/solaroutlet.lt\/en\/produktas\/gorenje-rea35-34-38kw-oro-kondicionierius\/","title":{"rendered":"Gorenje REA35  3,4\/3,8kw oro kondicionierius"},"content":{"rendered":"<ul>\n<li>Darbin\u0117 temperat\u016bra (\u0161aldymo) nuo <span class=\"product-parameter-edit\"><span class=\"ng-binding ng-scope\">-15\u00a0 iki\u00a0 43 \u00b0C<\/span><\/span><\/li>\n<li>Darbin\u0117 temperat\u016bra (\u0161ildymo) nuo\u00a0<span class=\"product-parameter-edit\"><span class=\"ng-binding ng-scope\">-20\u00a0 iki\u00a0 24 \u00b0C<\/span><\/span><\/li>\n<li>Galingumas \u0161aldymo 3,4 kW<\/li>\n<li>Galingumas \u0161ildymo 3,8 kW<\/li>\n<li>\u0160ildymas iki -20\u00b0C<\/li>\n<li>Garantija 24 m\u0117n.<\/li>\n<li>Dr\u0117gm\u0117s pa\u0161alinimas &#8211; 1,2l\/h<\/li>\n<li>Laikmatis &#8211; yra (24 val.)<\/li>\n<li>Plaunamas filtras.<\/li>\n<\/ul>\n<p>&nbsp;<\/p>\n<p><strong>TECHNINIAI DUOMENYS ATSISIUNTIMUI:<\/strong><\/p>\n<p><strong>\u27a1\ufe0f<a href=\"http:\/\/solaroutlet.lt\/wp-content\/uploads\/2024\/11\/Gorenje-REA35IN.pdf\" target=\"_blank\" rel=\"noopener\">Techniniai duomenys vidin\u0117s dalies<\/a><\/strong><\/p>\n<p><strong>\u27a1\ufe0f<a href=\"http:\/\/solaroutlet.lt\/wp-content\/uploads\/2024\/11\/Gorenje-REA35OUT.pdf\" target=\"_blank\" rel=\"noopener\">Techniniai duomenys i\u0161orin\u0117s dalies<\/a><\/strong><\/p>\n","protected":false},"excerpt":{"rendered":"<p><strong>Savyb\u0117s:<\/strong><br \/>\nAutomatinis paleidimas i\u0161 naujo: Taip<br \/>\nSklend\u0117s pad\u0117ties atmintis: Taip<br \/>\nAutomatinis veikimas: Taip<br \/>\nAutomatinio valymo funkcija ner\u016bpestingam naudojimui: Taip<br \/>\nApsauga nuo u\u017e\u0161alimo: Taip<br \/>\nNaktinis re\u017eimas: Taip, 1<br \/>\nTurbo veikimo re\u017eimas: Taip<br \/>\nV\u0117sinimas: Taip<br \/>\n\u0160ildymas: Taip<br \/>\nDr\u0117gm\u0117s \u0161alinimas: Taip<br \/>\nVentiliavimas: Taip<br \/>\nSuspenduot\u0173 au\u0161inimo duj\u0173 aptikimas: Ne<br \/>\nGarso apsauga: Taip<br \/>\nAutomatinis sklend\u017ei\u0173 jud\u0117jimas: Taip<br \/>\nApsauga nuo \u0161alto oro: Taip<br \/>\nAutomatinis at\u0161ildymas: Taip<br \/>\nAvarinio veikimo funkcija: Taip<br \/>\n\u201eFreezeProtect -15\u00b0C\u201c: Taip<br \/>\nJonizatorius: Ne<br \/>\nK\u016bno jutiklis: Ne<br \/>\nDaugiamatis oro srautas: Ne<br \/>\n\u201eHI-NANO\u201c sveikatos apsauga: Ne<br \/>\nDvigubas savaiminis valymas: Ne<br \/>\nAptarnavimo langelis: Ne<br \/>\nKompresoriaus elektroninis \u0161ildytuvas: Ne<br \/>\nUVC sterilizavimas: Ne<br \/>\nAntikorozin\u0117 apsauga: 1 lygis<br \/>\nVie\u0161bu\u010dio funkcija: Ne<br \/>\nV\u0117sinimo \/ \u0161ildymo galios rodymas: Ne<\/p>\n<p>Gorenje oro kondicionieriaus i\u0161orin\u0117 dalis REA35 KC \u2013 1 vnt.<\/p>\n<p>Gorenje oro kondicionieriaus vidin\u0117 dalis REA35 KC \u2013 1 vnt.<\/p>\n","protected":false},"featured_media":7734,"comment_status":"open","ping_status":"closed","template":"","meta":{"_acf_changed":false,"om_disable_all_campaigns":false,"_uf_show_specific_survey":0,"_uf_disable_surveys":false},"pwb-brand":[262],"gamintojas":[264],"product_brand":[],"product_cat":[270,267],"product_tag":[],"class_list":{"0":"post-7737","1":"product","2":"type-product","3":"status-publish","4":"has-post-thumbnail","6":"pwb-brand-gorenje","7":"gamintojas-gorenje","8":"product_cat-oras-oras","9":"product_cat-silumos-siurbliai","10":"product_shipping_class-e-pristatymo-klase","12":"first","13":"instock","14":"taxable","15":"shipping-taxable","16":"purchasable","17":"product-type-simple"},"acf":[],"aioseo_notices":[],"brands":[{"id":262,"name":"Gorenje","slug":"gorenje"}],"_links":{"self":[{"href":"https:\/\/solaroutlet.lt\/en\/wp-json\/wp\/v2\/product\/7737","targetHints":{"allow":["GET"]}}],"collection":[{"href":"https:\/\/solaroutlet.lt\/en\/wp-json\/wp\/v2\/product"}],"about":[{"href":"https:\/\/solaroutlet.lt\/en\/wp-json\/wp\/v2\/types\/product"}],"replies":[{"embeddable":true,"href":"https:\/\/solaroutlet.lt\/en\/wp-json\/wp\/v2\/comments?post=7737"}],"wp:featuredmedia":[{"embeddable":true,"href":"https:\/\/solaroutlet.lt\/en\/wp-json\/wp\/v2\/media\/7734"}],"wp:attachment":[{"href":"https:\/\/solaroutlet.lt\/en\/wp-json\/wp\/v2\/media?parent=7737"}],"wp:term":[{"taxonomy":"pwb-brand","embeddable":true,"href":"https:\/\/solaroutlet.lt\/en\/wp-json\/wp\/v2\/pwb-brand?post=7737"},{"taxonomy":"gamintojas","embeddable":true,"href":"https:\/\/solaroutlet.lt\/en\/wp-json\/wp\/v2\/gamintojas?post=7737"},{"taxonomy":"product_brand","embeddable":true,"href":"https:\/\/solaroutlet.lt\/en\/wp-json\/wp\/v2\/product_brand?post=7737"},{"taxonomy":"product_cat","embeddable":true,"href":"https:\/\/solaroutlet.lt\/en\/wp-json\/wp\/v2\/product_cat?post=7737"},{"taxonomy":"product_tag","embeddable":true,"href":"https:\/\/solaroutlet.lt\/en\/wp-json\/wp\/v2\/product_tag?post=7737"}],"curies":[{"name":"wp","href":"https:\/\/api.w.org\/{rel}","templated":true}]}}