{"id":7768,"date":"2024-12-05T12:05:54","date_gmt":"2024-12-05T09:05:54","guid":{"rendered":"https:\/\/solaroutlet.lt\/?post_type=product&#038;p=7768"},"modified":"2026-02-17T17:24:26","modified_gmt":"2026-02-17T14:24:26","slug":"solis-inverteris-s6-gr1p3-6k-3-6kw-1f","status":"publish","type":"product","link":"https:\/\/solaroutlet.lt\/en\/produktas\/solis-inverteris-s6-gr1p3-6k-3-6kw-1f\/","title":{"rendered":"Solis inverteris S6-GR1P3.6K, 3.6 kW, 1F"},"content":{"rendered":"<p><strong>Solis inverteris S6-GR1P3.6K \u2013 tai \u0161iuolaikinis, vienfazis tinklinis inverteris, sukurtas nedidel\u0117ms ir vidutin\u0117ms gyvenam\u0173j\u0173 nam\u0173 saul\u0117s elektrin\u0117ms. <\/strong>\u0160is prietaiso modelis i\u0161siskiria <strong>auk\u0161tu efektyvumu<\/strong>, patikimu veikimu, ir <strong>pa\u017eangiomis apsaugos funkcijomis<\/strong>, kurios garantuoja patikim\u0105 ir stabil\u0173 elektros energijos perdavim\u0105 \u012f tinkl\u0105.<\/p>\n<p>Inverteris turi itin <strong>auk\u0161to da\u017enio perjungimo technologij\u0105<\/strong>, kuri leid\u017eia pasiekti auk\u0161t\u0105, 97,7% maksimal\u0173 efektyvum\u0105. Taip efektyviai i\u0161naudoti saul\u0117s moduli\u0173 generuojam\u0105 energij\u0105. \u012erenginyje yra integruotas <strong>platus darbin\u0117s \u012ftampos diapazonas<\/strong> su <strong>\u017eema paleidimo \u012ftampa<\/strong> \u2013 tai garantuoja ilgesn\u012f energijos generavim\u0105 dienos eigoje.<\/p>\n<p>Prietaisas turi <strong>2 MPPT<\/strong> dizain\u0105 su itin tiksliu MPPT algoritmu, kuris leid\u017eia optimaliai valdyti saul\u0117s moduli\u0173 eilutes bei taip padidinti bendr\u0105 sistemos na\u0161um\u0105. Maksimali inverterio eil\u0117s srov\u0117 \u2013 iki 14 A, tad \u012frenginys yra <strong>lengvai suderinamas<\/strong> su \u0161iuolaikiniais didesn\u0117s galios moduliais.<\/p>\n<p>Tam, kad saugumas b\u016bt\u0173 garantuotas, prietaise yra integruotos <strong>pa\u017eangios apsaugos<\/strong>, tokios kaip <strong>AFCI<\/strong> ir apsauga nuo vir\u0161\u012ftampi\u0173. AFCI apsauga skirta proaktyviai suma\u017einti elektros lanko sukelt\u0105 gaisro rizik\u0105. Be \u0161i\u0173 apsaug\u0173, \u012frenginyje taip pat yra integruota eksporto galios\u00a0 tvarkykl\u0117 (EPM), kuri leid\u017eia reguliuoti perteklin\u0117s energijos, gaminamos i\u0161 saul\u0117s, kiek\u012f, kuris tiekiamas \u012f elektros tinkl\u0105.<\/p>\n<p>Inverteris turi integruot\u0105 <strong>IP66<\/strong> apsaugos klas\u0119, d\u0117l kurios gali b\u016bti montuojamas tiek lauko s\u0105lygomis, tiek viduje. Patikimas prietaiso veikimas yra garantuotas nuo <strong>\u201325 \u00b0C iki +60 \u00b0C<\/strong>, o integruota nat\u016brali ventiliacija u\u017etikrina <strong>tyl\u0173 ir ilgaam\u017e\u012f darb\u0105<\/strong> be joki\u0173 papildom\u0173 ventiliatori\u0173. Inverterio korpusas yra kompakti\u0161kas ir ma\u017eo svorio, tad montavimas yra greitas ir patogus.<\/p>\n<p>Taip pat yra integruotos ry\u0161io galimyb\u0117s, kurios leid\u017eia nuotoliniu b\u016bdu steb\u0117ti elektrin\u0117s darb\u0105, analizuoti gamybos duomenis ir sistemos b\u016bkl\u0119 realiu laiku.<\/p>\n<p>Kod\u0117l verta rinktis <strong>S6-GR1P3.6K?<\/strong><\/p>\n<ul>\n<li>Daugiau pagamintos energijos &#8211; prietaisas efektyviai i\u0161naudoja net silpn\u0105 saul\u0117s spinduliuot\u0119.<\/li>\n<li>Stabilus darbas realiomis s\u0105lygomis.<\/li>\n<li>Saugus pasirinkimas namams &#8211; integruotos apsaugos leid\u017eia i\u0161vengti elektros trikd\u017ei\u0173 ir galim\u0173 gedim\u0173.<\/li>\n<li>Ma\u017eos montavimo ir eksploatavimo i\u0161laidos &#8211; inverteris yra kompakti\u0161kas, lengvas, ir tyliai veikiantis.<\/li>\n<\/ul>\n<p>Techniniai duomenys:<\/p>\n<ul>\n<li>Tipas: vienfazis inverteris.<\/li>\n<li>Nominali galia: 3,6 kW.<\/li>\n<li>Maksimalus efektyvumas: 97,3%.<\/li>\n<li>Maksimali srov\u0117: iki 14 A.<\/li>\n<li>MPPT skai\u010dius: 2.<\/li>\n<li>Nuotolinio steb\u0117jimo galimyb\u0117.<\/li>\n<li>Apsauga nuo vir\u0161\u012ftampi\u0173.<\/li>\n<li>Integruotas LCD ekranas.<\/li>\n<li>AFCI apsauga.<\/li>\n<li>Apsaugos klas\u0117: IP66.<\/li>\n<li>Darbin\u0117 temperat\u016bra: nuo \u201325 \u00b0C iki +60 \u00b0C.<\/li>\n<li>Au\u0161inimas: nat\u016brali ventiliacija.<\/li>\n<li>Matmenys: 310 x 543 x 160 mm.<\/li>\n<li>Svoris: 11,2 kg.<\/li>\n<li style=\"list-style-type: none;\"><\/li>\n<\/ul>\n<p>&nbsp;<\/p>\n<p><strong>TECHNINIAI DUOMENYS ATSISIUNTIMUI:<\/strong><\/p>\n<p><strong>\u27a1\ufe0f<a href=\"http:\/\/solaroutlet.lt\/wp-content\/uploads\/2024\/12\/Solis_datasheet_S6-GR1P25-6K_Global_V22_2022_10.pdf\" target=\"_blank\" rel=\"noopener\">Techniniai duomenys \u010dia<\/a>.<\/strong><\/p>\n","protected":false},"excerpt":{"rendered":"<p>\u2022 Maks. efektyvumas 97,7 proc.<br \/>\n\u2022 Eil\u0117s srov\u0117 iki 14A<br \/>\n\u2022 Super auk\u0161to da\u017enio perjungimo technologija<br \/>\n\u2022 Platus \u012ftampos diapazonas ir \u017eema paleidimo \u012ftampa<br \/>\n\u2022 2 MPPT dizainas su tiksliu MPPT algoritmu<br \/>\n\u2022 Integruota eksporto galios tvarkykl\u0117 (EPM)<br \/>\n\u2022 AFCI apsauga, proaktyviai suma\u017eina gaisro rizik\u0105<br \/>\n\u2022 Kompakti\u0161kas ir lengvas<br \/>\n\u2022 Lengvas prisijungimas prie tinklo<\/p>\n","protected":false},"featured_media":7771,"comment_status":"open","ping_status":"closed","template":"","meta":{"_acf_changed":false,"om_disable_all_campaigns":false,"_uf_show_specific_survey":0,"_uf_disable_surveys":false},"pwb-brand":[204],"gamintojas":[165],"product_brand":[],"product_cat":[97],"product_tag":[],"class_list":{"0":"post-7768","1":"product","2":"type-product","3":"status-publish","4":"has-post-thumbnail","6":"pwb-brand-solis","7":"gamintojas-solis","8":"product_cat-sroves-keitikliai-inverters","9":"product_shipping_class-b-pristatymo-klase","10":"pa_galia-3-6-kw","11":"pa_tipas-tinklo-inverteriai","13":"first","14":"instock","15":"taxable","16":"shipping-taxable","17":"purchasable","18":"product-type-simple"},"acf":[],"aioseo_notices":[],"brands":[{"id":204,"name":"Solis","slug":"solis"}],"_links":{"self":[{"href":"https:\/\/solaroutlet.lt\/en\/wp-json\/wp\/v2\/product\/7768","targetHints":{"allow":["GET"]}}],"collection":[{"href":"https:\/\/solaroutlet.lt\/en\/wp-json\/wp\/v2\/product"}],"about":[{"href":"https:\/\/solaroutlet.lt\/en\/wp-json\/wp\/v2\/types\/product"}],"replies":[{"embeddable":true,"href":"https:\/\/solaroutlet.lt\/en\/wp-json\/wp\/v2\/comments?post=7768"}],"wp:featuredmedia":[{"embeddable":true,"href":"https:\/\/solaroutlet.lt\/en\/wp-json\/wp\/v2\/media\/7771"}],"wp:attachment":[{"href":"https:\/\/solaroutlet.lt\/en\/wp-json\/wp\/v2\/media?parent=7768"}],"wp:term":[{"taxonomy":"pwb-brand","embeddable":true,"href":"https:\/\/solaroutlet.lt\/en\/wp-json\/wp\/v2\/pwb-brand?post=7768"},{"taxonomy":"gamintojas","embeddable":true,"href":"https:\/\/solaroutlet.lt\/en\/wp-json\/wp\/v2\/gamintojas?post=7768"},{"taxonomy":"product_brand","embeddable":true,"href":"https:\/\/solaroutlet.lt\/en\/wp-json\/wp\/v2\/product_brand?post=7768"},{"taxonomy":"product_cat","embeddable":true,"href":"https:\/\/solaroutlet.lt\/en\/wp-json\/wp\/v2\/product_cat?post=7768"},{"taxonomy":"product_tag","embeddable":true,"href":"https:\/\/solaroutlet.lt\/en\/wp-json\/wp\/v2\/product_tag?post=7768"}],"curies":[{"name":"wp","href":"https:\/\/api.w.org\/{rel}","templated":true}]}}