{"id":8080,"date":"2025-01-31T14:58:54","date_gmt":"2025-01-31T11:58:54","guid":{"rendered":"https:\/\/solaroutlet.lt\/?post_type=product&#038;p=8080"},"modified":"2026-03-12T16:28:07","modified_gmt":"2026-03-12T13:28:07","slug":"dyness-tower-t17-1776-kwh-akumuliatorius-komplektas","status":"publish","type":"product","link":"https:\/\/solaroutlet.lt\/en\/produktas\/dyness-tower-t17-1776-kwh-akumuliatorius-komplektas\/","title":{"rendered":"Dyness Tower T17 \u2013 17,76 kWh akumuliatorius"},"content":{"rendered":"<p><strong>Dyness Tower T<\/strong><strong>17 \u2013 <\/strong><strong>17,76 kWh akumuliatoriaus komplektas &#8211; \u0161<\/strong><strong>is saul\u0117s elektrini\u0173 akumuliatorius yra sukurtas kaip auk\u0161tos klas\u0117s li\u010dio gele\u017eies fosfato (LiFePO4) sistema. Akumuliatorius sukurtas u\u017etikrintam energijos kaupimui tiek gyvenamuosiuose namuose, tiek komerciniuose objektuose, kuris garantuoja optimizavim\u0105 ir leid\u017eia suma\u017einti priklausomyb\u0119 nuo elektros tinklo.<\/strong><\/p>\n<p>Elektrin\u0117s akumuliatorius turi <strong>17,76kWh<\/strong> naudingos talpos ir u\u017etikrina, jog tur\u0117tum\u0117te pakankam\u0105 elektros energijos rezerv\u0105. Tai prisideda ne tik prie energijos s\u0105naud\u0173 ma\u017einimo, bet ir leid\u017eia apsisaugoti nuo elektros tiekimo trigd\u017ei\u0173. Akumuliatoriaus komplektas pagamintas modulini\u0173 sprendim\u0173 principu, tad yra <strong>ypa\u010d universalus<\/strong>. D\u0117l \u0161ios prie\u017easties, vartotojas gali pl\u0117toti savo sistem\u0105 pagal realius poreikius, nepriklausomai nuo objekto energijos suvartojimo kiekio.<\/p>\n<p>Li\u010dio gele\u017eies fosfato (<strong>LiFePO4<\/strong>) technologija yra laikoma viena <strong>geriausi\u0173 ir saugiausi\u0173 akumuliatori\u0173<\/strong> chemij\u0173. Technologija pasi\u017eymi patvarumu atsparumu perkaitimui, itin auk\u0161tu cikl\u0173 skai\u010diumi, ir saugumu net aktyviai naudojant sistem\u0105. \u0160is saul\u0117s elektrin\u0117s akumuliatorius geba i\u0161laikyti <strong>&gt;6000 \u012fkrovimo\/i\u0161krovimo cikl\u0173<\/strong>, i\u0161laikydamas apie <strong>80% pradin\u0117s talpos.<\/strong><\/p>\n<p>Akumuliatoriaus sistema yra skirta maksimaliam energijos efektyvumui u\u017etikrinti, tad jo \u012fkrovimo ir i\u0161krovimo efektyvumas siekia daugiau nei <strong>95%.<\/strong> Tai garantuoja, jog sukaupta energija b\u016bt\u0173 panaudota tik su labai minimaliais nuostoliais.<\/p>\n<p>\u0160is Dyness Tower T17 modelis suderinamas su daugeliu rinkoje esan\u010di\u0173 inverteri\u0173, d\u0117l <strong>CAN ir <\/strong><strong>RS485 ry\u0161io protokol\u0173<\/strong>. Nominali \u012ftampa, kuri\u0105 palaiko elektrin\u0117s akumuliatorius \u2013 480 V, tad stabilus darbas \u012fvairiose energijos kaupimo sistemose yra garantuotas.<\/p>\n<p>Prietaiso bok\u0161to tipo konstrukcija, sudaro galimybes j\u012f patogiai montuoti net ribotoje erdv\u0117je, o modulinis i\u0161projektavimas leid\u017eia prid\u0117ti papildom\u0173 akumuliatori\u0173 moduli\u0173. B\u016btent \u0161itaip energijos sistem\u0105 galite pl\u0117sti pagal savo poreikius.<\/p>\n<p>Techniniai parametrai:<\/p>\n<ul>\n<li>Akumuliatoriaus tipas:\u00a0LiFePO4<\/li>\n<li>Naudinga talpa:\u00a017,76 kWh<\/li>\n<li>Nominali talpa:\u00a037 Ah<\/li>\n<li>Akumuliatori\u0173 moduli\u0173 skai\u010dius: 5<\/li>\n<li>Maksimali \u012fkrovos galia:\u00a010,65 kW<\/li>\n<li>I\u0161krovos gylis (DoD):\u00a095%<\/li>\n<li>\u012ekrovimo temperat\u016bra:\u00a00\u201350\u00b0C<\/li>\n<li>I\u0161krovimo temperat\u016bra:\u00a0-10\u201350\u00b0C<\/li>\n<li>Matmenys:\u00a0504 x 380 x 1300 mm<\/li>\n<li>Svoris:\u00a0228 kg<\/li>\n<li>Apsaugos lygis:\u00a0IP54<\/li>\n<li>Ry\u0161io s\u0105sajos:\u00a0CAN, RS485, RS232<\/li>\n<li>Apsaugos funkcijos:\u00a0nuo perkrovos, per didel\u0117s i\u0161krovos, vir\u0161\u012ftampio, perkaitimo, trumpojo jungimo<\/li>\n<li>Modulio pavadinimas:\u00a0HV9637<\/li>\n<li>Sertifikatai:\u00a0UN38.3, CE-EMC, IEC62040, IEC62619, IEC62477, IEC60730, IEC63056, UKCA, CEC Accredited, UL1973, VDE2510-50<\/li>\n<\/ul>\n<p><a href=\"https:\/\/www.solman.lt\/wp-content\/uploads\/2024\/06\/Dyness-Tower-1.5G-datasheet-LT.pdf\">\u27a1\ufe0fTechniniai duomenys atsisiuntimui<\/a><\/p>\n","protected":false},"excerpt":{"rendered":"<p><strong>Dyness, tai patikimas energijos kaupimo sprendimas.<\/strong><\/p>\n<p>Dyness akumuliatorius u\u017etikrina efektyv\u0173 energijos kaupim\u0105 ir optimizavim\u0105, leid\u017eia suma\u017einti priklausomyb\u0119 nuo elektros tinklo. Ilgaam\u017e\u0117 LiFePO4 technologija, auk\u0161tas energijos efektyvumas ir integruotos apsaugos garantuoja patikim\u0105 veikim\u0105 tiek namams, tiek verslui.<\/p>\n","protected":false},"featured_media":8072,"comment_status":"open","ping_status":"closed","template":"","meta":{"_acf_changed":false,"om_disable_all_campaigns":false,"_uf_show_specific_survey":0,"_uf_disable_surveys":false},"pwb-brand":[285],"gamintojas":[286],"product_brand":[],"product_cat":[108],"product_tag":[],"class_list":{"0":"post-8080","1":"product","2":"type-product","3":"status-publish","4":"has-post-thumbnail","6":"pwb-brand-dyness","7":"gamintojas-dyness","8":"product_cat-elektros-energijos-kaupikliai-baterijos","9":"product_shipping_class-e-pristatymo-klase","10":"pa_talpa-1776-kwh","12":"first","13":"outofstock","14":"sale","15":"featured","16":"taxable","17":"shipping-taxable","18":"purchasable","19":"product-type-simple"},"acf":[],"aioseo_notices":[],"brands":[{"id":285,"name":"Dyness","slug":"dyness"}],"_links":{"self":[{"href":"https:\/\/solaroutlet.lt\/en\/wp-json\/wp\/v2\/product\/8080","targetHints":{"allow":["GET"]}}],"collection":[{"href":"https:\/\/solaroutlet.lt\/en\/wp-json\/wp\/v2\/product"}],"about":[{"href":"https:\/\/solaroutlet.lt\/en\/wp-json\/wp\/v2\/types\/product"}],"replies":[{"embeddable":true,"href":"https:\/\/solaroutlet.lt\/en\/wp-json\/wp\/v2\/comments?post=8080"}],"wp:featuredmedia":[{"embeddable":true,"href":"https:\/\/solaroutlet.lt\/en\/wp-json\/wp\/v2\/media\/8072"}],"wp:attachment":[{"href":"https:\/\/solaroutlet.lt\/en\/wp-json\/wp\/v2\/media?parent=8080"}],"wp:term":[{"taxonomy":"pwb-brand","embeddable":true,"href":"https:\/\/solaroutlet.lt\/en\/wp-json\/wp\/v2\/pwb-brand?post=8080"},{"taxonomy":"gamintojas","embeddable":true,"href":"https:\/\/solaroutlet.lt\/en\/wp-json\/wp\/v2\/gamintojas?post=8080"},{"taxonomy":"product_brand","embeddable":true,"href":"https:\/\/solaroutlet.lt\/en\/wp-json\/wp\/v2\/product_brand?post=8080"},{"taxonomy":"product_cat","embeddable":true,"href":"https:\/\/solaroutlet.lt\/en\/wp-json\/wp\/v2\/product_cat?post=8080"},{"taxonomy":"product_tag","embeddable":true,"href":"https:\/\/solaroutlet.lt\/en\/wp-json\/wp\/v2\/product_tag?post=8080"}],"curies":[{"name":"wp","href":"https:\/\/api.w.org\/{rel}","templated":true}]}}