{"id":8083,"date":"2025-02-03T12:07:23","date_gmt":"2025-02-03T09:07:23","guid":{"rendered":"https:\/\/solaroutlet.lt\/?post_type=product&#038;p=8083"},"modified":"2025-08-26T09:57:08","modified_gmt":"2025-08-26T06:57:08","slug":"dyness-akumuliatoriaus-modulis-355-kwh-hv9637","status":"publish","type":"product","link":"https:\/\/solaroutlet.lt\/en\/produktas\/dyness-akumuliatoriaus-modulis-355-kwh-hv9637\/","title":{"rendered":"Dyness akumuliatoriaus modulis 3,55 kWh, HV9637"},"content":{"rendered":"<ul>\n<li>\u00a0Modulin\u0117 konstrukcija nuo 7 kWh iki 21 kWh leid\u017eia greitai ir saugiai montuoti bei pri\u017ei\u016br\u0117ti be atvir\u0173 laid\u0173 ar jung\u010di\u0173<\/li>\n<li>\u00a0Ciklo trukm\u0117: &gt;5000 cikl\u0173 esant 25\u00b0C temperat\u016brai su 90% DoD kasdieniam cikliniam naudojimui<\/li>\n<li>\u012ekrovimo temperat\u016bra: 0\u201350\u00b0C<\/li>\n<li>I\u0161krovimo temperat\u016bra: -10\u201350\u00b0C<\/li>\n<li>Katodin\u0117 med\u017eiaga yra pagaminta i\u0161 LiFePO4, kad b\u016bt\u0173 u\u017etikrintas saugus veikimas ir ilgas ciklas<\/li>\n<li>BMS turi apsaugos funkcijas, \u012fskaitant perkrov\u0105, perkrovim\u0105, perkrov\u0105 auk\u0161t\u0105\/\u017eem\u0105 temperat\u016br\u0105<\/li>\n<li>Saugos sertifikatas. VDE2510-50, IEC62619, UL1973, IEC62477-1, IEC62040-1, CEC, CE<\/li>\n<\/ul>\n<p><strong>TECHNINIAI DUOMENYS ATSISIUNTIMUI:<\/strong><\/p>\n<ul>\n<li><strong><a href=\"https:\/\/www.solman.lt\/wp-content\/uploads\/2024\/06\/Dyness-Tower-1.5G-datasheet-LT.pdf\">Techniniai duomenys \u010dia.<\/a><\/strong><\/li>\n<li><strong><a href=\"http:\/\/solaroutlet.lt\/wp-content\/uploads\/2025\/02\/List-of-compatible-Dyness-Tower-EN.pdf\">Suderinamumas su hibridiniais inverteriais \u010dia.<\/a><\/strong><\/li>\n<\/ul>\n","protected":false},"excerpt":{"rendered":"<p>Naudojamas kartu su DYNESS BDU+BASE valdymo moduliu.<br \/>\nAuk\u0161tos \u012ftampos modulin\u0117, sujungiama energijos sistema, pagr\u012fsta li\u010dio gele\u017eies fosfato akumuliatoriaus technologija.<br \/>\n\u0160ios akumuliatori\u0173 sistemos skirtos montuoti nenaudojant jungiam\u0173j\u0173 akumuliatori\u0173 laid\u0173, o tai \u017eymiai suma\u017eina montavimo laik\u0105.<\/p>\n","protected":false},"featured_media":8084,"comment_status":"open","ping_status":"closed","template":"","meta":{"_acf_changed":false,"om_disable_all_campaigns":false,"_uf_show_specific_survey":0,"_uf_disable_surveys":false},"pwb-brand":[285],"gamintojas":[286],"product_brand":[],"product_cat":[108],"product_tag":[],"class_list":{"0":"post-8083","1":"product","2":"type-product","3":"status-publish","4":"has-post-thumbnail","6":"pwb-brand-dyness","7":"gamintojas-dyness","8":"product_cat-elektros-energijos-kaupikliai-baterijos","9":"product_shipping_class-c-pristatymo-klase","11":"first","12":"outofstock","13":"taxable","14":"shipping-taxable","15":"purchasable","16":"product-type-simple"},"acf":[],"aioseo_notices":[],"brands":[{"id":285,"name":"Dyness","slug":"dyness"}],"_links":{"self":[{"href":"https:\/\/solaroutlet.lt\/en\/wp-json\/wp\/v2\/product\/8083","targetHints":{"allow":["GET"]}}],"collection":[{"href":"https:\/\/solaroutlet.lt\/en\/wp-json\/wp\/v2\/product"}],"about":[{"href":"https:\/\/solaroutlet.lt\/en\/wp-json\/wp\/v2\/types\/product"}],"replies":[{"embeddable":true,"href":"https:\/\/solaroutlet.lt\/en\/wp-json\/wp\/v2\/comments?post=8083"}],"wp:featuredmedia":[{"embeddable":true,"href":"https:\/\/solaroutlet.lt\/en\/wp-json\/wp\/v2\/media\/8084"}],"wp:attachment":[{"href":"https:\/\/solaroutlet.lt\/en\/wp-json\/wp\/v2\/media?parent=8083"}],"wp:term":[{"taxonomy":"pwb-brand","embeddable":true,"href":"https:\/\/solaroutlet.lt\/en\/wp-json\/wp\/v2\/pwb-brand?post=8083"},{"taxonomy":"gamintojas","embeddable":true,"href":"https:\/\/solaroutlet.lt\/en\/wp-json\/wp\/v2\/gamintojas?post=8083"},{"taxonomy":"product_brand","embeddable":true,"href":"https:\/\/solaroutlet.lt\/en\/wp-json\/wp\/v2\/product_brand?post=8083"},{"taxonomy":"product_cat","embeddable":true,"href":"https:\/\/solaroutlet.lt\/en\/wp-json\/wp\/v2\/product_cat?post=8083"},{"taxonomy":"product_tag","embeddable":true,"href":"https:\/\/solaroutlet.lt\/en\/wp-json\/wp\/v2\/product_tag?post=8083"}],"curies":[{"name":"wp","href":"https:\/\/api.w.org\/{rel}","templated":true}]}}