{"id":8088,"date":"2025-02-03T12:12:19","date_gmt":"2025-02-03T09:12:19","guid":{"rendered":"https:\/\/solaroutlet.lt\/?post_type=product&#038;p=8088"},"modified":"2025-08-26T09:56:46","modified_gmt":"2025-08-26T06:56:46","slug":"dyness-tower-bdubase-valdymo-modulis-t9637-bms","status":"publish","type":"product","link":"https:\/\/solaroutlet.lt\/en\/produktas\/dyness-tower-bdubase-valdymo-modulis-t9637-bms\/","title":{"rendered":"Dyness Tower BDU+BASE valdymo modulis, T9637-BMS"},"content":{"rendered":"<p><strong>\u0160is Dyness Tower valdymo modulis yra pa\u017eangus, saugus, ir \u012fvairiapusi\u0161kas sprendimas energijos kaupimo sistemoms. Energijos kaupimo \u012frenginio valdiklis sukurtas norint u\u017etikrinti efektyv\u0173 ir patikim\u0105 akumuliatori\u0173 valdym\u0105. <\/strong><\/p>\n<p>\u0160is valdymo modulis sujungia kelias pagrindines funkcijas \u2013 <strong>BDU ir BASE<\/strong> platformas \u012f vien\u0105, lengvai montuojam\u0105 ir naudojam\u0105 \u012frengin\u012f, kuris puikiai gali b\u016bti pritaikytas tiek gyvenam\u0173j\u0173 nam\u0173, tiek komercini\u0173 objekt\u0173 poreikiams.<\/p>\n<ul>\n<li>Min\u0117ta <strong>BDU platforma<\/strong> \u2013 atsakinga u\u017e pagrindin\u0119 saugumo funkcij\u0105, d\u0117l kurios valdiklis gali b\u016bti atjungiamas nuo sistemos, jei pastebima per didel\u0117 \u012ftampa ar perkrova.<\/li>\n<li><strong>BASE platforma<\/strong> \u2013 sistemos pagrindas, prie kurio yra jungiamos baterijos ir visa valdymo \u012franga. Taip yra u\u017etikrinamas mechaninis stabilumas, kuria veikia tarsi baz\u0117 visam baterijos bok\u0161tui.<\/li>\n<\/ul>\n<p>Dyness modulin\u0117s konstrukcijos valdiklis yra <strong>lengvai suderinamas<\/strong> su \u012fvairios talpos baterij\u0173 sistemomis: <strong>nuo 7 kWh talpos iki 21,31 kWh<\/strong>. Taip vartotojui suteikiama laisv\u0117 ir galimyb\u0117 lengvai pasirinkti savo energijos kaupimo sprendim\u0105 pagal asmeninius poreikius. Dyness valdymo modelis taip pat u\u017etikrina, jog b\u016bt\u0173 taupoma vieta, ir kad J\u016bs\u0173 sistemos i\u0161pl\u0117timas b\u016bt\u0173 greitas, saugus, ir lengvai instaliuojamas.<\/p>\n<p>\u0160io modelio valdiklis turi ilg\u0105 privalum\u0173 s\u0105ra\u0161\u0105, su kuriuo yra sprend\u017eiami visi aspektai u\u017etikrinantys saugum\u0105, ilgaam\u017ei\u0161kum\u0105, ir funkcional\u0173 energijos valdym\u0105.<\/p>\n<ul>\n<li>Integruotas <strong>i\u0161ankstinis \u012fkrovimas<\/strong> leid\u017eia prietaisui i\u0161vengti per staigaus srov\u0117s \u0161uolio, taip apsaugant akumuliatori\u0173 bei inverter\u012f.<\/li>\n<li><strong>\u012etampos apsauga<\/strong> palaiko stabil\u0173 baterij\u0173 eksploatavim\u0105 ir saugo nuo per didel\u0117s bei nuo per ma\u017eos \u012ftampos.<\/li>\n<li>Valdiklis taip pat turi apsaug\u0105 ir per didelio kar\u010dio bei \u0161al\u010dio aptikim\u0105.<\/li>\n<li><strong>SOC ir SOH<\/strong> matavimai, su kuriais yra galimyb\u0117 realiu laiku steb\u0117ti akumuliatoriaus b\u016bkl\u0119 ir energijos kiek\u012f.<\/li>\n<\/ul>\n<p>Technin\u0117s savyb\u0117s:<\/p>\n<ul>\n<li><strong>IP54<\/strong> apsaugos laipsnis \u2013 padarantis valdymo modul\u012f atspariu dulk\u0117ms bei dr\u0117gmei, tad yra tinkamas naudoti lauke ir patalpose.<\/li>\n<li>Ilgaam\u017ei\u0161kumas ir eksploatacijos trukm\u0117 yra garantuota &#8211; <strong>&gt;5000 cikl\u0173<\/strong>, esant 25\u00b0C temperat\u016brai su 90% DoD kasdieniam cikliniam naudojimui<\/li>\n<li>Saugos sertifikatas. VDE2510-50, IEC62619, UL1973, IEC62477-1, IEC62040-1, CEC, CE<\/li>\n<li>Matmenys: 504 x 380 x 240 mm (modulis); pilnas valdiklis su BASE: 504 x 380 x 342,5 mm<\/li>\n<li>Svoris : 23 kg<\/li>\n<li>Rekomenduojamas \u012fkrovimo ir i\u0161krovimo srov\u0117s stiprumas: 18,5 A<\/li>\n<\/ul>\n<p><a href=\"https:\/\/www.solman.lt\/wp-content\/uploads\/2024\/06\/Dyness-Tower-1.5G-datasheet-LT.pdf\">Techniniai duomenys<\/a><\/p>\n<p><a href=\"https:\/\/solaroutlet.lt\/wp-content\/uploads\/2025\/02\/List-of-compatible-Dyness-Tower-EN.pdf\">Suderinamumas su hibridiniais inverteriais<\/a><\/p>\n","protected":false},"excerpt":{"rendered":"<p>Dyness Tower valdymo modulis, tai modulin\u0117, lengvai montuojama konstrukcija leid\u017eianti pasirinkti energijos kaupimo talp\u0105 \u2013 nuo 7 iki 21,31 kWh su galimybe sujungti kelis \u012frenginius. Naudojama pa\u017eangi LiFePO4 technologija u\u017etikrina saugum\u0105 ir ilgaam\u017ei\u0161kum\u0105, o nuotolinio atnaujinimo funkcija, auk\u0161tas atsparumas vandeniui ir efektyvi au\u0161inimo sistema padeda i\u0161laikyti maksimal\u0173 efektyvum\u0105. Kad ir kokie b\u016bt\u0173 j\u016bs\u0173 poreikiai, \u201eDyness Tower\u201c serija pasirengusi juos patenkinti.<\/p>\n<p>DYNESS BDU\/Base T9637-BMS baterij\u0173 valdymo sistema atlieka \u0161ias funkcijas:<\/p>\n<ul>\n<li>i\u0161ankstinio \u012fkrovimo,<\/li>\n<li>\u017eemos \u012ftampos ir vir\u0161\u012ftampio apsauga,<\/li>\n<li>apsaug\u0105 nuo \u017eemos ir auk\u0161tos temperat\u016bros,<\/li>\n<li>blok\u0173 balansavimo,<\/li>\n<li>SOC-SOH skai\u010diavimo ir kt.<\/li>\n<\/ul>\n<p>Sistema greitai ir paprastai prijungiama, gali valdyti iki 6 vienet\u0173 baterij\u0173 blok\u0173.<\/p>\n","protected":false},"featured_media":8089,"comment_status":"open","ping_status":"closed","template":"","meta":{"_acf_changed":false,"om_disable_all_campaigns":false,"_uf_show_specific_survey":0,"_uf_disable_surveys":false},"pwb-brand":[285],"gamintojas":[286],"product_brand":[],"product_cat":[108],"product_tag":[],"class_list":{"0":"post-8088","1":"product","2":"type-product","3":"status-publish","4":"has-post-thumbnail","6":"pwb-brand-dyness","7":"gamintojas-dyness","8":"product_cat-elektros-energijos-kaupikliai-baterijos","9":"product_shipping_class-c-pristatymo-klase","11":"first","12":"outofstock","13":"taxable","14":"shipping-taxable","15":"purchasable","16":"product-type-simple"},"acf":[],"aioseo_notices":[],"brands":[{"id":285,"name":"Dyness","slug":"dyness"}],"_links":{"self":[{"href":"https:\/\/solaroutlet.lt\/en\/wp-json\/wp\/v2\/product\/8088","targetHints":{"allow":["GET"]}}],"collection":[{"href":"https:\/\/solaroutlet.lt\/en\/wp-json\/wp\/v2\/product"}],"about":[{"href":"https:\/\/solaroutlet.lt\/en\/wp-json\/wp\/v2\/types\/product"}],"replies":[{"embeddable":true,"href":"https:\/\/solaroutlet.lt\/en\/wp-json\/wp\/v2\/comments?post=8088"}],"wp:featuredmedia":[{"embeddable":true,"href":"https:\/\/solaroutlet.lt\/en\/wp-json\/wp\/v2\/media\/8089"}],"wp:attachment":[{"href":"https:\/\/solaroutlet.lt\/en\/wp-json\/wp\/v2\/media?parent=8088"}],"wp:term":[{"taxonomy":"pwb-brand","embeddable":true,"href":"https:\/\/solaroutlet.lt\/en\/wp-json\/wp\/v2\/pwb-brand?post=8088"},{"taxonomy":"gamintojas","embeddable":true,"href":"https:\/\/solaroutlet.lt\/en\/wp-json\/wp\/v2\/gamintojas?post=8088"},{"taxonomy":"product_brand","embeddable":true,"href":"https:\/\/solaroutlet.lt\/en\/wp-json\/wp\/v2\/product_brand?post=8088"},{"taxonomy":"product_cat","embeddable":true,"href":"https:\/\/solaroutlet.lt\/en\/wp-json\/wp\/v2\/product_cat?post=8088"},{"taxonomy":"product_tag","embeddable":true,"href":"https:\/\/solaroutlet.lt\/en\/wp-json\/wp\/v2\/product_tag?post=8088"}],"curies":[{"name":"wp","href":"https:\/\/api.w.org\/{rel}","templated":true}]}}