{"id":8245,"date":"2025-02-24T16:28:19","date_gmt":"2025-02-24T13:28:19","guid":{"rendered":"https:\/\/solaroutlet.lt\/?post_type=product&#038;p=8245"},"modified":"2026-04-01T14:22:43","modified_gmt":"2026-04-01T11:22:43","slug":"10-kw-hibridinis-huawei-jinko-montavimo-konstrukcija-saules-elektrines-irangos-komplektas","status":"publish","type":"product","link":"https:\/\/solaroutlet.lt\/en\/produktas\/10-kw-hibridinis-huawei-jinko-montavimo-konstrukcija-saules-elektrines-irangos-komplektas\/","title":{"rendered":"10 kW hibridin\u0117s saul\u0117s elektrin\u0117, Huawei + Jinko + montavimo konstrukcija"},"content":{"rendered":"<p><strong>HUAWEI SUN2000-10KTL MAP0, 10kW, hibridinio inverterio apra\u0161ymas:<\/strong><\/p>\n<ul>\n<li>Efektyvumas 98,1 %.<\/li>\n<li>Tipas \u2013 trifazis inverteris.<\/li>\n<li>Galia \u2013 10 kW.<\/li>\n<li>Integruota apsauga nuo vir\u0161\u012ftampi\u0173.<\/li>\n<li>Nuotolinio steb\u0117jimo galimyb\u0117.<\/li>\n<li>10 met\u0173 garantija.<\/li>\n<li>I\u0161matavimai 490*460*130 mm.<\/li>\n<li>Svoris 21 kg.<\/li>\n<li>IP66 vertinimas.<\/li>\n<li>Rekomenduojama max., PV galia \u2013 18,000 Wp.<\/li>\n<\/ul>\n<p><strong>TECHNINIAI DUOMENYS ATSISIUNTIMUI:<\/strong><\/p>\n<p><strong>\u27a1\ufe0f<a href=\"http:\/\/solaroutlet.lt\/wp-content\/uploads\/2024\/03\/SUN2000-5-12K-MAP0-datasheet.pdf\" target=\"_blank\" rel=\"noopener\">Techniniai duomenys \u010dia.<\/a><\/strong><\/p>\n<p>&nbsp;<\/p>\n<p><strong>Jinko Tiger N-Type 48HL4M-DB 455W saul\u0117s moduli\u0173 apra\u0161ymas:<\/strong><\/p>\n<ul>\n<li>Saul\u0117s modulio efektyvumas 22,02%.<\/li>\n<li>Galia &#8211; 455W.<\/li>\n<li>25 met\u0173 produkto garantija.<\/li>\n<li>Suteikiama 30 met\u0173 efektyvumo garantija, kuri garantuoja, kad po 30 met\u0173 modulis dirbs ne ma\u017eesniu kaip 87,4% efektyvumu.<\/li>\n<li>Modulio matmenys: 1762*1134*30 mm.<\/li>\n<li>Modulio svoris \u2013 22 kg.<\/li>\n<\/ul>\n<p><strong>TECHNINIAI DUOMENYS ATSISIUNTIMUI:<\/strong><\/p>\n<p><strong>\u27a1\ufe0f<a href=\"https:\/\/solaroutlet.lt\/wp-content\/uploads\/2025\/02\/Jinko-455W-.pdf\">Techniniai duomenys \u010dia<\/a><\/strong><\/p>\n<p><strong>Tvirtinimo konstrukcija:<\/strong><\/p>\n<ul>\n<li>Trapeciniai b\u0117geliai\/ trapezoidai.<\/li>\n<li>Tvirtinimo savisriegiai.<\/li>\n<li>Galiniai modulio laikikliai.<\/li>\n<li>Vidurinis modulio laikikliai.<\/li>\n<\/ul>\n","protected":false},"excerpt":{"rendered":"<p><strong>10,12 kW saul\u0117s elektrin\u0117s \u012frangos komplektas \u012f kur\u012f \u012feina:<\/strong><\/p>\n<ul>\n<li>1 vnt., Hibridinis inverteris Huawei SUN2000-10KTL MAP0, 10kW.<\/li>\n<li>22 vnt., Jinko Tiger N-Type 48HL4M-DB 455W.<\/li>\n<li>1 vnt., Komunikacijos antena.<\/li>\n<li>Trapecin\u0117s skardos stogui skirta tvirtinimo konstrukcija, 10 met\u0173 garantija (komplektas 22 vnt. moduliams).<\/li>\n<\/ul>\n<div class=\"description woocommerce-product-details__short-description\">\n<div class=\"description woocommerce-product-details__short-description\">\n<p><a href=\"https:\/\/solaroutlet.lt\/apva-parama-saules-elektrinems-2025-m-fiziniams-asmenims\/\"><img decoding=\"async\" class=\"alignleft wp-image-8271\" src=\"http:\/\/solaroutlet.lt\/wp-content\/uploads\/2025\/02\/Lietuvos-energetikos-agentura-finansavimas-300x155.png\" alt=\"\" width=\"207\" height=\"107\" \/><\/a><\/p>\n<\/div>\n<\/div>\n<div class=\"wpb_custom_0ee23895009ca265b2bcfc2b33fb9222\"><\/div>\n<p><!--more--><\/p>\n<p><a href=\"https:\/\/solaroutlet.lt\/nerandate-tinkamo-komplekto-susisiekime\/\"><img decoding=\"async\" class=\"alignnone wp-image-8553\" src=\"http:\/\/solaroutlet.lt\/wp-content\/uploads\/2025\/03\/Nerandate-tinkamo-komplekto-3-300x155.png\" alt=\"\" width=\"211\" height=\"109\" \/><\/a><\/p>\n","protected":false},"featured_media":8246,"comment_status":"open","ping_status":"closed","template":"","meta":{"_acf_changed":false,"om_disable_all_campaigns":false,"_uf_show_specific_survey":0,"_uf_disable_surveys":false},"pwb-brand":[201,192],"gamintojas":[96,147],"product_brand":[],"product_cat":[287,288],"product_tag":[],"class_list":{"0":"post-8245","1":"product","2":"type-product","3":"status-publish","4":"has-post-thumbnail","6":"pwb-brand-huawei","7":"pwb-brand-jinko","8":"gamintojas-huawei","9":"gamintojas-jinko","10":"product_cat-saules-elektriniu-komplektai","11":"product_cat-saules-elektriniu-komplektai-optimalus","12":"product_shipping_class-g-pristatymo-klase","14":"first","15":"instock","16":"sale","17":"taxable","18":"shipping-taxable","19":"purchasable","20":"product-type-simple"},"acf":[],"aioseo_notices":[],"brands":[{"id":201,"name":"Huawei","slug":"huawei"},{"id":192,"name":"Jinko","slug":"jinko"}],"_links":{"self":[{"href":"https:\/\/solaroutlet.lt\/en\/wp-json\/wp\/v2\/product\/8245","targetHints":{"allow":["GET"]}}],"collection":[{"href":"https:\/\/solaroutlet.lt\/en\/wp-json\/wp\/v2\/product"}],"about":[{"href":"https:\/\/solaroutlet.lt\/en\/wp-json\/wp\/v2\/types\/product"}],"replies":[{"embeddable":true,"href":"https:\/\/solaroutlet.lt\/en\/wp-json\/wp\/v2\/comments?post=8245"}],"wp:featuredmedia":[{"embeddable":true,"href":"https:\/\/solaroutlet.lt\/en\/wp-json\/wp\/v2\/media\/8246"}],"wp:attachment":[{"href":"https:\/\/solaroutlet.lt\/en\/wp-json\/wp\/v2\/media?parent=8245"}],"wp:term":[{"taxonomy":"pwb-brand","embeddable":true,"href":"https:\/\/solaroutlet.lt\/en\/wp-json\/wp\/v2\/pwb-brand?post=8245"},{"taxonomy":"gamintojas","embeddable":true,"href":"https:\/\/solaroutlet.lt\/en\/wp-json\/wp\/v2\/gamintojas?post=8245"},{"taxonomy":"product_brand","embeddable":true,"href":"https:\/\/solaroutlet.lt\/en\/wp-json\/wp\/v2\/product_brand?post=8245"},{"taxonomy":"product_cat","embeddable":true,"href":"https:\/\/solaroutlet.lt\/en\/wp-json\/wp\/v2\/product_cat?post=8245"},{"taxonomy":"product_tag","embeddable":true,"href":"https:\/\/solaroutlet.lt\/en\/wp-json\/wp\/v2\/product_tag?post=8245"}],"curies":[{"name":"wp","href":"https:\/\/api.w.org\/{rel}","templated":true}]}}