{"id":8253,"date":"2025-02-25T16:34:15","date_gmt":"2025-02-25T13:34:15","guid":{"rendered":"https:\/\/solaroutlet.lt\/?post_type=product&#038;p=8253"},"modified":"2025-12-08T17:18:59","modified_gmt":"2025-12-08T14:18:59","slug":"10-kw-saules-elektrines-komplektas-11-kw-ikrovimo-stotele-sungrow-ir-trina","status":"publish","type":"product","link":"https:\/\/solaroutlet.lt\/en\/produktas\/10-kw-saules-elektrines-komplektas-11-kw-ikrovimo-stotele-sungrow-ir-trina\/","title":{"rendered":"10 kW saul\u0117s elektrin\u0117s komplektas + 11 kW \u012fkrovimo stotel\u0117. Sungrow ir Trina"},"content":{"rendered":"<p><strong>Sungrow SG10RT-P2, 10 kW inverterio apra\u0161ymas:<\/strong><\/p>\n<ul>\n<li>Efektyvumas 97,8 %.<\/li>\n<li>MPPT skai\u010dius \u2013 2.<\/li>\n<li>Tipas \u2013 trifazis inverteris.<\/li>\n<li>Galia \u2013 10 kW.<\/li>\n<li>Integruota apsauga nuo vir\u0161\u012ftampi\u0173.<\/li>\n<li>Nuotolinio steb\u0117jimo galimyb\u0117.<\/li>\n<li>10 met\u0173 garantija.<\/li>\n<li>Saugos klas\u0117 IP65.<\/li>\n<li>Antikorozin\u0117 klas\u0117 C5.<\/li>\n<li>Darbin\u0117 temperat\u016bra nuo -25\u00b0C iki +60\u00b0C.<\/li>\n<li>Au\u0161inimo tipas nat\u016brali ventiliacija<\/li>\n<li>I\u0161matavimai 370*480*195 mm.<\/li>\n<li>Svoris 18 kg.<\/li>\n<\/ul>\n<p><strong>TECHNINIAI DUOMENYS ATSISIUNTIMUI:<\/strong><\/p>\n<p><strong>\u27a1\ufe0f<a href=\"http:\/\/solaroutlet.lt\/wp-content\/uploads\/2024\/05\/Sungrow-5-12-datasheet-DS_20230228_SG5.0_6.0_7.0_8.0_10_12RT_Datasheet_V18_EN.pdf\" target=\"_blank\" rel=\"noopener\">Techniniai duomenys \u010dia<\/a>.<\/strong><\/p>\n<p>&nbsp;<\/p>\n<p><strong>TrinaSolar VERTEX S+ NEG9R.28 455 W, N-Type Stiklas\/Stiklas saul\u0117s moduli\u0173 apra\u0161ymas:<\/strong><\/p>\n<ul>\n<li>Moduliai Stiklas\/Stiklas<\/li>\n<li>Saul\u0117s modulio efektyvumas 22,8%<\/li>\n<li>25 met\u0173 produkto garantija.<\/li>\n<li>Suteikiama 30 met\u0173 efektyvumo garantija, kuri garantuoja, kad po 30 met\u0173 modulis dirbs ne ma\u017eesniu kaip 87,4% efektyvumu.<\/li>\n<li>Modulio matmenys: 1762*1134*30 mm.<\/li>\n<li>Modulio svoris \u2013 21,0 kg.<\/li>\n<\/ul>\n<p><strong>TECHNINIAI DUOMENYS ATSISIUNTIMUI:<\/strong><\/p>\n<p><strong>\u27a1\ufe0f<a href=\"http:\/\/solaroutlet.lt\/wp-content\/uploads\/2025\/01\/455W-stiklas-stiklas-Datasheet_Vertex-S_NEG9R.28_EN_2024_A_web-NEW.pdf\" target=\"_blank\" rel=\"noopener\">Techniniai duomenys \u010dia<\/a>.<\/strong><\/p>\n<p>&nbsp;<\/p>\n<p><strong>Goomax tvirtinimo konstrukcija:<\/strong><\/p>\n<ul>\n<li>Aliuminiai b\u0117geliai 6m.<\/li>\n<li>Smeig\u0117s (nuo stogo dangos priklausomai M10x180mm ar M10x200mm)<\/li>\n<li>B\u0117gelio laikikliai prie smeig\u0117s.<\/li>\n<li>Aliuminio b\u0117gelio dangteliai, juodas.<\/li>\n<li>Galiniai modulio laikikliai.<\/li>\n<li>Vidurinis modulio laikikliai.<\/li>\n<\/ul>\n<p><strong>Sungrow EV Charger AC 11 kW AC011E-01 \u012fkrovimo stotel\u0117s apra\u0161ymas:<\/strong><\/p>\n<ul>\n<li>11 kW galia.<\/li>\n<li>Type 2 jungties tipas.<\/li>\n<li>Tipas &#8211; trifaz\u0117 \u012fkrovimo stotel\u0117.<\/li>\n<li>7 m. kabelis.<\/li>\n<li>IP65 klas\u0117.<\/li>\n<\/ul>\n<p><strong>TECHNINIAI DUOMENYS ATSISIUNTIMUI:<\/strong><\/p>\n<p><strong>\u27a1\ufe0f<a href=\"http:\/\/solaroutlet.lt\/wp-content\/uploads\/2025\/02\/AC011E-01_datasheet.pdf\" target=\"_blank\" rel=\"noopener\">Techniniai duomenys \u010dia.<\/a><\/strong><\/p>\n","protected":false},"excerpt":{"rendered":"<p><strong>10,47 kW saul\u0117s elektrin\u0117s \u012frangos komplektas \u012f kur\u012f \u012feina:<\/strong><\/p>\n<ul>\n<li>1 vnt., Sungrow SG10RT-P2, 10kW inverteris.<\/li>\n<li>23 vnt., TrinaSolar VERTEX S+ NEG9R.28 455 W, N-Type Stiklas\/Stiklas.<\/li>\n<li>1 vnt., Komunikacijos antena.<\/li>\n<li>Banguot\u0173 lak\u0161t\u0173 ir \u0161iferio stogui skirta tvirtinimo konstrukcija, 10 met\u0173 garantija (komplektas 23 vnt. moduliams).<\/li>\n<li>Sungrow \u012fkrovimo stotel\u0117 AC 11 kW.<\/li>\n<\/ul>\n<p>&nbsp;<\/p>\n<div class=\"description woocommerce-product-details__short-description\">\n<div class=\"description woocommerce-product-details__short-description\">\n<p><a href=\"https:\/\/solaroutlet.lt\/apva-parama-saules-elektrinems-2025-m-fiziniams-asmenims\/\"><img decoding=\"async\" class=\"alignleft wp-image-8271\" src=\"http:\/\/solaroutlet.lt\/wp-content\/uploads\/2025\/02\/Lietuvos-energetikos-agentura-finansavimas-300x155.png\" alt=\"\" width=\"207\" height=\"107\" \/><\/a><\/p>\n<\/div>\n<\/div>\n<div class=\"wpb_custom_0ee23895009ca265b2bcfc2b33fb9222\"><\/div>\n<p><!--more--><\/p>\n<p><a href=\"https:\/\/solaroutlet.lt\/nerandate-tinkamo-komplekto-susisiekime\/\"><img decoding=\"async\" class=\"alignnone wp-image-8553\" src=\"http:\/\/solaroutlet.lt\/wp-content\/uploads\/2025\/03\/Nerandate-tinkamo-komplekto-3-300x155.png\" alt=\"\" width=\"211\" height=\"109\" \/><\/a><\/p>\n","protected":false},"featured_media":8254,"comment_status":"open","ping_status":"closed","template":"","meta":{"_acf_changed":false,"om_disable_all_campaigns":false,"_uf_show_specific_survey":0,"_uf_disable_surveys":false},"pwb-brand":[182,248],"gamintojas":[98,94],"product_brand":[],"product_cat":[287,289],"product_tag":[],"class_list":{"0":"post-8253","1":"product","2":"type-product","3":"status-publish","4":"has-post-thumbnail","6":"pwb-brand-sungrow","7":"pwb-brand-trinasolar","8":"gamintojas-sungrow","9":"gamintojas-trinasolar","10":"product_cat-saules-elektriniu-komplektai","11":"product_cat-saules-elektriniu-komplektai-mobilus","12":"product_shipping_class-h-pristatymo-klase","14":"first","15":"instock","16":"sale","17":"taxable","18":"shipping-taxable","19":"purchasable","20":"product-type-simple"},"acf":[],"aioseo_notices":[],"brands":[{"id":182,"name":"Sungrow","slug":"sungrow"},{"id":248,"name":"TrinaSolar","slug":"trinasolar"}],"_links":{"self":[{"href":"https:\/\/solaroutlet.lt\/en\/wp-json\/wp\/v2\/product\/8253","targetHints":{"allow":["GET"]}}],"collection":[{"href":"https:\/\/solaroutlet.lt\/en\/wp-json\/wp\/v2\/product"}],"about":[{"href":"https:\/\/solaroutlet.lt\/en\/wp-json\/wp\/v2\/types\/product"}],"replies":[{"embeddable":true,"href":"https:\/\/solaroutlet.lt\/en\/wp-json\/wp\/v2\/comments?post=8253"}],"wp:featuredmedia":[{"embeddable":true,"href":"https:\/\/solaroutlet.lt\/en\/wp-json\/wp\/v2\/media\/8254"}],"wp:attachment":[{"href":"https:\/\/solaroutlet.lt\/en\/wp-json\/wp\/v2\/media?parent=8253"}],"wp:term":[{"taxonomy":"pwb-brand","embeddable":true,"href":"https:\/\/solaroutlet.lt\/en\/wp-json\/wp\/v2\/pwb-brand?post=8253"},{"taxonomy":"gamintojas","embeddable":true,"href":"https:\/\/solaroutlet.lt\/en\/wp-json\/wp\/v2\/gamintojas?post=8253"},{"taxonomy":"product_brand","embeddable":true,"href":"https:\/\/solaroutlet.lt\/en\/wp-json\/wp\/v2\/product_brand?post=8253"},{"taxonomy":"product_cat","embeddable":true,"href":"https:\/\/solaroutlet.lt\/en\/wp-json\/wp\/v2\/product_cat?post=8253"},{"taxonomy":"product_tag","embeddable":true,"href":"https:\/\/solaroutlet.lt\/en\/wp-json\/wp\/v2\/product_tag?post=8253"}],"curies":[{"name":"wp","href":"https:\/\/api.w.org\/{rel}","templated":true}]}}