{"id":8414,"date":"2025-03-06T16:45:13","date_gmt":"2025-03-06T13:45:13","guid":{"rendered":"https:\/\/solaroutlet.lt\/?post_type=product&#038;p=8414"},"modified":"2026-04-01T14:15:26","modified_gmt":"2026-04-01T11:15:26","slug":"10-kw-saules-elektrine-sungrow-aiko-montavimo-konstrukcija","status":"publish","type":"product","link":"https:\/\/solaroutlet.lt\/en\/produktas\/10-kw-saules-elektrine-sungrow-aiko-montavimo-konstrukcija\/","title":{"rendered":"10 kW saul\u0117s elektrin\u0117, Sungrow + Aiko + montavimo konstrukcija"},"content":{"rendered":"<p><strong>Sungrow SG10.0RT, 10<\/strong><strong>kW inverterio apra\u0161ymas:<\/strong><\/p>\n<ul>\n<li>Efektyvumas 97,8 %.<\/li>\n<li>MPPT skai\u010dius \u2013 2.<\/li>\n<li>Tipas \u2013 trifazis inverteris.<\/li>\n<li>Galia \u2013 10 kW.<\/li>\n<li>Integruota apsauga nuo vir\u0161\u012ftampi\u0173.<\/li>\n<li>Nuotolinio steb\u0117jimo galimyb\u0117.<\/li>\n<li>10 met\u0173 garantija.<\/li>\n<li>Saugos klas\u0117 IP65.<\/li>\n<li>Antikorozin\u0117 klas\u0117 C5.<\/li>\n<li>Darbin\u0117 temperat\u016bra nuo -25\u00b0C iki +60\u00b0C.<\/li>\n<li>Au\u0161inimo tipas nat\u016brali ventiliacija<\/li>\n<li>I\u0161matavimai 370*480*195 mm.<\/li>\n<li>Svoris 18 kg<\/li>\n<\/ul>\n<p><strong>TECHNINIAI DUOMENYS ATSISIUNTIMUI:<\/strong><\/p>\n<p><strong>\u27a1\ufe0f<a href=\"http:\/\/solaroutlet.lt\/wp-content\/uploads\/2024\/05\/Sungrow-5-12-datasheet-DS_20230228_SG5.0_6.0_7.0_8.0_10_12RT_Datasheet_V18_EN.pdf\">Techniniai duomenys \u010dia<\/a>.<\/strong><\/p>\n<p>&nbsp;<\/p>\n<p><strong>Aiko N-Type ABC Neostar 2S 445W AIKO-A445-MAH54Mb, Full Black saul\u0117s moduli\u0173 apra\u0161ymas:<\/strong><\/p>\n<ul>\n<li>Saul\u0117s modulio efektyvumas 22,1% .<\/li>\n<li>25 met\u0173 produkto garantija.<\/li>\n<li>Suteikiama 30 met\u0173 efektyvumo garantija, kuri garantuoja, kad po 30 met\u0173 modulis dirbs ne ma\u017eesniu kaip 88,85% efektyvumu.<\/li>\n<li>Modulio matmenys: 1757*1134*30 mm.<\/li>\n<li>Modulio svoris \u2013 21,5 kg.<\/li>\n<\/ul>\n<p><strong>TECHNINIAI DUOMENYS ATSISIUNTIMUI:<\/strong><\/p>\n<p><strong>\u27a1\ufe0f<a href=\"http:\/\/solaroutlet.lt\/wp-content\/uploads\/2025\/02\/AIKO-A440-MAH54Mb-EN-Neostar2S.pdf\">Techniniai duomenys \u010dia.<\/a><\/strong><\/p>\n<p>&nbsp;<\/p>\n<p><strong>Goomax tvirtinimo konstrukcija:<\/strong><\/p>\n<ul>\n<li>Aliuminiai b\u0117geliai 6m.<\/li>\n<li>Smeig\u0117s (nuo stogo dangos priklausomai M10x180mm ar M10x200mm)<\/li>\n<li>B\u0117gelio laikikliai prie smeig\u0117s.<\/li>\n<li>Aliuminio b\u0117gelio dangteliai, juodas.<\/li>\n<li>Galiniai modulio laikikliai.<\/li>\n<li>Vidurinis modulio laikikliai.<\/li>\n<\/ul>\n","protected":false},"excerpt":{"rendered":"<p><strong>10,12 kW saul\u0117s elektrin\u0117s \u012frangos komplektas \u012f kur\u012f \u012feina:<\/strong><\/p>\n<ul>\n<li>1 vnt., Sungrow SG10.0RT, 10kW inverteris.<\/li>\n<li>23 vnt., Aiko N-Type ABC Neostar 2S 445W AIKO-A445-MAH54Mb.<\/li>\n<li>1 vnt., Komunikacijos antena.<\/li>\n<li>Banguot\u0173 lak\u0161t\u0173 ir \u0161iferio stogui skirta tvirtinimo konstrukcija, 10 met\u0173 garantija (komplektas 23 vnt. moduliams).<\/li>\n<\/ul>\n<div class=\"wpb_custom_0ee23895009ca265b2bcfc2b33fb9222\">\n<div class=\"description woocommerce-product-details__short-description\">\n<div class=\"description woocommerce-product-details__short-description\">\n<div class=\"description woocommerce-product-details__short-description\">\n<p><a href=\"https:\/\/solaroutlet.lt\/apva-parama-saules-elektrinems-2025-m-fiziniams-asmenims\/\"><img decoding=\"async\" class=\"alignleft wp-image-8271\" src=\"http:\/\/solaroutlet.lt\/wp-content\/uploads\/2025\/02\/Lietuvos-energetikos-agentura-finansavimas-300x155.png\" alt=\"\" width=\"207\" height=\"107\" \/><\/a><\/p>\n<\/div>\n<\/div>\n<div class=\"wpb_custom_0ee23895009ca265b2bcfc2b33fb9222\"><\/div>\n<p><!--more--><\/p>\n<p><a href=\"https:\/\/solaroutlet.lt\/nerandate-tinkamo-komplekto-susisiekime\/\"><img decoding=\"async\" class=\"alignnone wp-image-8553\" src=\"http:\/\/solaroutlet.lt\/wp-content\/uploads\/2025\/03\/Nerandate-tinkamo-komplekto-3-300x155.png\" alt=\"\" width=\"211\" height=\"109\" \/><\/a><\/p>\n<\/div>\n<\/div>\n","protected":false},"featured_media":8415,"comment_status":"open","ping_status":"closed","template":"","meta":{"_acf_changed":false,"om_disable_all_campaigns":false,"_uf_show_specific_survey":0,"_uf_disable_surveys":false},"pwb-brand":[193,182],"gamintojas":[186,98],"product_brand":[],"product_cat":[287,288],"product_tag":[],"class_list":{"0":"post-8414","1":"product","2":"type-product","3":"status-publish","4":"has-post-thumbnail","6":"pwb-brand-aiko","7":"pwb-brand-sungrow","8":"gamintojas-aiko","9":"gamintojas-sungrow","10":"product_cat-saules-elektriniu-komplektai","11":"product_cat-saules-elektriniu-komplektai-optimalus","12":"product_shipping_class-h-pristatymo-klase","14":"first","15":"outofstock","16":"sale","17":"taxable","18":"shipping-taxable","19":"purchasable","20":"product-type-simple"},"acf":[],"aioseo_notices":[],"brands":[{"id":193,"name":"Aiko","slug":"aiko"},{"id":182,"name":"Sungrow","slug":"sungrow"}],"_links":{"self":[{"href":"https:\/\/solaroutlet.lt\/en\/wp-json\/wp\/v2\/product\/8414","targetHints":{"allow":["GET"]}}],"collection":[{"href":"https:\/\/solaroutlet.lt\/en\/wp-json\/wp\/v2\/product"}],"about":[{"href":"https:\/\/solaroutlet.lt\/en\/wp-json\/wp\/v2\/types\/product"}],"replies":[{"embeddable":true,"href":"https:\/\/solaroutlet.lt\/en\/wp-json\/wp\/v2\/comments?post=8414"}],"wp:featuredmedia":[{"embeddable":true,"href":"https:\/\/solaroutlet.lt\/en\/wp-json\/wp\/v2\/media\/8415"}],"wp:attachment":[{"href":"https:\/\/solaroutlet.lt\/en\/wp-json\/wp\/v2\/media?parent=8414"}],"wp:term":[{"taxonomy":"pwb-brand","embeddable":true,"href":"https:\/\/solaroutlet.lt\/en\/wp-json\/wp\/v2\/pwb-brand?post=8414"},{"taxonomy":"gamintojas","embeddable":true,"href":"https:\/\/solaroutlet.lt\/en\/wp-json\/wp\/v2\/gamintojas?post=8414"},{"taxonomy":"product_brand","embeddable":true,"href":"https:\/\/solaroutlet.lt\/en\/wp-json\/wp\/v2\/product_brand?post=8414"},{"taxonomy":"product_cat","embeddable":true,"href":"https:\/\/solaroutlet.lt\/en\/wp-json\/wp\/v2\/product_cat?post=8414"},{"taxonomy":"product_tag","embeddable":true,"href":"https:\/\/solaroutlet.lt\/en\/wp-json\/wp\/v2\/product_tag?post=8414"}],"curies":[{"name":"wp","href":"https:\/\/api.w.org\/{rel}","templated":true}]}}