{"id":8536,"date":"2025-03-19T17:11:25","date_gmt":"2025-03-19T14:11:25","guid":{"rendered":"https:\/\/solaroutlet.lt\/?post_type=product&#038;p=8536"},"modified":"2026-02-23T11:34:19","modified_gmt":"2026-02-23T08:34:19","slug":"huawei-smart-guard-63a","status":"publish","type":"product","link":"https:\/\/solaroutlet.lt\/en\/produktas\/huawei-smart-guard-63a\/","title":{"rendered":"Huawei Smart Guard 63A"},"content":{"rendered":"<p class=\"p1\"><strong>Technin\u0117s specifikacijos:<\/strong><\/p>\n<p class=\"p4\"><span class=\"s1\">\u2022\u00a0<\/span>Nominali \u012ftampa:\u00a0380\/400\/415 V (L1\/L2\/L3\/N+PE)<\/p>\n<p class=\"p4\"><span class=\"s1\">\u2022\u00a0<\/span>Maksimali srov\u0117 i\u0161 tinklo<span class=\"s1\">\u00a063 A<\/span><\/p>\n<p class=\"p5\"><span class=\"s1\">\u2022 Maksimali srov\u0117 \u012f<\/span> inverter\u012f<span class=\"s1\">\u00a060 A<\/span><\/p>\n<p class=\"p5\"><span class=\"s1\">\u2022 Maksimali srov\u0117 \u012f<\/span> atsarginius (backup) apkrovimus<span class=\"s1\">\u00a063 A<\/span><\/p>\n<p class=\"p5\"><span class=\"s1\">\u2022 Maksimali srov\u0117 \u012f<\/span>\u00a0neatsarginius (non-backup) apkrovimus:<span class=\"s1\">\u00a063 A<\/span><\/p>\n<p class=\"p4\"><span class=\"s1\">\u2022\u00a0<\/span>Atsargin\u0117s energijos perjungimo laikas:\u00a0\u226420 ms<b><\/b><\/p>\n<p class=\"p4\"><span class=\"s1\">\u2022\u00a0<\/span>Apsauga nuo perkrov\u0173, vir\u0161\u012ftampi\u0173 ir trump\u0173j\u0173 jungim\u0173<\/p>\n<p class=\"p4\"><span class=\"s1\">\u2022\u00a0<\/span>Automatinis tinklo \u012ftampos atpa\u017einimas<\/p>\n<p class=\"p4\"><span class=\"s1\">\u2022\u00a0<\/span>Integracija su Huawei EMMA sistema optimaliam energijos paskirstymui<\/p>\n<p class=\"p6\">\u2022 Atsparumas dulk\u0117ms ir vandeniui IP55<\/p>\n<p class=\"p4\"><span class=\"s1\">\u2022\u00a0<\/span>Darbin\u0117 temperat\u016bra nuo<span class=\"s1\">\u00a0-25\u00b0C iki +50\u00b0C<\/span><\/p>\n<p class=\"p6\">\u2022 Au\u0161inimas be papildom\u0173 ventiliatori\u0173<\/p>\n<p class=\"p4\"><span class=\"s1\">\u2022<strong>\u00a0<\/strong><\/span>Triuk\u0161mo lygis\u00a0&lt;29 dB<\/p>\n<p><span class=\"s1\">\u2022<strong>\u00a0<\/strong><\/span>Matmenys\u00a0600mm\u00d7170mm\u00d7490mm<\/p>\n<p><span class=\"s1\">\u2022<strong>\u00a0<\/strong><\/span>Svoris 17kg<\/p>\n<p><span class=\"s1\">Huawei SmartGuard-63A-T0-AUT0<\/span>\u00a0gali b\u016bti naudojamas kartu su\u00a0<span class=\"s1\">generatoriumi<\/span>, ta\u010diau jungimas turi b\u016bti atliekamas\u00a0<span class=\"s1\">per atsargin\u0117s apkrovos grandin\u0119<\/span>, valdant j\u012f inverteriu arba i\u0161mani\u0105ja rel\u0117mis pagr\u012fsta sistema. \u0160is i\u0161manus valdiklis p<span class=\"s2\">alaiko <\/span>380V\/400V\/415V trifaz\u0119 \u012ftamp\u0105<span class=\"s2\">\u00a0ir\u00a0<\/span>50\/60 Hz da\u017en\u012f<span class=\"s2\">. <\/span>Geriausiai veikia su <span class=\"s1\">inverterinio tipo generatoriais<\/span>, u\u017etikrinant stabil\u0173 da\u017en\u012f ir \u012ftamp\u0105. Generatorius neturi b\u016bti prijungtas tiesiogiai prie SmartGuard, bet per <span class=\"s1\">atsargin\u0117s apkrovos skyd\u0105 (backup load panel)<\/span>. A<span class=\"s1\">utomatiniam generatoriaus \u012fjungimui\/i\u0161jungimui gali b\u016bti naudojami i\u0161manieji jungikliai Shelly<\/span>. EMMA sistema gali optimizuoti energijos paskirstym\u0105, \u012fjungiant generatori\u0173 tik esant b\u016btinybei.<\/p>\n<p><strong>TECHNINIAI DUOMENYS ATSISIUNTIMUI:<\/strong><\/p>\n<p><strong>\u27a1\ufe0f<a href=\"http:\/\/solaroutlet.lt\/wp-content\/uploads\/2025\/03\/SmartGuard.pdf\">Techniniai duomenys \u010dia.<\/a><\/strong><\/p>\n","protected":false},"excerpt":{"rendered":"<p><strong><span class=\"s1\">Huawei SmartGuard-63A-TO-AUTO<\/span><\/strong>\u00a0\u2013 tai pa\u017eangus\u00a0<span class=\"s1\">trifazis energijos valdymo modulis<\/span>, skirtas\u00a0<span class=\"s1\">nepertraukiamam elektros tiekimui u\u017etikrinti<\/span>. Jis aptinka elektros tinklo sutrikimus ir akimirksniu perjungia energijos tiekim\u0105 \u012f atsargin\u012f \u0161altin\u012f \u2013 <strong>baterijas<\/strong> arba <strong>generatori\u0173<\/strong>. Taip pat jis saugo jautrius prietaisus nuo elektros tiekimo pertr\u016bki\u0173 bei leid\u017eia valdyti energijos paskirstym\u0105 tarp atsargini\u0173 ir neatsargini\u0173 apkrov\u0173. J\u012f galima integruoti su <strong>Huawei FusionSolar APP<\/strong>, <strong>EMMA<\/strong> ir <strong>Shelly<\/strong> sistemomis.<\/p>\n<p><strong>Pagrindin\u0117s savyb\u0117s:<\/strong><\/p>\n<ul>\n<li>palaiko iki\u00a0<strong><span class=\"s1\">63 A<\/span><\/strong> srov\u0117s, leid\u017eia stabiliai tiekti energij\u0105 net ir esant didel\u0117ms apkrovoms<\/li>\n<li>elektros tiekimo sutrikimo atveju perjungimas \u012f atsargin\u012f maitinim\u0105 \u012fvyksta per<strong>\u00a0<span class=\"s1\">\u226420 ms<\/span><\/strong>, taip apsaugant jautrius prietaisus nuo i\u0161sijungimo<\/li>\n<li>optimizuoja elektros tiekim\u0105 naudodamas <strong>EMMA<\/strong>, padeda ma\u017einti s\u0105naudas ir u\u017etikrina energijos naudojimo efektyvum\u0105<\/li>\n<li>leid\u017eia valdyti energijos vartojim\u0105 ir automatizuoti elektros tiekimo procesus<\/li>\n<li>D\u0117l <strong>IP55<\/strong> apsaugos nuo dulki\u0173 ir vandens \u012frenginys tinkamas montuoti tiek patalpose, tiek lauke<\/li>\n<li>Prie sistemos galima jungti baterijas ar generatori\u0173<\/li>\n<li>D\u0117l rankinio <strong>BYPASS<\/strong> jungiklio galima i\u0161laikyti sistem\u0105 veikian\u010di\u0105 net ir trikd\u017ei\u0173 atveju<\/li>\n<li>kompakti\u0161kas dizainas (600 mm x 170 mm x 490 mm)<\/li>\n<\/ul>\n","protected":false},"featured_media":8537,"comment_status":"open","ping_status":"closed","template":"","meta":{"_acf_changed":false,"om_disable_all_campaigns":false,"_uf_show_specific_survey":0,"_uf_disable_surveys":false},"pwb-brand":[201],"gamintojas":[96],"product_brand":[],"product_cat":[108],"product_tag":[],"class_list":{"0":"post-8536","1":"product","2":"type-product","3":"status-publish","4":"has-post-thumbnail","6":"pwb-brand-huawei","7":"gamintojas-huawei","8":"product_cat-elektros-energijos-kaupikliai-baterijos","9":"product_shipping_class-b-pristatymo-klase","11":"first","12":"instock","13":"taxable","14":"shipping-taxable","15":"purchasable","16":"product-type-simple"},"acf":[],"aioseo_notices":[],"brands":[{"id":201,"name":"Huawei","slug":"huawei"}],"_links":{"self":[{"href":"https:\/\/solaroutlet.lt\/en\/wp-json\/wp\/v2\/product\/8536","targetHints":{"allow":["GET"]}}],"collection":[{"href":"https:\/\/solaroutlet.lt\/en\/wp-json\/wp\/v2\/product"}],"about":[{"href":"https:\/\/solaroutlet.lt\/en\/wp-json\/wp\/v2\/types\/product"}],"replies":[{"embeddable":true,"href":"https:\/\/solaroutlet.lt\/en\/wp-json\/wp\/v2\/comments?post=8536"}],"wp:featuredmedia":[{"embeddable":true,"href":"https:\/\/solaroutlet.lt\/en\/wp-json\/wp\/v2\/media\/8537"}],"wp:attachment":[{"href":"https:\/\/solaroutlet.lt\/en\/wp-json\/wp\/v2\/media?parent=8536"}],"wp:term":[{"taxonomy":"pwb-brand","embeddable":true,"href":"https:\/\/solaroutlet.lt\/en\/wp-json\/wp\/v2\/pwb-brand?post=8536"},{"taxonomy":"gamintojas","embeddable":true,"href":"https:\/\/solaroutlet.lt\/en\/wp-json\/wp\/v2\/gamintojas?post=8536"},{"taxonomy":"product_brand","embeddable":true,"href":"https:\/\/solaroutlet.lt\/en\/wp-json\/wp\/v2\/product_brand?post=8536"},{"taxonomy":"product_cat","embeddable":true,"href":"https:\/\/solaroutlet.lt\/en\/wp-json\/wp\/v2\/product_cat?post=8536"},{"taxonomy":"product_tag","embeddable":true,"href":"https:\/\/solaroutlet.lt\/en\/wp-json\/wp\/v2\/product_tag?post=8536"}],"curies":[{"name":"wp","href":"https:\/\/api.w.org\/{rel}","templated":true}]}}