{"id":8613,"date":"2025-03-21T12:21:07","date_gmt":"2025-03-21T09:21:07","guid":{"rendered":"https:\/\/solaroutlet.lt\/?post_type=product&#038;p=8613"},"modified":"2025-08-26T11:18:26","modified_gmt":"2025-08-26T08:18:26","slug":"12-vnt-moduliu-antzemine-konstrukcija-saknine-moduliams-iki-180-m","status":"publish","type":"product","link":"https:\/\/solaroutlet.lt\/en\/produktas\/12-vnt-moduliu-antzemine-konstrukcija-saknine-moduliams-iki-180-m\/","title":{"rendered":"12 vnt. moduli\u0173 ant\u017eemin\u0117 konstrukcija &#8211; \u0161aknin\u0117, moduliams iki 1,80 m."},"content":{"rendered":"<ul>\n<li>S235 plienas dengtas cinku.<\/li>\n<li>V\u0117jo apkrova iki 32 m\/s.<\/li>\n<li>Sniego apkrova iki 1,6 kN\/m2.<\/li>\n<li>Modulio orientacija &#8211; vertikaliai, horizontaliai.<\/li>\n<li>Pasvirimo kampas &#8211; 25, 30, 35 lapsniai.<\/li>\n<li>Pagaminta Lietuvoje.<\/li>\n<li>Garantija 25 metai.<\/li>\n<\/ul>\n<p>Pagrindin\u0117s konstrukcijos dalis:<\/p>\n<ul>\n<li>Vir\u0161utinis profilis<\/li>\n<li>Var\u017et\u0173 komplektas<\/li>\n<li>Savisriegiai<\/li>\n<li>Prispaud\u0117jas vidurinis<\/li>\n<li>Prispaud\u0117jas galinis<\/li>\n<li>Kai\u0161\u010diai sukalimui<\/li>\n<li>Inverterio u\u017edengimas<\/li>\n<li>inverterio laikiklis<\/li>\n<li>Inverterio plok\u0161tel\u0117<\/li>\n<\/ul>\n","protected":false},"excerpt":{"rendered":"<p>Komplektas ant\u017eemin\u0117s konstrukcij\u0173 12 vnt., saul\u0117s moduli\u0173, kuri\u0173 dydis iki 1,80 m.<\/p>\n<p>PAPRASTAS SURINKIMAS PATOGU TRANSPORTUOTI LENGVA PRITAIKYTI<\/p>\n<ul>\n<li style=\"list-style-type: none;\">\n<ul>\n<li>Konstrukcij\u0105 sudaro tarpusavyje lengvai ir greitai surenkamos dalys.<\/li>\n<li>Montuojant nereikia specialios \u012frangos, kalimui naudojami rankiniai \u012frankiai.<\/li>\n<\/ul>\n<\/li>\n<\/ul>\n","protected":false},"featured_media":8603,"comment_status":"open","ping_status":"closed","template":"","meta":{"_acf_changed":false,"om_disable_all_campaigns":false,"_uf_show_specific_survey":0,"_uf_disable_surveys":false},"pwb-brand":[],"gamintojas":[],"product_brand":[],"product_cat":[123],"product_tag":[],"class_list":{"0":"post-8613","1":"product","2":"type-product","3":"status-publish","4":"has-post-thumbnail","6":"product_cat-tvirtinimo-konstruktyvai","7":"product_shipping_class-f-pristatymo-klase","9":"first","10":"instock","11":"taxable","12":"shipping-taxable","13":"purchasable","14":"product-type-simple"},"acf":[],"aioseo_notices":[],"brands":[],"_links":{"self":[{"href":"https:\/\/solaroutlet.lt\/en\/wp-json\/wp\/v2\/product\/8613","targetHints":{"allow":["GET"]}}],"collection":[{"href":"https:\/\/solaroutlet.lt\/en\/wp-json\/wp\/v2\/product"}],"about":[{"href":"https:\/\/solaroutlet.lt\/en\/wp-json\/wp\/v2\/types\/product"}],"replies":[{"embeddable":true,"href":"https:\/\/solaroutlet.lt\/en\/wp-json\/wp\/v2\/comments?post=8613"}],"wp:featuredmedia":[{"embeddable":true,"href":"https:\/\/solaroutlet.lt\/en\/wp-json\/wp\/v2\/media\/8603"}],"wp:attachment":[{"href":"https:\/\/solaroutlet.lt\/en\/wp-json\/wp\/v2\/media?parent=8613"}],"wp:term":[{"taxonomy":"pwb-brand","embeddable":true,"href":"https:\/\/solaroutlet.lt\/en\/wp-json\/wp\/v2\/pwb-brand?post=8613"},{"taxonomy":"gamintojas","embeddable":true,"href":"https:\/\/solaroutlet.lt\/en\/wp-json\/wp\/v2\/gamintojas?post=8613"},{"taxonomy":"product_brand","embeddable":true,"href":"https:\/\/solaroutlet.lt\/en\/wp-json\/wp\/v2\/product_brand?post=8613"},{"taxonomy":"product_cat","embeddable":true,"href":"https:\/\/solaroutlet.lt\/en\/wp-json\/wp\/v2\/product_cat?post=8613"},{"taxonomy":"product_tag","embeddable":true,"href":"https:\/\/solaroutlet.lt\/en\/wp-json\/wp\/v2\/product_tag?post=8613"}],"curies":[{"name":"wp","href":"https:\/\/api.w.org\/{rel}","templated":true}]}}