{"id":8684,"date":"2025-03-31T15:04:37","date_gmt":"2025-03-31T12:04:37","guid":{"rendered":"https:\/\/solaroutlet.lt\/?post_type=product&#038;p=8684"},"modified":"2026-02-17T17:31:59","modified_gmt":"2026-02-17T14:31:59","slug":"hibridinis-inverteris-solis-s6-eh3p12k-h-12-kw","status":"publish","type":"product","link":"https:\/\/solaroutlet.lt\/en\/produktas\/hibridinis-inverteris-solis-s6-eh3p12k-h-12-kw\/","title":{"rendered":"Hibridinis inverteris Solis S6-EH3P12K-H, 12 kW"},"content":{"rendered":"<p><strong>Hibridinis inverteris &#8211; Solis S6-EH3P12K-H, 12 kW \u2013 ilgaam\u017ei\u0161ka ir efektyvi energijos valdymo sistema.<\/strong><\/p>\n<p>\u0160is <strong>naujos kartos<\/strong>, <strong>trifazis<\/strong> hibridinis inverteris yra specialiai sukurtas energijos nepriklausomybei u\u017etikrinti. Jis suteikia galimyb\u0119 kaupti ir konvertuoti saul\u0117s energij\u0105, kuri gali b\u016bti naudojama piko metu arba nutr\u016bkus elektros tiekimui. Tokio tipo prietaisas taip pat gali b\u016bti naudojamas tiek individuali\u0173 gyvenam\u0173j\u0173 nam\u0173, tiek nedideli\u0173 komercini\u0173 objekt\u0173 projektuose.<\/p>\n<p>Solis \u012frenginys ypa\u010d tinka tiems, kurie ie\u0161ko <strong>ilgalaikio<\/strong> ir <strong>patikimo<\/strong> sprendimo, kadangi inverteris yra sukurtas naudojant moderniausias technologijas, auk\u0161t\u0105 na\u0161um\u0105, ir i\u0161man\u0173j\u012f energijos valdym\u0105.<\/p>\n<p>Vienas i\u0161 did\u017eiausi\u0173 privalum\u0173, kod\u0117l \u0161is inverteris yra geras pasirinkimas \u2013 tai kad jis leid\u017eia dirbti tiek su elektros energija, tiek su baterijomis. Saul\u0117s pagaminta elektros energija gali b\u016bti panaudota i\u0161 karto arba gali b\u016bti kaupiama akumuliatoriuose. Jei atsiranda elektros tiekimo trikd\u017ei\u0173, hibridinis inverteris <strong>automati\u0161kai persijungia \u012f baterij\u0173 r\u0117\u017eim\u0105<\/strong>, kuris u\u017etikrina nepertraukiam\u0105 elektros tiekim\u0105, taip paver\u010diant vartotoj\u0105 energeti\u0161kai nepriklausomu.<\/p>\n<p>Solis produktas yra pa\u017eangios technologijos, tad yra \u012fmanoma <strong>pasiekti itin auk\u0161t\u0105 efektyvum\u0105<\/strong>, siekiant\u012f 97,5%. \u0160i technologija leid\u017eia vartotojams maksimaliai i\u0161naudoti j\u0173 saul\u0117s energijos potencial\u0105, taip ma\u017einant elektros s\u0105naudas. Hibridinis inverteris yra puikus sprendimas \u012fvairaus dyd\u017eio elektrin\u0117ms d\u0117l savo efektyvaus palaikymo \u012fvairioms baterij\u0173 talpoms.<\/p>\n<p>Hibridinis inverteris taip pat yra sukurtas atsi\u017evelgiant \u012f <strong>\u0161iuolaikines technologijas<\/strong> \u2013 jis turi integruot\u0105 Wi-fi modul\u012f, kuris leid\u017eia gyvau sekti vis\u0105 saul\u0117s elektrin\u0117s darb\u0105 nuotoliniu b\u016bdu.<\/p>\n<p>\u012erenginys gali b\u016bti montuojamas tiek viduje, tiek lauko s\u0105lygomis d\u0117l savo<strong> IP65<\/strong> apsaugos klas\u0117s, kuri inverter\u012f padaro atspariu dulk\u0117ms ir dr\u0117gmei. Jo tvirta konstrukcija u\u017etikrina ilgalaik\u012f ir stabil\u0173 veikim\u0105, visose klimato s\u0105lygose.<\/p>\n<p>Kod\u0117l Solis S6-EH3P12K-H yra geras pasirinkimas?<\/p>\n<ul>\n<li>Teikia energetin\u0119 nepriklausomyb\u0119 nuo elektros tinkl\u0173<\/li>\n<li>Integruota UPS funkcija u\u017etikrina greit\u0105 perjungim\u0105 \u012f baterij\u0173 r\u0117\u017eim\u0105, jog net trumpalaikiai elektros dingimai nepaveikt\u0173 \u012fprastos veiklos.<\/li>\n<li>Efektyviai i\u0161naudojant saul\u0117s energija \u2013 ma\u017eesn\u0117s s\u0105skaitos u\u017e elektr\u0105<\/li>\n<\/ul>\n<p>Techniniai duomenys:<\/p>\n<ul>\n<li>Efektyvumas 97,5 %.<\/li>\n<li>Tipas \u2013 trifazis inverteris.<\/li>\n<li>Galia \u2013 12 kW.<\/li>\n<li>Integruota apsauga nuo vir\u0161\u012ftampi\u0173.<\/li>\n<li>Nuotolinio steb\u0117jimo galimyb\u0117.<\/li>\n<li>10 met\u0173 garantija.<\/li>\n<li>I\u0161matavimai 563*546*250 mm.<\/li>\n<li>Svoris 35,2 kg.<\/li>\n<li>IP66 apsaugos klas\u0117.<\/li>\n<li>Rekomenduojama max., PV galia \u2013 24,000 Wp.<\/li>\n<\/ul>\n<p>&nbsp;<\/p>\n<p><strong>TECHNINIAI DUOMENYS ATSISIUNTIMUI:<\/strong><\/p>\n<p>\u27a1\ufe0f<a href=\"http:\/\/solaroutlet.lt\/wp-content\/uploads\/2025\/03\/Solis_datasheet_S6-EH3P12-20K-H_Global_V29_202410.pdf\"><strong>Technin\u0117s specifikacijos dokumentas \u010dia.<\/strong><\/a><\/p>\n","protected":false},"excerpt":{"rendered":"<ul>\n<li><span class=\"HwtZe\" lang=\"lt\"><span class=\"jCAhz ChMk0b\"><span class=\"ryNqvb\">Suderinamas su generatoriumi, kad tiekt\u0173 energij\u0105 ilgesniam laikui nutr\u016bkus tinklo maitinimui.<\/span><\/span><\/span><\/li>\n<li><span class=\"HwtZe\" lang=\"lt\"><span class=\"jCAhz ChMk0b\"><span class=\"ryNqvb\">Palaiko du atsarginius prievadus, skirtus protingam kritini\u0173 ir nekritini\u0173 apkrov\u0173 paskirstymui.<\/span><\/span><\/span><\/li>\n<li><span class=\"HwtZe\" lang=\"lt\"><span class=\"jCAhz ChMk0b\"><span class=\"ryNqvb\">Suderinamas su \u0161ilumos siurbliu.<\/span><\/span><\/span><\/li>\n<li><span class=\"HwtZe\" lang=\"lt\"><span class=\"jCAhz ChMk0b\"><span class=\"ryNqvb\">Palaiko maksimali\u0105 20A \u012fvesties srov\u0119, tod\u0117l idealiai tinka visiems didel\u0117s galios saul\u0117s elektrini\u0173 moduliams,\u00a0<\/span><\/span><span class=\"jCAhz ChMk0b\"><span class=\"ryNqvb\">bet kokio prek\u0117s \u017eenklo.<\/span><\/span><\/span><\/li>\n<li><span class=\"HwtZe\" lang=\"lt\"><span class=\"jCAhz ChMk0b\"><span class=\"ryNqvb\">Palaiko kintamosios srov\u0117s \u012ftampos aptikim\u0105 tinkle ir generatoriaus i\u0161vestyje, kad b\u016bt\u0173 i\u0161vengta \u017ealos\u00a0<\/span><\/span><span class=\"jCAhz ChMk0b\"><span class=\"ryNqvb\">generatoriui d\u0117l atvirk\u0161tin\u0117s srov\u0117s i\u0161 tinklo.<\/span><\/span><span class=\"jCAhz ChMk0b\"><span class=\"ryNqvb\">\u00a0<\/span><\/span><\/span><\/li>\n<li><span class=\"HwtZe\" lang=\"lt\"><span class=\"jCAhz ChMk0b\"><span class=\"ryNqvb\">Palaiko fazi\u0173 balansavim\u0105.<\/span><\/span><\/span><\/li>\n<\/ul>\n","protected":false},"featured_media":8688,"comment_status":"open","ping_status":"closed","template":"","meta":{"_acf_changed":false,"om_disable_all_campaigns":false,"_uf_show_specific_survey":0,"_uf_disable_surveys":false},"pwb-brand":[204],"gamintojas":[165],"product_brand":[],"product_cat":[97],"product_tag":[],"class_list":{"0":"post-8684","1":"product","2":"type-product","3":"status-publish","4":"has-post-thumbnail","6":"pwb-brand-solis","7":"gamintojas-solis","8":"product_cat-sroves-keitikliai-inverters","9":"product_shipping_class-c-pristatymo-klase","10":"pa_galia-12-kw","11":"pa_tipas-hibridiniai-inverteriai","13":"first","14":"instock","15":"sale","16":"taxable","17":"shipping-taxable","18":"purchasable","19":"product-type-simple"},"acf":[],"aioseo_notices":[],"brands":[{"id":204,"name":"Solis","slug":"solis"}],"_links":{"self":[{"href":"https:\/\/solaroutlet.lt\/en\/wp-json\/wp\/v2\/product\/8684","targetHints":{"allow":["GET"]}}],"collection":[{"href":"https:\/\/solaroutlet.lt\/en\/wp-json\/wp\/v2\/product"}],"about":[{"href":"https:\/\/solaroutlet.lt\/en\/wp-json\/wp\/v2\/types\/product"}],"replies":[{"embeddable":true,"href":"https:\/\/solaroutlet.lt\/en\/wp-json\/wp\/v2\/comments?post=8684"}],"wp:featuredmedia":[{"embeddable":true,"href":"https:\/\/solaroutlet.lt\/en\/wp-json\/wp\/v2\/media\/8688"}],"wp:attachment":[{"href":"https:\/\/solaroutlet.lt\/en\/wp-json\/wp\/v2\/media?parent=8684"}],"wp:term":[{"taxonomy":"pwb-brand","embeddable":true,"href":"https:\/\/solaroutlet.lt\/en\/wp-json\/wp\/v2\/pwb-brand?post=8684"},{"taxonomy":"gamintojas","embeddable":true,"href":"https:\/\/solaroutlet.lt\/en\/wp-json\/wp\/v2\/gamintojas?post=8684"},{"taxonomy":"product_brand","embeddable":true,"href":"https:\/\/solaroutlet.lt\/en\/wp-json\/wp\/v2\/product_brand?post=8684"},{"taxonomy":"product_cat","embeddable":true,"href":"https:\/\/solaroutlet.lt\/en\/wp-json\/wp\/v2\/product_cat?post=8684"},{"taxonomy":"product_tag","embeddable":true,"href":"https:\/\/solaroutlet.lt\/en\/wp-json\/wp\/v2\/product_tag?post=8684"}],"curies":[{"name":"wp","href":"https:\/\/api.w.org\/{rel}","templated":true}]}}