{"id":8696,"date":"2025-04-01T15:04:07","date_gmt":"2025-04-01T12:04:07","guid":{"rendered":"https:\/\/solaroutlet.lt\/?post_type=product&#038;p=8696"},"modified":"2026-03-24T10:24:32","modified_gmt":"2026-03-24T07:24:32","slug":"dyness-stack100-1536-kwh-energijos-kaupiklis-hv","status":"publish","type":"product","link":"https:\/\/solaroutlet.lt\/en\/produktas\/dyness-stack100-1536-kwh-energijos-kaupiklis-hv\/","title":{"rendered":"Dyness Stack100 15,36 kWh energijos kaupiklis, HV, su pa\u0161ildymu"},"content":{"rendered":"<p><strong><u>Dyness Stack100 <\/u><\/strong><strong><u>15,36 kWh energijos kaupiklis, HV, su pa\u0161ildymu<\/u><\/strong><\/p>\n<p><strong>Tai inovatyvus, didel\u0117s talpos saul\u0117s energijos saugojimo sprendimas, tinkantis ir nam\u0173 \u016bkams, ir komercini\u0173 objekt\u0173 poreikiams<\/strong>.<\/p>\n<p>\u0160is pa\u017eangus energijos kaupiklis garantuoja itin <strong>auk\u0161t\u0105 efektyvum\u0105<\/strong>, patikim\u0105 energijos kaupim\u0105, tvarum\u0105, bet ir labai paprast\u0105 <strong>suderinamum\u0105<\/strong> su dauguma saul\u0117s elektrini\u0173 ar hibridini\u0173 inverteri\u0173 sistemomis.<\/p>\n<p>Kaupiklis talpina <strong>15,36kWh energijos<\/strong> ir turi integruotas auk\u0161tos \u012ftampos technologijas, kurios prietais\u0105 padaro itin stabiliu. D\u0117l \u0161ios technologijos, energijos perdavimo efektyvumas i\u0161auga. Kaupiklis labiausiai tinka ma\u017eesniems namams arba objektams, kuri\u0173 elektros poreikis n\u0117ra labai didelis.<\/p>\n<p>Vienas did\u017eiausi\u0173 Dyness Stack100 privalum\u0173 \u2013 <strong>integruota pa\u0161ildymo funkcija<\/strong>, kuri yra itin svarbi \u0161altuose klimatuose. Technologija leid\u017eia optimaliai \u012fkrauti baterij\u0105 net ir esant \u017eemai temperat\u016brai. \u0160i integracija taip pat u\u017etikrina, kad J\u016bs\u0173 kaupiklis puikiai veiks i\u0161tisus metus, nepriklausomai nuo oro s\u0105lyg\u0173. Negana to, kad pa\u0161ildymo sistema leid\u017eia automati\u0161kai palaikyti efektyvias darbo s\u0105lygas, bet tai dar labiau <strong>prailgina baterijos tarnavimo laik\u0105<\/strong>.<\/p>\n<p>\u0160is kaupiklis taip pat pasi\u017eymi savo <strong>blokine strukt\u016bra<\/strong>, kuri leid\u017eia dar labiau prapl\u0117sti sistemos talp\u0105 sujungiant kelet\u0105 moduli\u0173 \u012f vien\u0105. \u0160i modulin\u0117 strukt\u016bra leid\u017eia realizuoti energijos kaupim\u0105 ir jos rezerv\u0105 \u2013 puikiai tinkanti tiek \u012fmon\u0117ms, tiek gyvenamiesiems namams, kurie nori maksimaliai suma\u017einti savo elektros energijos s\u0105naudas, u\u017etikrinti nenutr\u016bkstam\u0105 energij\u0105, \u00a0ir tapti ma\u017eiau priklausomiems nuo elektros tiek\u0117j\u0173.<\/p>\n<p>Kaupiklis pasi\u017eymi pa\u017eangiu dizainu, nedideliais i\u0161matavimais ir nesud\u0117tingu montavimu. B\u016btent d\u0117l \u0161i\u0173 prie\u017eas\u010di\u0173, \u012frenginys gali b\u016bti montuojamas tiek patalpose, tiek technin\u0117se erdv\u0117se, optimizuojant vietos panaudojim\u0105.<\/p>\n<p>Investuodami \u012f \u0161\u012f model\u012f gausite ne tik didesn\u0119 nepriklausomyb\u0119 nuo elektros tiek\u0117j\u0173, bet ir u\u017eitikrinsite, jog turite elektros rezerv\u0105 elektros dingimo atveju.<\/p>\n<p>Savyb\u0117s<strong>:<\/strong><\/p>\n<ul>\n<li>Automatin\u0117 pa\u0161ildymo funkcija<strong><em>.<\/em><\/strong><\/li>\n<li>Akumuliatoriaus tipas &#8211; LiFePO4<\/li>\n<li>Naudinga talpa \u2013 15,36kWh<\/li>\n<li>Darbin\u0117s \u012ftampos diapazonas &#8211; 134-864 V<\/li>\n<li>I\u0161krovos gylis (DoD) &#8211; 95%<\/li>\n<li>\u012ekrovimo temperat\u016bra nuo -20 iki +55\u00b0C<\/li>\n<li>I\u0161krovimo temperat\u016bra nuo -20 iki +55\u00b0C<\/li>\n<li>Apsaugos lygis &#8211; IP20<\/li>\n<li>Tarnavimo laikas &#8211; neribotas cikl\u0173 skai\u010dius \/ 10 met\u0173<\/li>\n<li>Ry\u0161io s\u0105sajos &#8211; CAN, RS485<\/li>\n<li>Sertifikatai &#8211; CE-EMC\/CE-RED\/62619\/63056\/62477\/62040\/UN38.3<\/li>\n<li>BMS apsaugos Sistema, apsauganti nuo perkrovos, perkaitimo ir kitoki\u0173 sutrikim\u0173<\/li>\n<\/ul>\n<p><a href=\"https:\/\/solaroutlet.lt\/wp-content\/uploads\/2025\/05\/Dyness-STACK100-technines-specifikacijos-su-pasildymu.pdf\" target=\"_blank\" rel=\"noopener\">\u27a1\ufe0fTechnini\u0173 specifikacij\u0173 dokumentas<\/a><\/p>\n","protected":false},"excerpt":{"rendered":"<p><strong>Dyness Stack100 15,36 kWh<\/strong> energijos kaupiklis yra pa\u017eangus, garantuojantis <strong>efektyvum\u0105<\/strong>, patikim\u0105 energijos kaupim\u0105, tvarum\u0105, ir labai paprast\u0105 <strong>suderinamum\u0105<\/strong> su dauguma saul\u0117s elektrini\u0173 ir hibridini\u0173 inverteri\u0173 sistemomis.<\/p>\n<ul>\n<li>Automatin\u0117 pa\u0161ildymo funkcija.<\/li>\n<li>Akumuliatoriaus tipas &#8211; LiFePO4<\/li>\n<li>Naudinga talpa &#8211; 15,36 kWh<\/li>\n<li>Darbin\u0117s \u012ftampos diapazonas &#8211; 134-864 V<\/li>\n<li>I\u0161krovos gylis (DoD) &#8211; 95%<\/li>\n<li>\u012ekrovimo temperat\u016bra nuo -20 iki +55\u00b0C<\/li>\n<li>I\u0161krovimo temperat\u016bra nuo -20 iki +55\u00b0C<\/li>\n<li>Apsaugos lygis &#8211; IP20<\/li>\n<li>Tarnavimo laikas &#8211; neribotas cikl\u0173 skai\u010dius \/ 10 met\u0173<\/li>\n<li>Ry\u0161io s\u0105sajos &#8211; CAN, RS485<\/li>\n<li>Sertifikatai &#8211; CE-EMC\/CE-RED\/62619\/63056\/62477\/62040\/UN38.3<\/li>\n<li>BMS apsaugos Sistema, apsauganti nuo perkrovos, perkaitimo ir kitoki\u0173 sutrikim\u0173<\/li>\n<\/ul>\n","protected":false},"featured_media":10081,"comment_status":"open","ping_status":"closed","template":"","meta":{"_acf_changed":false,"om_disable_all_campaigns":false,"_uf_show_specific_survey":0,"_uf_disable_surveys":false},"pwb-brand":[285],"gamintojas":[286],"product_brand":[],"product_cat":[108],"product_tag":[],"class_list":{"0":"post-8696","1":"product","2":"type-product","3":"status-publish","4":"has-post-thumbnail","6":"pwb-brand-dyness","7":"gamintojas-dyness","8":"product_cat-elektros-energijos-kaupikliai-baterijos","9":"product_shipping_class-e-pristatymo-klase","10":"pa_talpa-1536-kwh","12":"first","13":"outofstock","14":"sale","15":"featured","16":"taxable","17":"shipping-taxable","18":"purchasable","19":"product-type-simple"},"acf":[],"aioseo_notices":[],"brands":[{"id":285,"name":"Dyness","slug":"dyness"}],"_links":{"self":[{"href":"https:\/\/solaroutlet.lt\/en\/wp-json\/wp\/v2\/product\/8696","targetHints":{"allow":["GET"]}}],"collection":[{"href":"https:\/\/solaroutlet.lt\/en\/wp-json\/wp\/v2\/product"}],"about":[{"href":"https:\/\/solaroutlet.lt\/en\/wp-json\/wp\/v2\/types\/product"}],"replies":[{"embeddable":true,"href":"https:\/\/solaroutlet.lt\/en\/wp-json\/wp\/v2\/comments?post=8696"}],"wp:featuredmedia":[{"embeddable":true,"href":"https:\/\/solaroutlet.lt\/en\/wp-json\/wp\/v2\/media\/10081"}],"wp:attachment":[{"href":"https:\/\/solaroutlet.lt\/en\/wp-json\/wp\/v2\/media?parent=8696"}],"wp:term":[{"taxonomy":"pwb-brand","embeddable":true,"href":"https:\/\/solaroutlet.lt\/en\/wp-json\/wp\/v2\/pwb-brand?post=8696"},{"taxonomy":"gamintojas","embeddable":true,"href":"https:\/\/solaroutlet.lt\/en\/wp-json\/wp\/v2\/gamintojas?post=8696"},{"taxonomy":"product_brand","embeddable":true,"href":"https:\/\/solaroutlet.lt\/en\/wp-json\/wp\/v2\/product_brand?post=8696"},{"taxonomy":"product_cat","embeddable":true,"href":"https:\/\/solaroutlet.lt\/en\/wp-json\/wp\/v2\/product_cat?post=8696"},{"taxonomy":"product_tag","embeddable":true,"href":"https:\/\/solaroutlet.lt\/en\/wp-json\/wp\/v2\/product_tag?post=8696"}],"curies":[{"name":"wp","href":"https:\/\/api.w.org\/{rel}","templated":true}]}}