{"id":8926,"date":"2025-11-11T10:44:37","date_gmt":"2025-11-11T07:44:37","guid":{"rendered":"https:\/\/solaroutlet.lt\/?post_type=product&#038;p=8926"},"modified":"2026-02-26T12:14:45","modified_gmt":"2026-02-26T09:14:45","slug":"inverteris-deye-sun-20k-g04","status":"publish","type":"product","link":"https:\/\/solaroutlet.lt\/en\/produktas\/inverteris-deye-sun-20k-g04\/","title":{"rendered":"Inverteris DEYE SUN-20K-G04, 20 kW"},"content":{"rendered":"<p><strong>Tai naujos kartos trifazis inverteris, sukurtas tam, kad maksimalus efektyvumas, patikimumas, ir ilgaam\u017ei\u0161kumas b\u016bt\u0173 garantuotas<\/strong>. \u012erenginys gali b\u016bti naudojamas komerciniuose ir pramoniniuose objektuose, kuriuose svarbus stabilus ir na\u0161us elektros energijos gamybos sprendimas.<\/p>\n<p>Inverteris pasi\u017eymi itin auk\u0161tu, <strong>97.8%<\/strong> efektyvumu, tad \u012frenginys labai veiksmingai paver\u010dia gaut\u0105 energij\u0105 \u012f elektros energij\u0105, patirdamas labai ma\u017e\u0105 kiek\u012f nuostoli\u0173. \u012erenginys veikia itin tyliai (&lt;45 dB) ir yra pritaikytas darbui \u012fvairiomis oro s\u0105lygomis: nuo <strong>-25\u00b0C iki +60\u00b0C<\/strong> \u2013 patikimas darbas yra garantuotas visus metus. Inverterio korpusas yra tvirtas ir pasi\u017eymi <strong>IP65<\/strong> apsaugos klase, tad yra tinkamas montavimui tiek viduje, tiek lauke. Prietaisas yra kompakti\u0161ko dizaino, o nat\u016bralus oro au\u0161inimas garantuoja ekonomi\u0161k\u0105 veikim\u0105 be papildomos prie\u017ei\u016bros.<\/p>\n<p>\u0160iame Deye prietaise yra integruota <strong>pa\u017eangi steb\u0117senos sistema<\/strong>, kuri leid\u017eia realiu laiku sekti energijos gamyb\u0105 ir visos sistemos b\u016bkl\u0119. Inverter\u012f galima valdyti i\u0161maniuoju telefonu ar kompiuteriu per Wi-Fi ry\u0161\u012f, o integruotos <strong>RS485<\/strong> s\u0105saja suteikia galimyb\u0119 \u012frengin\u012f prijungti prie i\u0161orini\u0173 valdymo ar monitoringo sistem\u0173.<\/p>\n<p>\u0160is Deye Sun inverteris taip pat pasi\u017eymi i\u0161skirtine saugumo sistema. Yra integruota <strong>DC atvirk\u0161tinio poli\u0161kumo jungties apsauga<\/strong>, kuri neleid\u017eia neteisingai sujungti saul\u0117s moduli\u0173 laidus, nes inverteris automati\u0161kai blokuoja \u012fjungim\u0105 \u2013 apsaugodamas nuo pa\u017eeidimo. Taip pat yra <strong>AC i\u0161\u0117jimo vir\u0161srov\u0117s ir vir\u0161\u012ftamp\u0117s <\/strong>apsauga. Kuri reaguoja \u012f tinklo perkrovas ir \u012ftampos \u0161uolius \u2013 apsaugodamas tiek pat\u012f \u012frengin\u012f, tiek vis\u0105 elektros sistem\u0105. <strong>AC trumpojo jungimo apsauga<\/strong> atpa\u017e\u012fsta nenormali\u0105 srov\u0119 ir sustabdo \u012frenginio veikim\u0105, o temperat\u016bros apsauga gali automati\u0161kai suma\u017einti apkrov\u0105, kai pasiekiama kritin\u0117 temperat\u016bra.<\/p>\n<p>Prietaise taip pat \u012fdiegta <strong>DC izoliacijos ir \u012f\u017eeminimo <\/strong>klaid\u0173 steb\u0117sena, kuri tikrina sistemos izoliacijos lyg\u012f, o esant pa\u017eeidimams \u2013 inverteris yra i\u0161kart i\u0161jungiamas. <strong>Nuot\u0117kio srov\u0117s <\/strong>aptikimas garantuoja papildom\u0105 apsaug\u0105 nuo elektros nutek\u0117jimo.<\/p>\n<p>Technin\u0117s specifikacijos:<\/p>\n<ul>\n<li>Nominali i\u0161\u0117jimo galia: 20 kW.<\/li>\n<li>MPPT \u012ftampos diapazonas: 200-850 V.<\/li>\n<li>Maksimalus efektyvumas: 97.8%.<\/li>\n<li>Triuk\u0161mo lygis: &lt;40 dB.<\/li>\n<li>Darbin\u0117 temperat\u016bra: -25\u00b0C iki +65\u00b0C.<\/li>\n<li>Apsaugos klas\u0117: IP65.<\/li>\n<li>Matmenys: 362 x 577 x 215 mm.<\/li>\n<li>Svoris: 23 kg.<\/li>\n<\/ul>\n<p><a href=\"https:\/\/7sun.eu\/wp-content\/uploads\/2025\/08\/datasheet-deye-sun-20k-g04.pdf\" target=\"_blank\" rel=\"noopener\">\u27a1\ufe0fTechnin\u0117s specifikacijos \u010dia<\/a><\/p>\n","protected":false},"excerpt":{"rendered":"<p>\u201eDeye SUN-20K-G04\u201c serijos maksimalus efektyvumas siekia iki 97,8 %, o Europos efektyvumo \u012fvertinimas \u2013 97,8 %. \u0160is didelis efektyvumas u\u017etikrina maksimali\u0105 energijos konversij\u0105 i\u0161 saul\u0117s baterij\u0173, suma\u017eina nuostolius ir u\u017etikrina optimal\u0173 na\u0161um\u0105.<\/p>\n<p>Daugiau nei 99 % MPPT efektyvumas u\u017etikrina, kad saul\u0117s baterijos veikt\u0173 optimaliu galios ta\u0161ku, tod\u0117l energijos i\u0161eiga b\u016bt\u0173 didesn\u0117. MPPT \u012ftampos diapazonas nuo 200 iki 1000 V suteikia lankstumo renkantis baterijas ir konfig\u016bracijas.<\/p>\n<p>FV \u012fvesties specifikacijos: keitikliai palaiko maksimali\u0105 FV \u012fvesties gali\u0105, patogiai pritaikyt\u0105 \u012fvairi\u0173 modeli\u0173 specifiniams diapazonams. J\u0173 paleidimo \u012ftampa yra 250 V, o vardin\u0117 FV \u012fvesties \u012ftampa yra 600 V, tod\u0117l jie suderinami su \u012fvairiomis saul\u0117s baterij\u0173 konfig\u016bracijomis.<\/p>\n<p>Serijoje yra pla\u010dios apsaugos funkcijos, \u012fskaitant nuolatin\u0117s srov\u0117s poli\u0161kumo atvirk\u0161tinio prijungimo apsaug\u0105, kintamosios srov\u0117s i\u0161\u0117jimo vir\u0161srov\u0117s ir vir\u0161\u012ftampio apsaug\u0105 bei nuolatin\u0117s srov\u0117s \u012fpur\u0161kimo reguliavim\u0105 iki ma\u017eiau nei 0,5 % ln. Be to, ji turi \u0161ilumin\u0119 apsaug\u0105, \u012f\u017eeminimo gedim\u0173 aptikim\u0105 ir \u012f\u017eeminimo gedim\u0173 srov\u0117s steb\u0117jim\u0105, u\u017etikrinant saug\u0173 ir patikim\u0105 veikim\u0105. \u0160ie keitikliai, skirti veikti nuo -25 iki +65 \u00b0C temperat\u016broje, o galia suma\u017e\u0117ja vir\u0161 45 \u00b0C, gali efektyviai veikti \u012fvairiomis klimato s\u0105lygomis. J\u0173 triuk\u0161mo lygis yra ma\u017eesnis nei 50 dB, o atsparumas dulk\u0117ms ir vandeniui yra IP65 klas\u0117s, tod\u0117l jie yra atspar\u016bs dulk\u0117ms ir vandeniui, tod\u0117l yra patvar\u016bs ir patikimi.<\/p>\n<p>\u0160ie keitikliai si\u016blo \u012fvairius steb\u0117jimo re\u017eimus, \u012fskaitant GPRS, WIFI, \u201eBluetooth\u201c, 4G ir LAN, taip pat RS485\/RS232 ry\u0161io s\u0105sajas, kurios palengvina ir efektyv\u0173 sistemos valdym\u0105 bei steb\u0117jim\u0105.<\/p>\n<p>Keitikliuose \u012frengta II TYPE apsauga nuo vir\u0161\u012ftampi\u0173 tiek nuolatin\u0117s, tiek kintamosios srov\u0117s pus\u0117se, kuri padidina j\u0173 ilgaam\u017ei\u0161kum\u0105 ir patikimum\u0105, apsaugodama juos nuo elektros vir\u0161\u012ftampi\u0173.<\/p>\n","protected":false},"featured_media":8933,"comment_status":"open","ping_status":"closed","template":"","meta":{"_acf_changed":false,"om_disable_all_campaigns":false,"_uf_show_specific_survey":0,"_uf_disable_surveys":false},"pwb-brand":[298],"gamintojas":[166],"product_brand":[],"product_cat":[97],"product_tag":[],"class_list":{"0":"post-8926","1":"product","2":"type-product","3":"status-publish","4":"has-post-thumbnail","6":"pwb-brand-deye","7":"gamintojas-deye","8":"product_cat-sroves-keitikliai-inverters","9":"product_shipping_class-nemokamas-siuntimas","10":"pa_galia-20-kw","11":"pa_tipas-tinklo-inverteriai","13":"first","14":"instock","15":"taxable","16":"shipping-taxable","17":"purchasable","18":"product-type-simple"},"acf":[],"aioseo_notices":[],"brands":[{"id":298,"name":"DEYE","slug":"deye"}],"_links":{"self":[{"href":"https:\/\/solaroutlet.lt\/en\/wp-json\/wp\/v2\/product\/8926","targetHints":{"allow":["GET"]}}],"collection":[{"href":"https:\/\/solaroutlet.lt\/en\/wp-json\/wp\/v2\/product"}],"about":[{"href":"https:\/\/solaroutlet.lt\/en\/wp-json\/wp\/v2\/types\/product"}],"replies":[{"embeddable":true,"href":"https:\/\/solaroutlet.lt\/en\/wp-json\/wp\/v2\/comments?post=8926"}],"wp:featuredmedia":[{"embeddable":true,"href":"https:\/\/solaroutlet.lt\/en\/wp-json\/wp\/v2\/media\/8933"}],"wp:attachment":[{"href":"https:\/\/solaroutlet.lt\/en\/wp-json\/wp\/v2\/media?parent=8926"}],"wp:term":[{"taxonomy":"pwb-brand","embeddable":true,"href":"https:\/\/solaroutlet.lt\/en\/wp-json\/wp\/v2\/pwb-brand?post=8926"},{"taxonomy":"gamintojas","embeddable":true,"href":"https:\/\/solaroutlet.lt\/en\/wp-json\/wp\/v2\/gamintojas?post=8926"},{"taxonomy":"product_brand","embeddable":true,"href":"https:\/\/solaroutlet.lt\/en\/wp-json\/wp\/v2\/product_brand?post=8926"},{"taxonomy":"product_cat","embeddable":true,"href":"https:\/\/solaroutlet.lt\/en\/wp-json\/wp\/v2\/product_cat?post=8926"},{"taxonomy":"product_tag","embeddable":true,"href":"https:\/\/solaroutlet.lt\/en\/wp-json\/wp\/v2\/product_tag?post=8926"}],"curies":[{"name":"wp","href":"https:\/\/api.w.org\/{rel}","templated":true}]}}