{"id":9013,"date":"2025-05-20T10:15:47","date_gmt":"2025-05-20T07:15:47","guid":{"rendered":"https:\/\/solaroutlet.lt\/?post_type=product&#038;p=9013"},"modified":"2026-02-23T11:29:12","modified_gmt":"2026-02-23T08:29:12","slug":"1536-kwh-pylontech-aukstos-itampos-kaupimo-irenginys-kaupiklis","status":"publish","type":"product","link":"https:\/\/solaroutlet.lt\/en\/produktas\/1536-kwh-pylontech-aukstos-itampos-kaupimo-irenginys-kaupiklis\/","title":{"rendered":"15,36 kWh Pylontech auk\u0161tos \u012ftampos kaupimo \u012frenginys (kaupiklis)"},"content":{"rendered":"<p><strong>Pylotech 15,36 kWh auk\u0161tos \u012ftampos kaupiklis yra patvarus ir novatori\u0161kas energijos kaupimo sprendimas pritaikytas tiek ma\u017eesnio, tiek vidutinio dyd\u017eio projektams.<\/strong> \u0160io \u012frenginio vartotojai gali siekti maksimalaus energetinio efektyvumo bei didesn\u0117s nepriklausomyb\u0117s nuo elektros tinklo. Kaupiklis garantuoja itin <strong>auk\u0161t\u0105 saugumo lyg\u012f<\/strong>, patvarum\u0105 ir puik\u0173 suderinim\u0105 su visoki\u0173 tip\u0173 inverteriais, tad tai vienas i\u0161 populiariausi\u0173 pasirinkim\u0173 atsinaujinan\u010dios energijos rinkos projektuose. \u0160i <strong>\u012fmon\u0117 lyderiauja energijos kaupimo rinkoje<\/strong> ir baterij\u0173 gamyboje. Pylotech sukurti \u012frenginiai pasi\u017eymi i\u0161skirtinai auk\u0161tu patikimumu, lankstumu, ir pa\u017eangiais technologiniais sprendimais.<\/p>\n<p>B\u016btent \u0161io tipo <strong>15,36 kWh <\/strong>talpos kaupiklis da\u017eniausiai naudojamas didesniems elektros poreikiams apr\u016bpinti. Prietaisas palaiko <strong>stabil\u0173 elektros energijos tiekim\u0105<\/strong> ir didesn\u0119 talp\u0105, tad gali b\u016bti integruojamas \u012f saul\u0117s elektrines pramoniniuose objektuose bei didesniuose gyvenamuosiuose pastatuose. \u0160ie auk\u0161tos \u012ftampos sprendimai garantuoja, kad energijos perdavimas b\u016bt\u0173 dar optimalesnis ir galintis \u017eymiai suma\u017einti nuostolius \u2013 tad \u0161io modelio \u012frenginys u\u017etikrina daug <strong>didesn\u012f efektyvum\u0105 <\/strong>nei \u017eemesn\u0117s \u012ftampos kaupikliai.<\/p>\n<p>Kaupiklis yra pagamintais i\u0161 <strong>modulin\u0117s konstrukcijos<\/strong>, kuri leid\u017eia \u012frengin\u012f lengvai pl\u0117sti pagal savo poreikius ir galimybes. Integruota <strong>LiFePO4<\/strong> technologija u\u017etikrina auk\u0161\u010diausi\u0105 saugumo lyg\u012f.<\/p>\n<p>Energijos kaupimo \u012frenginys u\u017etikrina, kad tur\u0117tum\u0117te <strong>pakankam\u0105 energijos rezerv\u0105<\/strong> bei gali\u0105 veiklos t\u0119simui net ir tokiu atveju, jei nutr\u016bksta elektros tiekimas. Tai labiausiai aktualu \u012fvairiems verslo centrams, gamybos verslams, bei namams, kurie nenori patirti elektros sutrikim\u0173. Kaupiklyje yra integruota <strong>BMS sistema<\/strong>, kuri stebi baterijos \u012ftamp\u0105, srov\u0119, bei temperat\u016bra &#8211; taip u\u017etikrina baterijos saugi\u0105 ir optimali\u0105 veikl\u0105.<\/p>\n<p>Turint tokios talpos baterij\u0105, galima <strong>energetin\u0117 nepriklausomyb\u0117<\/strong>, tad galima maksimaliai i\u0161naudoti saul\u0117s elektrin\u0117s pagamint\u0105 energij\u0105, taip ma\u017einant s\u0105skaitas u\u017e elektr\u0105. \u0160io \u012frenginio naudojimas padeda ne tik sutaupyti pinig\u0173, bet ir leid\u017eia prisid\u0117ti prie tvarumo bei \u017ealios energijos pl\u0117tros.<\/p>\n<p><strong>Pylontech Force H3\u00a0 \u2013 15,36 kWh akumuliatoriaus komplektas:<\/strong><\/p>\n<ul>\n<li>Akumuliatoriaus tipas:\u00a0LiFePO4<\/li>\n<li>Naudinga talpa: 15,36 kWh<\/li>\n<li>Akumuliatori\u0173 moduli\u0173 skai\u010dius: 3<\/li>\n<li>akumuliatoriaus sistemos \u012ftampa: 307,2 V;<\/li>\n<li>i\u0161krovos gylis (DOD): 95%;<\/li>\n<li>\u012fkrovimo temperat\u016bros diapazonas: 10\u00a0~\u00a055\u00b0C;<\/li>\n<li>laikymo temperat\u016bros diapazonas: 20 ~ 45\u00b0C;<\/li>\n<li>matmenys (plotis x gylis x auk\u0161tis): 540 x 350 x 700 mm;<\/li>\n<li>svoris: 131 kg;<\/li>\n<li>apsaugos klas\u0117: IP55;<\/li>\n<li>komunikacija: Modbus RTU\/CAN;<\/li>\n<li>gyvavimo ciklas: &gt; 8000 cikl\u0173;<\/li>\n<li>akumuliatoriaus modulio pavadinimas: FH10050;<\/li>\n<li>sertifikavimas: IEC62040-1\/IEC62477-1\/IEC62619\/IEC63056\/UL1973\/UL9540A\/UN38.3\/VDE-AR-E 2510-50.<\/li>\n<\/ul>\n<p><strong>TECHNINIAI DUOMENYS ATSISIUNTIMUI:<\/strong><\/p>\n<p><strong>\u27a1\ufe0f<a href=\"http:\/\/solaroutlet.lt\/wp-content\/uploads\/2025\/05\/Force-H3_20240926105617A025.pdf\">Technin\u0117s specifikacijos dokumentas<\/a><\/strong><\/p>\n","protected":false},"excerpt":{"rendered":"<p>Pylontech baterijos puikiai suderinamos su populiariausiais hibridiniais inverteriais tokiais kaip &#8211; Solis, Sungrow, SMA, Goodwe, Deye (<a href=\"https:\/\/drive.google.com\/file\/d\/1gNj38OJHqQpWzr_vn4zbl_K4rnNltD7I\/view\">suderinamumo s\u0105ra\u0161as<\/a>).<\/p>\n<p>Tinka APVA paramai ir turi reikalingus CE sertifikatus.<\/p>\n<p>Kaupiklio komplektas susideda:<\/p>\n<ul>\n<li>BMS valdiklio.<\/li>\n<li>3 baterijos moduli\u0173 po 5,12 kWh.<\/li>\n<\/ul>\n<p>Pristatymas 2-3 d.d.<\/p>\n","protected":false},"featured_media":9016,"comment_status":"open","ping_status":"closed","template":"","meta":{"_acf_changed":false,"om_disable_all_campaigns":false,"_uf_show_specific_survey":0,"_uf_disable_surveys":false},"pwb-brand":[299],"gamintojas":[300],"product_brand":[],"product_cat":[108],"product_tag":[],"class_list":{"0":"post-9013","1":"product","2":"type-product","3":"status-publish","4":"has-post-thumbnail","6":"pwb-brand-pylontech","7":"gamintojas-pylontech","8":"product_cat-elektros-energijos-kaupikliai-baterijos","9":"product_shipping_class-f-pristatymo-klase","10":"pa_talpa-1536-kwh","12":"first","13":"instock","14":"sale","15":"taxable","16":"shipping-taxable","17":"purchasable","18":"product-type-simple"},"acf":[],"aioseo_notices":[],"brands":[{"id":299,"name":"Pylontech","slug":"pylontech"}],"_links":{"self":[{"href":"https:\/\/solaroutlet.lt\/en\/wp-json\/wp\/v2\/product\/9013","targetHints":{"allow":["GET"]}}],"collection":[{"href":"https:\/\/solaroutlet.lt\/en\/wp-json\/wp\/v2\/product"}],"about":[{"href":"https:\/\/solaroutlet.lt\/en\/wp-json\/wp\/v2\/types\/product"}],"replies":[{"embeddable":true,"href":"https:\/\/solaroutlet.lt\/en\/wp-json\/wp\/v2\/comments?post=9013"}],"wp:featuredmedia":[{"embeddable":true,"href":"https:\/\/solaroutlet.lt\/en\/wp-json\/wp\/v2\/media\/9016"}],"wp:attachment":[{"href":"https:\/\/solaroutlet.lt\/en\/wp-json\/wp\/v2\/media?parent=9013"}],"wp:term":[{"taxonomy":"pwb-brand","embeddable":true,"href":"https:\/\/solaroutlet.lt\/en\/wp-json\/wp\/v2\/pwb-brand?post=9013"},{"taxonomy":"gamintojas","embeddable":true,"href":"https:\/\/solaroutlet.lt\/en\/wp-json\/wp\/v2\/gamintojas?post=9013"},{"taxonomy":"product_brand","embeddable":true,"href":"https:\/\/solaroutlet.lt\/en\/wp-json\/wp\/v2\/product_brand?post=9013"},{"taxonomy":"product_cat","embeddable":true,"href":"https:\/\/solaroutlet.lt\/en\/wp-json\/wp\/v2\/product_cat?post=9013"},{"taxonomy":"product_tag","embeddable":true,"href":"https:\/\/solaroutlet.lt\/en\/wp-json\/wp\/v2\/product_tag?post=9013"}],"curies":[{"name":"wp","href":"https:\/\/api.w.org\/{rel}","templated":true}]}}