{"id":9203,"date":"2025-07-23T18:20:50","date_gmt":"2025-07-23T15:20:50","guid":{"rendered":"https:\/\/solaroutlet.lt\/?post_type=product&#038;p=9203"},"modified":"2025-10-27T11:00:41","modified_gmt":"2025-10-27T08:00:41","slug":"leapton-1024-kwh-akumuliatoriaus-komplektas","status":"publish","type":"product","link":"https:\/\/solaroutlet.lt\/en\/produktas\/leapton-1024-kwh-akumuliatoriaus-komplektas\/","title":{"rendered":"Leapton 10,24 kWh akumuliatoriaus komplektas"},"content":{"rendered":"<p><strong>Leapton EH-A05-102\/204 10,24 kWh akumuliatoriaus komplektas:<\/strong><\/p>\n<ul>\n<li>Akumuliatoriaus tipas:\u00a0LiFePO4<\/li>\n<li>Talpa: 10,24 kWh<\/li>\n<li>Nominali \u012ftampa: 204,8 V<\/li>\n<li>Nominali talpa: 50 Ah<\/li>\n<li>Akumuliatori\u0173 moduli\u0173 skai\u010dius: 2<\/li>\n<li>Darbin\u0117s \u012ftampos diapazonas: 182.4-230.4 V<\/li>\n<li>Maksimali \u012fkrovos galia: 10,24 kW<\/li>\n<li>I\u0161krovos gylis (DoD): 90%<\/li>\n<li>\u012ekrovimo temperat\u016bra:\u00a00\u201350\u00b0C<\/li>\n<li>I\u0161krovimo temperat\u016bra: -20\u201350\u00b0C<\/li>\n<li>Matmenys (P x G x A): 875 x 840 x 195 mm<\/li>\n<li>Svoris: 125 kg<\/li>\n<li>Apsaugos lygis: IP65<\/li>\n<li>Ry\u0161io s\u0105sajos: CAN, RS485<\/li>\n<li>Tarnavimo laikas:\u00a0\u22656000 cikl\u0173<\/li>\n<li>Produkto garantija: 12 met\u0173<\/li>\n<\/ul>\n<p>&nbsp;<\/p>\n<p data-end=\"387\" data-start=\"184\"><strong data-end=\"213\" data-start=\"184\">TAUPYKITE MONTAVIMO LAIK\u0104<\/strong><br data-end=\"216\" data-start=\"213\" \/>Vidinis modulinis sujungimas \u2013 nereikia joki\u0173 papildom\u0173 laid\u0173 lauke, \u201eplug and play\u201c (\u012fjunk ir naudok).<br data-end=\"322\" data-start=\"319\" \/>Kiekvieno baterijos modulio i\u0161matavimai: 800 mm \u00d7 280 mm \u00d7 195 mm<\/p>\n<hr data-end=\"392\" data-start=\"389\" \/>\n<p data-end=\"486\" data-start=\"394\"><strong data-end=\"413\" data-start=\"394\">TAUPYKITE VIET\u0104<\/strong><br data-end=\"416\" data-start=\"413\" \/>U\u017eimamas plotas \u2013 tik 800 mm \u00d7 195 mm, bendras grind\u0173 plotas: 0.156 m\u00b2<\/p>\n<hr data-end=\"491\" data-start=\"488\" \/>\n<p data-end=\"696\" data-is-last-node=\"\" data-is-only-node=\"\" data-start=\"493\"><strong data-end=\"517\" data-start=\"493\">PAPRASTAS TIKRINIMAS<\/strong><br data-end=\"520\" data-start=\"517\" \/>Nors moduliai sujungti, kiekvienas j\u0173 i\u0161lieka nepriklausomas. Tai rei\u0161kia, kad jei kuris nors baterijos modulis sugenda, j\u012f galima lengvai i\u0161imti i\u0161 rinkinio ir pakeisti nauju.<\/p>\n<p data-end=\"696\" data-is-last-node=\"\" data-is-only-node=\"\" data-start=\"493\"><strong>TECHNINIAI DUOMENYS ATSISIUNTIMUI:<\/strong><\/p>\n<p><strong>\u27a1\ufe0f<a href=\"http:\/\/solaroutlet.lt\/wp-content\/uploads\/2025\/07\/EH-A05.pdf\">Technini\u0173 specifikacij\u0173 dokumentas<\/a><\/strong><\/p>\n","protected":false},"excerpt":{"rendered":"<ul>\n<li>Patikima LFP baterijos cel\u0117 su auk\u0161tu cikliniu stabilumu<\/li>\n<li>Efektyvus \u012fkrovimas ir i\u0161krovimas<\/li>\n<li>Tinka 1 ir 3 fazi\u0173, hibridiniams ir atnaujintiems keitikliams<\/li>\n<li>IP65 apsaugos klas\u0117 \u2013 tinka tiek vidaus, tiek lauko montavimui<\/li>\n<li>Standartiniai moduliniai blokai, kuriuos galima krauti vien\u0105 ant kito<\/li>\n<li>Celi\u0173 konfig\u016bracija: kiekviename baterijos modulyje \u2013 32 S1P<\/li>\n<\/ul>\n","protected":false},"featured_media":9206,"comment_status":"open","ping_status":"closed","template":"","meta":{"_acf_changed":false,"om_disable_all_campaigns":false,"_uf_show_specific_survey":0,"_uf_disable_surveys":false},"pwb-brand":[307],"gamintojas":[308],"product_brand":[],"product_cat":[108],"product_tag":[],"class_list":{"0":"post-9203","1":"product","2":"type-product","3":"status-publish","4":"has-post-thumbnail","6":"pwb-brand-leapton","7":"gamintojas-leapton","8":"product_cat-elektros-energijos-kaupikliai-baterijos","9":"product_shipping_class-f-pristatymo-klase","10":"pa_talpa-1024-kwh","12":"first","13":"instock","14":"sale","15":"taxable","16":"shipping-taxable","17":"purchasable","18":"product-type-simple"},"acf":[],"aioseo_notices":[],"brands":[{"id":307,"name":"Leapton","slug":"leapton"}],"_links":{"self":[{"href":"https:\/\/solaroutlet.lt\/en\/wp-json\/wp\/v2\/product\/9203","targetHints":{"allow":["GET"]}}],"collection":[{"href":"https:\/\/solaroutlet.lt\/en\/wp-json\/wp\/v2\/product"}],"about":[{"href":"https:\/\/solaroutlet.lt\/en\/wp-json\/wp\/v2\/types\/product"}],"replies":[{"embeddable":true,"href":"https:\/\/solaroutlet.lt\/en\/wp-json\/wp\/v2\/comments?post=9203"}],"wp:featuredmedia":[{"embeddable":true,"href":"https:\/\/solaroutlet.lt\/en\/wp-json\/wp\/v2\/media\/9206"}],"wp:attachment":[{"href":"https:\/\/solaroutlet.lt\/en\/wp-json\/wp\/v2\/media?parent=9203"}],"wp:term":[{"taxonomy":"pwb-brand","embeddable":true,"href":"https:\/\/solaroutlet.lt\/en\/wp-json\/wp\/v2\/pwb-brand?post=9203"},{"taxonomy":"gamintojas","embeddable":true,"href":"https:\/\/solaroutlet.lt\/en\/wp-json\/wp\/v2\/gamintojas?post=9203"},{"taxonomy":"product_brand","embeddable":true,"href":"https:\/\/solaroutlet.lt\/en\/wp-json\/wp\/v2\/product_brand?post=9203"},{"taxonomy":"product_cat","embeddable":true,"href":"https:\/\/solaroutlet.lt\/en\/wp-json\/wp\/v2\/product_cat?post=9203"},{"taxonomy":"product_tag","embeddable":true,"href":"https:\/\/solaroutlet.lt\/en\/wp-json\/wp\/v2\/product_tag?post=9203"}],"curies":[{"name":"wp","href":"https:\/\/api.w.org\/{rel}","templated":true}]}}