{"id":9227,"date":"2025-07-24T10:00:54","date_gmt":"2025-07-24T07:00:54","guid":{"rendered":"https:\/\/solaroutlet.lt\/?post_type=product&#038;p=9227"},"modified":"2025-10-27T10:43:15","modified_gmt":"2025-10-27T07:43:15","slug":"sungrow-sbr-224-kwh-bateriju-komplektas","status":"publish","type":"product","link":"https:\/\/solaroutlet.lt\/en\/produktas\/sungrow-sbr-224-kwh-bateriju-komplektas\/","title":{"rendered":"Sungrow SBR 22,4 kWh baterij\u0173 komplektas"},"content":{"rendered":"<h4 data-start=\"456\" data-end=\"529\"><strong data-start=\"461\" data-end=\"529\">Sungrow SBR224 \u2013 22,4 kWh baterij\u0173 komplektas saul\u0117s elektrin\u0117ms<\/strong><\/h4>\n<p data-start=\"531\" data-end=\"798\">Ie\u0161kote patikimo sprendimo energijos kaupimui? <strong data-start=\"578\" data-end=\"596\">Sungrow SBR<\/strong> \u2013 tai auk\u0161tos kokyb\u0117s <strong>22,4<\/strong> <strong data-start=\"619\" data-end=\"631\">kWh<\/strong> talpos baterij\u0173 komplektas, sukurtas efektyviam saul\u0117s energijos saugojimui ir panaudojimui. \u0160is komplektas idealiai tinka tiek buitiniam, tiek komerciniam naudojimui.<\/p>\n<p data-start=\"800\" data-end=\"831\"><strong data-start=\"803\" data-end=\"831\">Pagrindiniai privalumai:<\/strong><\/p>\n<ul data-start=\"832\" data-end=\"1220\">\n<li data-start=\"905\" data-end=\"973\">\n<p data-start=\"907\" data-end=\"973\"><strong data-start=\"907\" data-end=\"932\">Modulin\u0117 konstrukcija<\/strong> \u2013 galimyb\u0117 pl\u0117sti sistem\u0105 iki 102,4 kWh.<\/p>\n<\/li>\n<li data-start=\"974\" data-end=\"1049\">\n<p data-start=\"976\" data-end=\"1049\"><strong data-start=\"976\" data-end=\"1006\">LFP (LiFePO4) technologija<\/strong> \u2013 ilgaam\u017ei\u0161kumas, saugumas, efektyvumas.<\/p>\n<\/li>\n<li data-start=\"1050\" data-end=\"1124\">\n<p data-start=\"1052\" data-end=\"1124\"><strong data-start=\"1052\" data-end=\"1074\">Lengvas montavimas<\/strong> \u2013 kompakti\u0161kas dizainas ir paprastas pajungimas.<\/p>\n<\/li>\n<li data-start=\"1125\" data-end=\"1220\">\n<p data-start=\"1127\" data-end=\"1220\"><strong data-start=\"1127\" data-end=\"1177\">Suderinama su Sungrow SHxxRT ir SHxxT hibridiniais keitikliais<\/strong> \u2013 sklandus veikimas ir energijos valdymas.<\/p>\n<\/li>\n<\/ul>\n<p data-start=\"1222\" data-end=\"1404\"><em>Sungrow<\/em> \u2013 tai vienas pasaulyje pirmaujan\u010di\u0173 atsinaujinan\u010dios energijos sprendim\u0173 gamintoj\u0173. SBR serijos baterijos u\u017etikrina auk\u0161t\u0105 na\u0161um\u0105 ir maksimal\u0173 energijos naudojimo efektyvum\u0105.<\/p>\n<p><strong>Sungrow SBR224 &#8211; 22,4 kWh baterij\u0173 komplekto techninis apra\u0161ymas:<\/strong><\/p>\n<ul>\n<li>Akumuliatoriaus tipas:\u00a0LiFePO4<\/li>\n<li>Talpa: 22,4 kWh<\/li>\n<li>Nominali \u012ftampa: 448 V<\/li>\n<li>Akumuliatori\u0173 moduli\u0173 skai\u010dius:7<\/li>\n<li>Darbin\u0117s \u012ftampos diapazonas: 350-511 V<\/li>\n<li>I\u0161krovos gylis (DoD): 100%<\/li>\n<li>\u012ekrovimo temperat\u016bra:\u00a00\u201350\u00b0C<\/li>\n<li>I\u0161krovimo temperat\u016bra: -20\u201350\u00b0C<\/li>\n<li>Matmenys (P x G x A): 625x1065x330 mm<\/li>\n<li>Svoris: 246 kg<\/li>\n<li>Apsaugos lygis: IP55<\/li>\n<li>Ry\u0161io s\u0105sajos: CAN<\/li>\n<li>Sertifikvimas: CE, CEC, IEC 62619, IEC 62040, UN38.3, VDE 2510-50, IEC 62477, IEC 63056, IEC 61000, UKCA<\/li>\n<li>Produkto garantija: 10 met\u0173<\/li>\n<\/ul>\n<p>&nbsp;<\/p>\n<p><strong>TECHNINIAI DUOMENYS ATSISIUNTIMUI:<\/strong><\/p>\n<p><strong>\u27a1\ufe0f<a href=\"http:\/\/solaroutlet.lt\/wp-content\/uploads\/2025\/07\/Sungrow-SBR-kaupiklis.pdf\">Sungrow SBR kaupikli\u0173 technin\u0117s specifikacijos dokumentas<\/a><\/strong><\/p>\n<p><strong>\u27a1\ufe0f<a href=\"http:\/\/solaroutlet.lt\/wp-content\/uploads\/2025\/07\/Vartotojo-vadovas.pdf\">Sungrow SBR kaupikli\u0173 vartotojo vadovas<\/a><\/strong><\/p>\n<p><strong>\u27a1\ufe0f<a href=\"http:\/\/solaroutlet.lt\/wp-content\/uploads\/2025\/07\/EN-CE-Sungrow-SBR-Battery-Series-CE-Conformity-Certificate.pdf\">Sungrow SBR kaupikli\u0173 CE srtifikatas<\/a><\/strong><\/p>\n","protected":false},"excerpt":{"rendered":"<p>U\u017etikrinkite savo <strong data-start=\"1876\" data-end=\"1906\">energetin\u0119 nepriklausomyb\u0119<\/strong> su Sungrow SBR baterij\u0173 sprendimu \u2013 investuokite \u012f patikim\u0105, efektyv\u0173 ir ilgalaik\u012f energijos kaupim\u0105!<\/p>\n<p>Naujose Sungrow SBR auk\u0161tos \u012ftampos kaupikliuose naudojami li\u010dio jon\u0173 elementai, kurie laikomi saugiausia ir ilgaam\u017ei\u0161kiausia baterija.<\/p>\n<p>Sungrow SBR baterijos turi lygiagretaus jungimo galimyb\u0119, galima i\u0161pl\u0117sti elektros energijos kaupiklio talp\u0105 iki 102,4 kWh.<\/p>\n<p>Visas valdymas yra integruotas \u012f vien\u0105 program\u0117l\u0119, tod\u0117l vartotojai gali lengvai valdyti tiek keitikl\u012f, tiek baterij\u0173 sistem\u0105, tiek elektromobilio \u012fkrovimo stotel\u0119, nustatyti automatin\u012f veikimo laik\u0105.<\/p>\n<p>\u0160is \u012frenginys susideda i\u0161 7 vnt., SBR baterij\u0173 po 3,2 kWh ir 1 vnt., SBR valdymo bloko.<\/p>\n","protected":false},"featured_media":9221,"comment_status":"open","ping_status":"closed","template":"","meta":{"_acf_changed":false,"om_disable_all_campaigns":false,"_uf_show_specific_survey":0,"_uf_disable_surveys":false},"pwb-brand":[182],"gamintojas":[98],"product_brand":[],"product_cat":[108],"product_tag":[],"class_list":{"0":"post-9227","1":"product","2":"type-product","3":"status-publish","4":"has-post-thumbnail","6":"pwb-brand-sungrow","7":"gamintojas-sungrow","8":"product_cat-elektros-energijos-kaupikliai-baterijos","9":"product_shipping_class-f-pristatymo-klase","10":"pa_talpa-224-kwh","12":"first","13":"instock","14":"taxable","15":"shipping-taxable","16":"purchasable","17":"product-type-simple"},"acf":[],"aioseo_notices":[],"brands":[{"id":182,"name":"Sungrow","slug":"sungrow"}],"_links":{"self":[{"href":"https:\/\/solaroutlet.lt\/en\/wp-json\/wp\/v2\/product\/9227","targetHints":{"allow":["GET"]}}],"collection":[{"href":"https:\/\/solaroutlet.lt\/en\/wp-json\/wp\/v2\/product"}],"about":[{"href":"https:\/\/solaroutlet.lt\/en\/wp-json\/wp\/v2\/types\/product"}],"replies":[{"embeddable":true,"href":"https:\/\/solaroutlet.lt\/en\/wp-json\/wp\/v2\/comments?post=9227"}],"wp:featuredmedia":[{"embeddable":true,"href":"https:\/\/solaroutlet.lt\/en\/wp-json\/wp\/v2\/media\/9221"}],"wp:attachment":[{"href":"https:\/\/solaroutlet.lt\/en\/wp-json\/wp\/v2\/media?parent=9227"}],"wp:term":[{"taxonomy":"pwb-brand","embeddable":true,"href":"https:\/\/solaroutlet.lt\/en\/wp-json\/wp\/v2\/pwb-brand?post=9227"},{"taxonomy":"gamintojas","embeddable":true,"href":"https:\/\/solaroutlet.lt\/en\/wp-json\/wp\/v2\/gamintojas?post=9227"},{"taxonomy":"product_brand","embeddable":true,"href":"https:\/\/solaroutlet.lt\/en\/wp-json\/wp\/v2\/product_brand?post=9227"},{"taxonomy":"product_cat","embeddable":true,"href":"https:\/\/solaroutlet.lt\/en\/wp-json\/wp\/v2\/product_cat?post=9227"},{"taxonomy":"product_tag","embeddable":true,"href":"https:\/\/solaroutlet.lt\/en\/wp-json\/wp\/v2\/product_tag?post=9227"}],"curies":[{"name":"wp","href":"https:\/\/api.w.org\/{rel}","templated":true}]}}