{"id":9256,"date":"2025-08-21T10:15:39","date_gmt":"2025-08-21T07:15:39","guid":{"rendered":"https:\/\/solaroutlet.lt\/?post_type=product&#038;p=9256"},"modified":"2025-10-27T10:39:23","modified_gmt":"2025-10-27T07:39:23","slug":"huawei-luna2000-21-s1-energijos-kaupiklis","status":"publish","type":"product","link":"https:\/\/solaroutlet.lt\/en\/produktas\/huawei-luna2000-21-s1-energijos-kaupiklis\/","title":{"rendered":"Huawei LUNA2000-21-S1 energijos kaupiklis"},"content":{"rendered":"<h3 data-start=\"125\" data-end=\"244\">Huawei LUNA2000-21-S1 energijos kaupiklis \u2013 patikimas sprendimas j\u016bs\u0173 energetinei nepriklausomybei<\/h3>\n<p data-start=\"246\" data-end=\"653\"><strong data-start=\"246\" data-end=\"291\">Huawei LUNA2000-21-S1 energijos kaupiklis<\/strong> \u2013 tai moderni, moduliniu principu sukurta baterij\u0173 sistema, u\u017etikrinanti efektyv\u0173 saul\u0117s elektrini\u0173 pagamintos elektros energijos panaudojim\u0105. \u0160is energijos kaupiklis skirtas tiek privatiems namams, tiek verslui, siekiantiems suma\u017einti elektros i\u0161laidas, padidinti energijos vartojimo efektyvum\u0105 bei u\u017esitikrinti nepriklausomyb\u0119 nuo elektros tinklo svyravim\u0173.<\/p>\n<h4 data-start=\"655\" data-end=\"684\">Pagrindiniai privalumai:<\/h4>\n<ul data-start=\"685\" data-end=\"1687\">\n<li data-start=\"685\" data-end=\"852\">\n<p data-start=\"687\" data-end=\"852\"><strong data-start=\"687\" data-end=\"703\">Didel\u0117 talpa<\/strong> \u2013 LUNA2000-21-S1 modelis turi net <strong data-start=\"738\" data-end=\"748\">21 kWh<\/strong> talp\u0105, leid\u017eian\u010di\u0105 sukaupti didelius energijos kiekius ir patikimai juos naudoti vakare ar piko metu.<\/p>\n<\/li>\n<li data-start=\"853\" data-end=\"1059\">\n<p data-start=\"855\" data-end=\"1059\"><strong data-start=\"855\" data-end=\"880\">Modulin\u0117 konstrukcija<\/strong> \u2013 sistema gali b\u016bti ple\u010diama pagal poreik\u012f. Huawei LUNA2000 serija leid\u017eia jungti kelis modulius, tod\u0117l j\u016bs\u0173 baterij\u0173 sistema gali augti kartu su did\u0117jan\u010diu energijos poreikiu.<\/p>\n<\/li>\n<li data-start=\"1060\" data-end=\"1250\">\n<p data-start=\"1062\" data-end=\"1250\"><strong data-start=\"1062\" data-end=\"1087\">Auk\u0161tas saugumo lygis<\/strong> \u2013 naudojamos <strong data-start=\"1101\" data-end=\"1137\">LiFePO4 (li\u010dio gele\u017eies fosfato)<\/strong> baterijos, kurios pasi\u017eymi ilgaam\u017ei\u0161kumu, atsparumu temperat\u016bros svyravimams ir itin auk\u0161tu saugumo standartu.<\/p>\n<\/li>\n<li data-start=\"1251\" data-end=\"1392\">\n<p data-start=\"1253\" data-end=\"1392\"><strong data-start=\"1253\" data-end=\"1279\">Ilgas tarnavimo laikas<\/strong> \u2013 daugiau nei <strong data-start=\"1294\" data-end=\"1327\">6000 \u012fkrovimo\/i\u0161krovimo cikl\u0173<\/strong>, tod\u0117l tai ilgalaik\u0117 investicija \u012f energetin\u0119 nepriklausomyb\u0119.<\/p>\n<\/li>\n<li data-start=\"1393\" data-end=\"1548\">\n<p data-start=\"1395\" data-end=\"1548\"><strong data-start=\"1395\" data-end=\"1433\">Integracija su Huawei inverteriais<\/strong> \u2013 pilnas suderinamumas u\u017etikrina maksimal\u0173 efektyvum\u0105 ir paprast\u0105 sistemos valdym\u0105 per \u201eFusionSolar\u201c program\u0117l\u0119.<\/p>\n<\/li>\n<li data-start=\"1549\" data-end=\"1687\">\n<p data-start=\"1551\" data-end=\"1687\"><strong data-start=\"1551\" data-end=\"1581\">I\u0161manus energijos valdymas<\/strong> \u2013 sistema automati\u0161kai paskirsto energij\u0105 pagal vartojimo \u012fpro\u010dius, optimizuojant elektros sunaudojim\u0105.<\/p>\n<\/li>\n<\/ul>\n<h4 data-start=\"1689\" data-end=\"1712\">Technin\u0117s savyb\u0117s:<\/h4>\n<ul>\n<li data-start=\"1713\" data-end=\"1745\">\n<p data-start=\"1715\" data-end=\"1745\">Naudingoji talpa &#8211; 20,7 kWh<\/p>\n<\/li>\n<li data-start=\"1746\" data-end=\"1775\">\n<p data-start=\"1748\" data-end=\"1775\">\u012etampa &#8211; 600-980 V<\/p>\n<\/li>\n<li data-start=\"1776\" data-end=\"1834\">\n<p data-start=\"1778\" data-end=\"1834\">\u012ekrovimo\/i\u0161krovimo galia &#8211; 10,5 kW<\/p>\n<\/li>\n<li data-start=\"1835\" data-end=\"1903\">\n<p data-start=\"1837\" data-end=\"1903\">Aplinkos temperat\u016bros darbinis diapazonas &#8211;\u00a0 -20 \u00b0C iki +55 \u00b0C<\/p>\n<\/li>\n<li data-start=\"1904\" data-end=\"1938\">\n<p data-start=\"1906\" data-end=\"1938\">Montavimo tipas &#8211; grindinis<\/p>\n<\/li>\n<li data-start=\"1904\" data-end=\"1938\">\n<p data-start=\"1906\" data-end=\"1938\">I\u0161matavimai &#8211; 590 x 255 x 1230 mm.<\/p>\n<\/li>\n<li data-start=\"1904\" data-end=\"1938\">Svoris &#8211; 216\u00a0kg<\/li>\n<\/ul>\n<h4 data-start=\"1983\" data-end=\"2030\">Kod\u0117l verta rinktis Huawei LUNA2000-21-S1?<\/h4>\n<p data-start=\"2031\" data-end=\"2452\">\u0160is energijos kaupiklis \u2013 puikus pasirinkimas tiems, kurie ie\u0161ko patikimo ir ateities technologijoms pritaikyto sprendimo. Jo d\u0117ka gal\u0117site maksimaliai panaudoti saul\u0117s elektrin\u0117s pagamint\u0105 energij\u0105, suma\u017einti priklausomyb\u0119 nuo elektros tinklo ir apsisaugoti nuo galim\u0173 elektros tiekimo sutrikim\u0173. Be to, modernus dizainas ir i\u0161maniosios valdymo funkcijos leid\u017eia sistem\u0105 patogiai pri\u017ei\u016br\u0117ti ir valdyti nuotoliniu b\u016bdu.<\/p>\n<p data-start=\"2454\" data-end=\"2641\"><strong data-start=\"2454\" data-end=\"2499\">Huawei LUNA2000-21-S1 energijos kaupiklis<\/strong> \u2013 tai investicija, u\u017etikrinanti ma\u017eesnes elektros s\u0105skaitas, didesn\u012f energetin\u012f saugum\u0105 ir tvar\u0173 ateities sprendim\u0105 j\u016bs\u0173 namams ar verslui.<\/p>\n<p data-start=\"2454\" data-end=\"2641\"><strong>TECHNINIAI DUOMENYS ATSISIUNTIMUI:<\/strong><\/p>\n<p><strong>\u27a1\ufe0f<a href=\"https:\/\/solaroutlet.lt\/wp-content\/uploads\/2025\/08\/UNA2000-7-14-21-S1-datasheet.pdf\">Technini\u0173 specifikacij\u0173 dokumentas<\/a><\/strong><\/p>\n","protected":false},"excerpt":{"rendered":"<p><strong data-start=\"246\" data-end=\"291\">Huawei LUNA2000-21-S1 energijos kaupiklis<\/strong> \u2013 tai moderni, moduliniu principu sukurta baterij\u0173 sistema, u\u017etikrinanti efektyv\u0173 saul\u0117s elektrini\u0173 pagamintos elektros energijos panaudojim\u0105.<\/p>\n<p>\u012e energijos kaupiklio komplekt\u0105 \u012feina:<\/p>\n<ul>\n<li>LUNA2000-10KW-C1 baterijos valdiklis &#8211; 1 vnt.<\/li>\n<li>LUNA2000-7-E1 baterijos modulis &#8211; 3 vnt.<\/li>\n<\/ul>\n<p>&nbsp;<\/p>\n<p>&nbsp;<\/p>\n","protected":false},"featured_media":9264,"comment_status":"open","ping_status":"closed","template":"","meta":{"_acf_changed":false,"om_disable_all_campaigns":false,"_uf_show_specific_survey":0,"_uf_disable_surveys":false},"pwb-brand":[201],"gamintojas":[96],"product_brand":[],"product_cat":[108],"product_tag":[],"class_list":{"0":"post-9256","1":"product","2":"type-product","3":"status-publish","4":"has-post-thumbnail","6":"pwb-brand-huawei","7":"gamintojas-huawei","8":"product_cat-elektros-energijos-kaupikliai-baterijos","9":"product_shipping_class-f-pristatymo-klase","10":"pa_talpa-21-kwh","12":"first","13":"instock","14":"taxable","15":"shipping-taxable","16":"purchasable","17":"product-type-simple"},"acf":[],"aioseo_notices":[],"brands":[{"id":201,"name":"Huawei","slug":"huawei"}],"_links":{"self":[{"href":"https:\/\/solaroutlet.lt\/en\/wp-json\/wp\/v2\/product\/9256","targetHints":{"allow":["GET"]}}],"collection":[{"href":"https:\/\/solaroutlet.lt\/en\/wp-json\/wp\/v2\/product"}],"about":[{"href":"https:\/\/solaroutlet.lt\/en\/wp-json\/wp\/v2\/types\/product"}],"replies":[{"embeddable":true,"href":"https:\/\/solaroutlet.lt\/en\/wp-json\/wp\/v2\/comments?post=9256"}],"wp:featuredmedia":[{"embeddable":true,"href":"https:\/\/solaroutlet.lt\/en\/wp-json\/wp\/v2\/media\/9264"}],"wp:attachment":[{"href":"https:\/\/solaroutlet.lt\/en\/wp-json\/wp\/v2\/media?parent=9256"}],"wp:term":[{"taxonomy":"pwb-brand","embeddable":true,"href":"https:\/\/solaroutlet.lt\/en\/wp-json\/wp\/v2\/pwb-brand?post=9256"},{"taxonomy":"gamintojas","embeddable":true,"href":"https:\/\/solaroutlet.lt\/en\/wp-json\/wp\/v2\/gamintojas?post=9256"},{"taxonomy":"product_brand","embeddable":true,"href":"https:\/\/solaroutlet.lt\/en\/wp-json\/wp\/v2\/product_brand?post=9256"},{"taxonomy":"product_cat","embeddable":true,"href":"https:\/\/solaroutlet.lt\/en\/wp-json\/wp\/v2\/product_cat?post=9256"},{"taxonomy":"product_tag","embeddable":true,"href":"https:\/\/solaroutlet.lt\/en\/wp-json\/wp\/v2\/product_tag?post=9256"}],"curies":[{"name":"wp","href":"https:\/\/api.w.org\/{rel}","templated":true}]}}