{"id":9318,"date":"2025-08-26T13:50:35","date_gmt":"2025-08-26T10:50:35","guid":{"rendered":"https:\/\/solaroutlet.lt\/?post_type=product&#038;p=9318"},"modified":"2026-04-01T14:14:24","modified_gmt":"2026-04-01T11:14:24","slug":"10-kw-solis-hibridinis-trina-saules-elektrines-komplektas","status":"publish","type":"product","link":"https:\/\/solaroutlet.lt\/en\/produktas\/10-kw-solis-hibridinis-trina-saules-elektrines-komplektas\/","title":{"rendered":"10 kW Solis hibridinis + Trina, saul\u0117s elektrin\u0117s komplektas"},"content":{"rendered":"<p><strong>Hibridinis Solis S6-EH3P10K-H-EU, 10 kW RHI inverterio apra\u0161ymas:<\/strong><\/p>\n<ul>\n<li>Efektyvumas 97,5 %.<\/li>\n<li>Tipas \u2013 trifazis inverteris.<\/li>\n<li>Galia \u2013 10 kW.<\/li>\n<li>Integruota apsauga nuo vir\u0161\u012ftampi\u0173.<\/li>\n<li>Nuotolinio steb\u0117jimo galimyb\u0117.<\/li>\n<li>10 met\u0173 garantija.<\/li>\n<li>I\u0161matavimai 600*500*230 mm.<\/li>\n<li>Svoris 30,2 kg.<\/li>\n<li>IP66 vertinimas.<\/li>\n<li>Rekomenduojama max., PV galia \u2013 20,000 Wp.<\/li>\n<\/ul>\n<p>&nbsp;<\/p>\n<ul>\n<li>Integruoti 2\/3\/4 MPPT, skirti prijungti kelet\u0105 baterij\u0173 talp\u0173<\/li>\n<li>Pramon\u0117je pirmaujanti 50A\/10kW maksimalaus \u012fkrovimo\/i\u0161krovimo talpa<\/li>\n<li>Automatinis UPS perjungimas<\/li>\n<li>Apsauga nuo vir\u0161\u012ftampi\u0173<\/li>\n<li>I\u0161 anksto paruo\u0161tas akumuliatorius, matuoklis ir CAN laidai, kad sutrump\u0117t\u0173 pajungimo laikas<\/li>\n<li>Balansuoja fazes<\/li>\n<li>Suderinamas su daugybe prekini\u0173 \u017eenkl\u0173 li\u010dio baterij\u0173<\/li>\n<li>Pagerintos akumuliatoriaus apsaugos ir veikimo funkcijos, prailginan\u010dios baterijos veikimo laik\u0105<\/li>\n<\/ul>\n<p>&nbsp;<\/p>\n<p><strong>TECHNINIAI DUOMENYS ATSISIUNTIMUI:<\/strong><\/p>\n<p><strong>\u27a1\ufe0f<a href=\"https:\/\/solaroutlet.lt\/wp-content\/uploads\/2025\/03\/Solis_datasheet_S6-EH3P3-10K-H-EU_Global_V34_202411.pdf\">Technin\u0117s specifikacijos dokumentai.<\/a><\/strong><\/p>\n<p>&nbsp;<\/p>\n<p class=\"product_title entry-title show-product-nav\"><strong>TrinaSolar VERTEX S+ 455W NEG9R.28, N-Type Stiklas\/Stiklas moduli\u0173 apra\u0161ymas:<\/strong><\/p>\n<p>D\u0117l pa\u017eangios Vertex technologijos, atnaujintas Vertex S modulis siekia 455W i\u0161\u0117jimo gali\u0105, o modulio efektyvumas yra 22,8%.<\/p>\n<p>Modulis suprojektuotas taip, kad atitikt\u0173 galios, efektyvumo, dyd\u017eio, svorio, i\u0161vaizdos, mechanin\u0117s apkrovos ir patikimumo reikalavimus. Jis pasiekia geriausi\u0105 galios, dyd\u017eio ir svorio balans\u0105.<\/p>\n<ul>\n<li>Moduliai Stiklas\/Stiklas<\/li>\n<li>Saul\u0117s modulio efektyvumas 22,8%<\/li>\n<li>25 met\u0173 produkto garantija.<\/li>\n<li>Suteikiama 30 met\u0173 efektyvumo garantija, kuri garantuoja, kad po 30 met\u0173 modulis dirbs ne ma\u017eesniu kaip 87,4% efektyvumu.<\/li>\n<li>Modulio matmenys: 1762*1134*30 mm.<\/li>\n<li>Modulio svoris \u2013 21,8 kg.<\/li>\n<\/ul>\n<p>&nbsp;<\/p>\n<p><strong>TECHNINIAI DUOMENYS ATSISIUNTIMUI:<\/strong><\/p>\n<p><strong>\u27a1\ufe0f<a href=\"https:\/\/solaroutlet.lt\/wp-content\/uploads\/2024\/03\/440W-stiklas-stiklas-Datasheet_Vertex-S_NEG9R.28_EN_2024_A_web-NEW.pdf\">Techniniai duomenys \u010dia<\/a>;<\/strong><\/p>\n","protected":false},"excerpt":{"rendered":"<div class=\"description woocommerce-product-details__short-description\">\n<p><strong>10,01 kW saul\u0117s elektrin\u0117s \u012frangos komplektas \u012f kur\u012f \u012feina:<\/strong><\/p>\n<ul>\n<li>1 vnt.,\u00a0 Solis S6-EH3P10K-H-EU, 10 kW RHI hibridinis inverteris.<\/li>\n<li>22 vnt., TrinaSolar VERTEX S+ NEG9R.28 455 W, N-Type Stiklas\/Stiklas saul\u0117s saul\u0117s moduliai.<\/li>\n<li>1 vnt., Smartmeter i\u0161manusis skaitiklis.\n<div class=\"description woocommerce-product-details__short-description\">\n<div class=\"description woocommerce-product-details__short-description\">\n<p><a href=\"https:\/\/solaroutlet.lt\/apva-parama-saules-elektrinems-2025-m-fiziniams-asmenims\/\"><img decoding=\"async\" class=\"alignleft wp-image-8271\" src=\"http:\/\/solaroutlet.lt\/wp-content\/uploads\/2025\/02\/Lietuvos-energetikos-agentura-finansavimas-300x155.png\" alt=\"\" width=\"207\" height=\"107\" \/><\/a><\/p>\n<\/div>\n<\/div>\n<div class=\"wpb_custom_0ee23895009ca265b2bcfc2b33fb9222\"><\/div>\n<p><!--more--><\/p>\n<p><a href=\"https:\/\/solaroutlet.lt\/nerandate-tinkamo-komplekto-susisiekime\/\"><img decoding=\"async\" class=\"alignnone wp-image-8553\" src=\"http:\/\/solaroutlet.lt\/wp-content\/uploads\/2025\/03\/Nerandate-tinkamo-komplekto-3-300x155.png\" alt=\"\" width=\"211\" height=\"109\" \/><\/a><\/li>\n<\/ul>\n<\/div>\n","protected":false},"featured_media":9319,"comment_status":"open","ping_status":"closed","template":"","meta":{"_acf_changed":false,"om_disable_all_campaigns":false,"_uf_show_specific_survey":0,"_uf_disable_surveys":false},"pwb-brand":[204,248],"gamintojas":[165,94],"product_brand":[],"product_cat":[287,124],"product_tag":[],"class_list":{"0":"post-9318","1":"product","2":"type-product","3":"status-publish","4":"has-post-thumbnail","6":"pwb-brand-solis","7":"pwb-brand-trinasolar","8":"gamintojas-solis","9":"gamintojas-trinasolar","10":"product_cat-saules-elektriniu-komplektai","11":"product_cat-saules-elektriniu-komplektai-minimalus","12":"product_shipping_class-g-pristatymo-klase","14":"first","15":"instock","16":"sale","17":"taxable","18":"shipping-taxable","19":"purchasable","20":"product-type-simple"},"acf":[],"aioseo_notices":[],"brands":[{"id":204,"name":"Solis","slug":"solis"},{"id":248,"name":"TrinaSolar","slug":"trinasolar"}],"_links":{"self":[{"href":"https:\/\/solaroutlet.lt\/en\/wp-json\/wp\/v2\/product\/9318","targetHints":{"allow":["GET"]}}],"collection":[{"href":"https:\/\/solaroutlet.lt\/en\/wp-json\/wp\/v2\/product"}],"about":[{"href":"https:\/\/solaroutlet.lt\/en\/wp-json\/wp\/v2\/types\/product"}],"replies":[{"embeddable":true,"href":"https:\/\/solaroutlet.lt\/en\/wp-json\/wp\/v2\/comments?post=9318"}],"wp:featuredmedia":[{"embeddable":true,"href":"https:\/\/solaroutlet.lt\/en\/wp-json\/wp\/v2\/media\/9319"}],"wp:attachment":[{"href":"https:\/\/solaroutlet.lt\/en\/wp-json\/wp\/v2\/media?parent=9318"}],"wp:term":[{"taxonomy":"pwb-brand","embeddable":true,"href":"https:\/\/solaroutlet.lt\/en\/wp-json\/wp\/v2\/pwb-brand?post=9318"},{"taxonomy":"gamintojas","embeddable":true,"href":"https:\/\/solaroutlet.lt\/en\/wp-json\/wp\/v2\/gamintojas?post=9318"},{"taxonomy":"product_brand","embeddable":true,"href":"https:\/\/solaroutlet.lt\/en\/wp-json\/wp\/v2\/product_brand?post=9318"},{"taxonomy":"product_cat","embeddable":true,"href":"https:\/\/solaroutlet.lt\/en\/wp-json\/wp\/v2\/product_cat?post=9318"},{"taxonomy":"product_tag","embeddable":true,"href":"https:\/\/solaroutlet.lt\/en\/wp-json\/wp\/v2\/product_tag?post=9318"}],"curies":[{"name":"wp","href":"https:\/\/api.w.org\/{rel}","templated":true}]}}