{"id":9322,"date":"2025-08-26T14:06:42","date_gmt":"2025-08-26T11:06:42","guid":{"rendered":"https:\/\/solaroutlet.lt\/?post_type=product&#038;p=9322"},"modified":"2026-04-21T08:52:18","modified_gmt":"2026-04-21T05:52:18","slug":"12-kw-solis-hibridinis-trina-montavimo-konstrukcija","status":"publish","type":"product","link":"https:\/\/solaroutlet.lt\/en\/produktas\/12-kw-solis-hibridinis-trina-montavimo-konstrukcija\/","title":{"rendered":"12 kW Solis hibridinis + Trina + montavimo konstrukcija"},"content":{"rendered":"<h2><strong>Hibridinis Solis S6-EH3P12K-H, 12 kW inverterio apra\u0161ymas:<\/strong><\/h2>\n<ul>\n<li>Efektyvumas 97,5 %.<\/li>\n<li>Tipas \u2013 trifazis inverteris.<\/li>\n<li>Galia \u2013 12 kW.<\/li>\n<li>Integruota apsauga nuo vir\u0161\u012ftampi\u0173.<\/li>\n<li>Nuotolinio steb\u0117jimo galimyb\u0117.<\/li>\n<li>10 met\u0173 garantija.<\/li>\n<li>I\u0161matavimai 563*546*250 mm.<\/li>\n<li>Svoris 35,2 kg.<\/li>\n<li>IP66 vertinimas.<\/li>\n<li>Rekomenduojama max., PV galia \u2013 24,000 Wp.<\/li>\n<\/ul>\n<ul>\n<li><span class=\"HwtZe\" lang=\"lt\"><span class=\"jCAhz ChMk0b\"><span class=\"ryNqvb\">Suderinamas su generatoriumi, kad tiekt\u0173 energij\u0105 ilgesniam laikui nutr\u016bkus tinklo maitinimui.<\/span><\/span><\/span><\/li>\n<li><span class=\"HwtZe\" lang=\"lt\"><span class=\"jCAhz ChMk0b\"><span class=\"ryNqvb\">Palaiko du atsarginius prievadus, skirtus protingam kritini\u0173 ir nekritini\u0173 apkrov\u0173 paskirstymui.<\/span><\/span><\/span><\/li>\n<li><span class=\"HwtZe\" lang=\"lt\"><span class=\"jCAhz ChMk0b\"><span class=\"ryNqvb\">Suderinamas su \u0161ilumos siurbliu.<\/span><\/span><\/span><\/li>\n<li><span class=\"HwtZe\" lang=\"lt\"><span class=\"jCAhz ChMk0b\"><span class=\"ryNqvb\">Palaiko maksimali\u0105 20A \u012fvesties srov\u0119, tod\u0117l idealiai tinka visiems didel\u0117s galios saul\u0117s elektrini\u0173 moduliams,\u00a0<\/span><\/span><span class=\"jCAhz ChMk0b\"><span class=\"ryNqvb\">bet kokio prek\u0117s \u017eenklo.<\/span><\/span><\/span><\/li>\n<li><span class=\"HwtZe\" lang=\"lt\"><span class=\"jCAhz ChMk0b\"><span class=\"ryNqvb\">Palaiko kintamosios srov\u0117s \u012ftampos aptikim\u0105 tinkle ir generatoriaus i\u0161vestyje, kad b\u016bt\u0173 i\u0161vengta \u017ealos\u00a0<\/span><\/span><span class=\"jCAhz ChMk0b\"><span class=\"ryNqvb\">generatoriui d\u0117l atvirk\u0161tin\u0117s srov\u0117s i\u0161 tinklo.<\/span><\/span><span class=\"jCAhz ChMk0b\"><span class=\"ryNqvb\">\u00a0<\/span><\/span><\/span><\/li>\n<li><span class=\"HwtZe\" lang=\"lt\"><span class=\"jCAhz ChMk0b\"><span class=\"ryNqvb\">Palaiko fazi\u0173 balansavim\u0105.<\/span><\/span><\/span><\/li>\n<\/ul>\n<p><strong>TECHNINIAI DUOMENYS ATSISIUNTIMUI:<\/strong><\/p>\n<p>\u27a1\ufe0f<a href=\"https:\/\/solaroutlet.lt\/wp-content\/uploads\/2025\/03\/Solis_datasheet_S6-EH3P12-20K-H_Global_V29_202410.pdf\"><strong>Technin\u0117s specifikacijos dokumentas \u010dia.<\/strong><\/a><\/p>\n<p>&nbsp;<\/p>\n<h2 class=\"product_title entry-title show-product-nav\"><strong>TrinaSolar VERTEX S+ 465W NEG9R.28, N-Type Stiklas\/Stiklas moduli\u0173 apra\u0161ymas:<\/strong><\/h2>\n<p>D\u0117l pa\u017eangios Vertex technologijos, atnaujintas Vertex S modulis siekia 465W i\u0161\u0117jimo gali\u0105, o modulio efektyvumas yra 23,3%.<\/p>\n<p>Modulis suprojektuotas taip, kad atitikt\u0173 galios, efektyvumo, dyd\u017eio, svorio, i\u0161vaizdos, mechanin\u0117s apkrovos ir patikimumo reikalavimus. Jis pasiekia geriausi\u0105 galios, dyd\u017eio ir svorio balans\u0105.<\/p>\n<ul>\n<li>Moduliai Stiklas\/Stiklas<\/li>\n<li>Saul\u0117s modulio efektyvumas 23,3%<\/li>\n<li>25 met\u0173 produkto garantija.<\/li>\n<li>Suteikiama 30 met\u0173 efektyvumo garantija, kuri garantuoja, kad po 30 met\u0173 modulis dirbs ne ma\u017eesniu kaip 87,4% efektyvumu.<\/li>\n<li>Modulio matmenys: 1762*1134*30 mm.<\/li>\n<li>Modulio svoris \u2013 21 kg.<\/li>\n<\/ul>\n<p>&nbsp;<\/p>\n<p><strong>TECHNINIAI DUOMENYS ATSISIUNTIMUI:<\/strong><\/p>\n<p><strong>\u27a1\ufe0f<a href=\"https:\/\/solaroutlet.lt\/wp-content\/uploads\/2024\/03\/dt-m-0084-g-en-f-datasheet-vertex-s-neg9r-25-2025-c-20251227.pdf\" target=\"_blank\" rel=\"noopener\">Techniniai duomenys \u010dia<\/a>;<\/strong><\/p>\n<p>&nbsp;<\/p>\n<p><strong>Tvirtinimo konstrukcija:<\/strong><\/p>\n<ul>\n<li>Trapeciniai b\u0117geliai\/ trapezoidai.<\/li>\n<li>Tvirtinimo savisriegiai.<\/li>\n<li>Galiniai modulio laikikliai.<\/li>\n<li>Vidurinis modulio laikikliai.<\/li>\n<\/ul>\n","protected":false},"excerpt":{"rendered":"<p><strong>10,01 kW saul\u0117s elektrin\u0117s \u012frangos komplektas \u012f kur\u012f \u012feina:<\/strong><\/p>\n<ul>\n<li>1 vnt.,\u00a0 Solis S6-EH3P12K-H, 12 kW hibridinis inverteris.<\/li>\n<li>22 vnt., TrinaSolar VERTEX S+ NEG9R.28 465 W, N-Type Stiklas\/Stiklas saul\u0117s saul\u0117s moduliai.<\/li>\n<li>1 vnt., Smartmeter i\u0161manusis skaitiklis.<\/li>\n<li>Trapecin\u0117s skardos stogui skirta tvirtinimo konstrukcija, 10 met\u0173 garantija (komplektas 23 vnt. moduliams).\n<div class=\"description woocommerce-product-details__short-description\">\n<div class=\"description woocommerce-product-details__short-description\">\n<p><a href=\"https:\/\/solaroutlet.lt\/apva-parama-saules-elektrinems-2025-m-fiziniams-asmenims\/\"><img decoding=\"async\" class=\"alignleft wp-image-8271\" src=\"http:\/\/solaroutlet.lt\/wp-content\/uploads\/2025\/02\/Lietuvos-energetikos-agentura-finansavimas-300x155.png\" alt=\"\" width=\"207\" height=\"107\" \/><\/a><\/p>\n<\/div>\n<\/div>\n<div class=\"wpb_custom_0ee23895009ca265b2bcfc2b33fb9222\"><\/div>\n<p><!--more--><\/p>\n<p><a href=\"https:\/\/solaroutlet.lt\/nerandate-tinkamo-komplekto-susisiekime\/\"><img decoding=\"async\" class=\"alignnone wp-image-8553\" src=\"http:\/\/solaroutlet.lt\/wp-content\/uploads\/2025\/03\/Nerandate-tinkamo-komplekto-3-300x155.png\" alt=\"\" width=\"211\" height=\"109\" \/><\/a><\/li>\n<\/ul>\n","protected":false},"featured_media":9323,"comment_status":"open","ping_status":"closed","template":"","meta":{"_acf_changed":false,"om_disable_all_campaigns":false,"_uf_show_specific_survey":0,"_uf_disable_surveys":false},"pwb-brand":[204,248],"gamintojas":[165,94],"product_brand":[],"product_cat":[287,288],"product_tag":[],"class_list":{"0":"post-9322","1":"product","2":"type-product","3":"status-publish","4":"has-post-thumbnail","6":"pwb-brand-solis","7":"pwb-brand-trinasolar","8":"gamintojas-solis","9":"gamintojas-trinasolar","10":"product_cat-saules-elektriniu-komplektai","11":"product_cat-saules-elektriniu-komplektai-optimalus","12":"product_shipping_class-g-pristatymo-klase","14":"first","15":"instock","16":"sale","17":"featured","18":"taxable","19":"shipping-taxable","20":"purchasable","21":"product-type-simple"},"acf":[],"aioseo_notices":[],"brands":[{"id":204,"name":"Solis","slug":"solis"},{"id":248,"name":"TrinaSolar","slug":"trinasolar"}],"_links":{"self":[{"href":"https:\/\/solaroutlet.lt\/en\/wp-json\/wp\/v2\/product\/9322","targetHints":{"allow":["GET"]}}],"collection":[{"href":"https:\/\/solaroutlet.lt\/en\/wp-json\/wp\/v2\/product"}],"about":[{"href":"https:\/\/solaroutlet.lt\/en\/wp-json\/wp\/v2\/types\/product"}],"replies":[{"embeddable":true,"href":"https:\/\/solaroutlet.lt\/en\/wp-json\/wp\/v2\/comments?post=9322"}],"wp:featuredmedia":[{"embeddable":true,"href":"https:\/\/solaroutlet.lt\/en\/wp-json\/wp\/v2\/media\/9323"}],"wp:attachment":[{"href":"https:\/\/solaroutlet.lt\/en\/wp-json\/wp\/v2\/media?parent=9322"}],"wp:term":[{"taxonomy":"pwb-brand","embeddable":true,"href":"https:\/\/solaroutlet.lt\/en\/wp-json\/wp\/v2\/pwb-brand?post=9322"},{"taxonomy":"gamintojas","embeddable":true,"href":"https:\/\/solaroutlet.lt\/en\/wp-json\/wp\/v2\/gamintojas?post=9322"},{"taxonomy":"product_brand","embeddable":true,"href":"https:\/\/solaroutlet.lt\/en\/wp-json\/wp\/v2\/product_brand?post=9322"},{"taxonomy":"product_cat","embeddable":true,"href":"https:\/\/solaroutlet.lt\/en\/wp-json\/wp\/v2\/product_cat?post=9322"},{"taxonomy":"product_tag","embeddable":true,"href":"https:\/\/solaroutlet.lt\/en\/wp-json\/wp\/v2\/product_tag?post=9322"}],"curies":[{"name":"wp","href":"https:\/\/api.w.org\/{rel}","templated":true}]}}