{"id":9325,"date":"2025-08-26T14:31:35","date_gmt":"2025-08-26T11:31:35","guid":{"rendered":"https:\/\/solaroutlet.lt\/?post_type=product&#038;p=9325"},"modified":"2026-04-21T09:42:04","modified_gmt":"2026-04-21T06:42:04","slug":"12-kw-saules-elektrine-15-kwh-energijos-kaupiklis","status":"publish","type":"product","link":"https:\/\/solaroutlet.lt\/en\/produktas\/12-kw-saules-elektrine-15-kwh-energijos-kaupiklis\/","title":{"rendered":"12 kW saul\u0117s elektrin\u0117 + 15 kWh energijos kaupiklis, Solis, Trina, Dyness"},"content":{"rendered":"<h2><strong>Hibridinis Solis S6-EH3P12K-H, 12 kW inverterio apra\u0161ymas:<\/strong><\/h2>\n<ul>\n<li>Efektyvumas 97,5 %.<\/li>\n<li>Tipas \u2013 trifazis inverteris.<\/li>\n<li>Galia \u2013 12 kW.<\/li>\n<li>Integruota apsauga nuo vir\u0161\u012ftampi\u0173.<\/li>\n<li>Nuotolinio steb\u0117jimo galimyb\u0117.<\/li>\n<li>10 met\u0173 garantija.<\/li>\n<li>I\u0161matavimai 563*546*250 mm.<\/li>\n<li>Svoris 35,2 kg.<\/li>\n<li>IP66 vertinimas.<\/li>\n<li>Rekomenduojama max., PV galia \u2013 24,000 Wp.<\/li>\n<\/ul>\n<ul>\n<li><span class=\"HwtZe\" lang=\"lt\"><span class=\"jCAhz ChMk0b\"><span class=\"ryNqvb\">Suderinamas su generatoriumi, kad tiekt\u0173 energij\u0105 ilgesniam laikui nutr\u016bkus tinklo maitinimui.<\/span><\/span><\/span><\/li>\n<li><span class=\"HwtZe\" lang=\"lt\"><span class=\"jCAhz ChMk0b\"><span class=\"ryNqvb\">Palaiko du atsarginius prievadus, skirtus protingam kritini\u0173 ir nekritini\u0173 apkrov\u0173 paskirstymui.<\/span><\/span><\/span><\/li>\n<li><span class=\"HwtZe\" lang=\"lt\"><span class=\"jCAhz ChMk0b\"><span class=\"ryNqvb\">Suderinamas su \u0161ilumos siurbliu.<\/span><\/span><\/span><\/li>\n<li><span class=\"HwtZe\" lang=\"lt\"><span class=\"jCAhz ChMk0b\"><span class=\"ryNqvb\">Palaiko maksimali\u0105 20A \u012fvesties srov\u0119, tod\u0117l idealiai tinka visiems didel\u0117s galios saul\u0117s elektrini\u0173 moduliams,\u00a0<\/span><\/span><span class=\"jCAhz ChMk0b\"><span class=\"ryNqvb\">bet kokio prek\u0117s \u017eenklo.<\/span><\/span><\/span><\/li>\n<li><span class=\"HwtZe\" lang=\"lt\"><span class=\"jCAhz ChMk0b\"><span class=\"ryNqvb\">Palaiko kintamosios srov\u0117s \u012ftampos aptikim\u0105 tinkle ir generatoriaus i\u0161vestyje, kad b\u016bt\u0173 i\u0161vengta \u017ealos\u00a0<\/span><\/span><span class=\"jCAhz ChMk0b\"><span class=\"ryNqvb\">generatoriui d\u0117l atvirk\u0161tin\u0117s srov\u0117s i\u0161 tinklo.<\/span><\/span><span class=\"jCAhz ChMk0b\"><span class=\"ryNqvb\">\u00a0<\/span><\/span><\/span><\/li>\n<li><span class=\"HwtZe\" lang=\"lt\"><span class=\"jCAhz ChMk0b\"><span class=\"ryNqvb\">Palaiko fazi\u0173 balansavim\u0105.<\/span><\/span><\/span><\/li>\n<\/ul>\n<p><strong>TECHNINIAI DUOMENYS ATSISIUNTIMUI:<\/strong><\/p>\n<p>\u27a1\ufe0f<a href=\"https:\/\/solaroutlet.lt\/wp-content\/uploads\/2025\/03\/Solis_datasheet_S6-EH3P12-20K-H_Global_V29_202410.pdf\"><strong>Technin\u0117s specifikacijos dokumentas \u010dia.<\/strong><\/a><\/p>\n<p>&nbsp;<\/p>\n<h2 class=\"product_title entry-title show-product-nav\"><strong>TrinaSolar VERTEX S+ 465W NEG9R.28, N-Type Stiklas\/Stiklas moduli\u0173 apra\u0161ymas:<\/strong><\/h2>\n<p>D\u0117l pa\u017eangios Vertex technologijos, atnaujintas Vertex S modulis siekia 465W i\u0161\u0117jimo gali\u0105, o modulio efektyvumas yra 23,3%.<\/p>\n<p>Modulis suprojektuotas taip, kad atitikt\u0173 galios, efektyvumo, dyd\u017eio, svorio, i\u0161vaizdos, mechanin\u0117s apkrovos ir patikimumo reikalavimus. Jis pasiekia geriausi\u0105 galios, dyd\u017eio ir svorio balans\u0105.<\/p>\n<ul>\n<li>Moduliai Stiklas\/Stiklas<\/li>\n<li>Saul\u0117s modulio efektyvumas 23,3%<\/li>\n<li>25 met\u0173 produkto garantija.<\/li>\n<li>Suteikiama 30 met\u0173 efektyvumo garantija, kuri garantuoja, kad po 30 met\u0173 modulis dirbs ne ma\u017eesniu kaip 87,4% efektyvumu.<\/li>\n<li>Modulio matmenys: 1762*1134*30 mm.<\/li>\n<li>Modulio svoris \u2013 21 kg.<\/li>\n<\/ul>\n<p>&nbsp;<\/p>\n<p><strong>TECHNINIAI DUOMENYS ATSISIUNTIMUI:<\/strong><\/p>\n<p><strong>\u27a1\ufe0f<a href=\"https:\/\/solaroutlet.lt\/wp-content\/uploads\/2024\/03\/dt-m-0084-g-en-f-datasheet-vertex-s-neg9r-25-2025-c-20251227.pdf\" target=\"_blank\" rel=\"noopener\">Techniniai duomenys \u010dia<\/a>;<\/strong><\/p>\n<p>&nbsp;<\/p>\n<h2><strong><u>Dyness Stack100 <\/u><\/strong><strong><u>15,36 kWh energijos kaupiklis, HV, su pa\u0161ildymu<\/u><\/strong><\/h2>\n<p><strong>Tai inovatyvus, didel\u0117s talpos saul\u0117s energijos saugojimo sprendimas, tinkantis ir nam\u0173 \u016bkams, ir komercini\u0173 objekt\u0173 poreikiams<\/strong>.<\/p>\n<p>\u0160is pa\u017eangus energijos kaupiklis garantuoja itin <strong>auk\u0161t\u0105 efektyvum\u0105<\/strong>, patikim\u0105 energijos kaupim\u0105, tvarum\u0105, bet ir labai paprast\u0105 <strong>suderinamum\u0105<\/strong> su dauguma saul\u0117s elektrini\u0173 ar hibridini\u0173 inverteri\u0173 sistemomis.<\/p>\n<p>Kaupiklis talpina <strong>15,36kWh energijos<\/strong> ir turi integruotas auk\u0161tos \u012ftampos technologijas, kurios prietais\u0105 padaro itin stabiliu. D\u0117l \u0161ios technologijos, energijos perdavimo efektyvumas i\u0161auga. Kaupiklis labiausiai tinka ma\u017eesniems namams arba objektams, kuri\u0173 elektros poreikis n\u0117ra labai didelis.<\/p>\n<p>Vienas did\u017eiausi\u0173 Dyness Stack100 privalum\u0173 \u2013 <strong>integruota pa\u0161ildymo funkcija<\/strong>, kuri yra itin svarbi \u0161altuose klimatuose. Technologija leid\u017eia optimaliai \u012fkrauti baterij\u0105 net ir esant \u017eemai temperat\u016brai. \u0160i integracija taip pat u\u017etikrina, kad J\u016bs\u0173 kaupiklis puikiai veiks i\u0161tisus metus, nepriklausomai nuo oro s\u0105lyg\u0173. Negana to, kad pa\u0161ildymo sistema leid\u017eia automati\u0161kai palaikyti efektyvias darbo s\u0105lygas, bet tai dar labiau <strong>prailgina baterijos tarnavimo laik\u0105<\/strong>.<\/p>\n<p>\u0160is kaupiklis taip pat pasi\u017eymi savo <strong>blokine strukt\u016bra<\/strong>, kuri leid\u017eia dar labiau prapl\u0117sti sistemos talp\u0105 sujungiant kelet\u0105 moduli\u0173 \u012f vien\u0105. \u0160i modulin\u0117 strukt\u016bra leid\u017eia realizuoti energijos kaupim\u0105 ir jos rezerv\u0105 \u2013 puikiai tinkanti tiek \u012fmon\u0117ms, tiek gyvenamiesiems namams, kurie nori maksimaliai suma\u017einti savo elektros energijos s\u0105naudas, u\u017etikrinti nenutr\u016bkstam\u0105 energij\u0105, \u00a0ir tapti ma\u017eiau priklausomiems nuo elektros tiek\u0117j\u0173.<\/p>\n<p>Kaupiklis pasi\u017eymi pa\u017eangiu dizainu, nedideliais i\u0161matavimais ir nesud\u0117tingu montavimu. B\u016btent d\u0117l \u0161i\u0173 prie\u017eas\u010di\u0173, \u012frenginys gali b\u016bti montuojamas tiek patalpose, tiek technin\u0117se erdv\u0117se, optimizuojant vietos panaudojim\u0105.<\/p>\n<p>Investuodami \u012f \u0161\u012f model\u012f gausite ne tik didesn\u0119 nepriklausomyb\u0119 nuo elektros tiek\u0117j\u0173, bet ir u\u017eitikrinsite, jog turite elektros rezerv\u0105 elektros dingimo atveju.<\/p>\n<p>Savyb\u0117s<strong>:<\/strong><\/p>\n<ul>\n<li>Automatin\u0117 pa\u0161ildymo funkcija<strong><em>.<\/em><\/strong><\/li>\n<li>Akumuliatoriaus tipas \u2013 LiFePO4<\/li>\n<li>Naudinga talpa \u2013 15,36kWh<\/li>\n<li>Darbin\u0117s \u012ftampos diapazonas \u2013 134-864 V<\/li>\n<li>I\u0161krovos gylis (DoD) \u2013 95%<\/li>\n<li>\u012ekrovimo temperat\u016bra nuo -20 iki +55\u00b0C<\/li>\n<li>I\u0161krovimo temperat\u016bra nuo -20 iki +55\u00b0C<\/li>\n<li>Apsaugos lygis \u2013 IP20<\/li>\n<li>Tarnavimo laikas \u2013 neribotas cikl\u0173 skai\u010dius \/ 10 met\u0173<\/li>\n<li>Ry\u0161io s\u0105sajos \u2013 CAN, RS485<\/li>\n<li>Sertifikatai \u2013 CE-EMC\/CE-RED\/62619\/63056\/62477\/62040\/UN38.3<\/li>\n<li>BMS apsaugos Sistema, apsauganti nuo perkrovos, perkaitimo ir kitoki\u0173 sutrikim\u0173<\/li>\n<\/ul>\n<p><strong><a href=\"https:\/\/solaroutlet.lt\/wp-content\/uploads\/2025\/05\/Dyness-STACK100-technines-specifikacijos-su-pasildymu.pdf\">\u27a1\ufe0fTechnini\u0173 specifikacij\u0173 dokumentas<\/a><\/strong><\/p>\n","protected":false},"excerpt":{"rendered":"<p><strong>10,01 kW saul\u0117s elektrin\u0117s \u012frangos komplektas \u012f kur\u012f \u012feina:<\/strong><\/p>\n<ul>\n<li>1 vnt.,\u00a0 Solis S6-EH3P12K-H, 12 kW hibridinis inverteris.<\/li>\n<li>22 vnt., TrinaSolar VERTEX S+ NEG9R.28 465 W, N-Type Stiklas\/Stiklas saul\u0117s saul\u0117s moduliai.<\/li>\n<li>1 vnt., Smartmeter i\u0161manusis skaitiklis.<\/li>\n<li>1 vnt., Dyness Stack100 15,36 kWh energijos kaupiklis, HV, su pa\u0161ildymo funkcija.\n<ul>\n<li>Dyness Stack100 BDU \u2013 1 vnt.<\/li>\n<li>Dyness Stack100 baterijos modulis \u2013 3 vnt.<\/li>\n<\/ul>\n<\/li>\n<li>Trapecin\u0117s skardos stogui skirta tvirtinimo konstrukcija, 10 met\u0173 garantija (komplektas 22 vnt. moduliams)<\/li>\n<\/ul>\n<div class=\"description woocommerce-product-details__short-description\">\n<div class=\"description woocommerce-product-details__short-description\">\n<p><a href=\"https:\/\/solaroutlet.lt\/apva-parama-saules-elektrinems-2025-m-fiziniams-asmenims\/\"><img decoding=\"async\" class=\"alignleft wp-image-8271\" src=\"http:\/\/solaroutlet.lt\/wp-content\/uploads\/2025\/02\/Lietuvos-energetikos-agentura-finansavimas-300x155.png\" alt=\"\" width=\"207\" height=\"107\" \/><\/a><\/p>\n<\/div>\n<\/div>\n<div class=\"wpb_custom_0ee23895009ca265b2bcfc2b33fb9222\"><\/div>\n<p><!--more--><\/p>\n<p><a href=\"https:\/\/solaroutlet.lt\/nerandate-tinkamo-komplekto-susisiekime\/\"><img decoding=\"async\" class=\"alignnone wp-image-8553\" src=\"http:\/\/solaroutlet.lt\/wp-content\/uploads\/2025\/03\/Nerandate-tinkamo-komplekto-3-300x155.png\" alt=\"\" width=\"211\" height=\"109\" \/><\/a><\/p>\n","protected":false},"featured_media":9326,"comment_status":"open","ping_status":"closed","template":"","meta":{"_acf_changed":false,"om_disable_all_campaigns":false,"_uf_show_specific_survey":0,"_uf_disable_surveys":false},"pwb-brand":[285,204,248],"gamintojas":[286,165,94],"product_brand":[],"product_cat":[287,291],"product_tag":[],"class_list":{"0":"post-9325","1":"product","2":"type-product","3":"status-publish","4":"has-post-thumbnail","6":"pwb-brand-dyness","7":"pwb-brand-solis","8":"pwb-brand-trinasolar","9":"gamintojas-dyness","10":"gamintojas-solis","11":"gamintojas-trinasolar","12":"product_cat-saules-elektriniu-komplektai","13":"product_cat-saules-elektriniu-komplektai-ramus","14":"product_shipping_class-h-pristatymo-klase","16":"first","17":"outofstock","18":"sale","19":"taxable","20":"shipping-taxable","21":"purchasable","22":"product-type-simple"},"acf":[],"aioseo_notices":[],"brands":[{"id":285,"name":"Dyness","slug":"dyness"},{"id":204,"name":"Solis","slug":"solis"},{"id":248,"name":"TrinaSolar","slug":"trinasolar"}],"_links":{"self":[{"href":"https:\/\/solaroutlet.lt\/en\/wp-json\/wp\/v2\/product\/9325","targetHints":{"allow":["GET"]}}],"collection":[{"href":"https:\/\/solaroutlet.lt\/en\/wp-json\/wp\/v2\/product"}],"about":[{"href":"https:\/\/solaroutlet.lt\/en\/wp-json\/wp\/v2\/types\/product"}],"replies":[{"embeddable":true,"href":"https:\/\/solaroutlet.lt\/en\/wp-json\/wp\/v2\/comments?post=9325"}],"wp:featuredmedia":[{"embeddable":true,"href":"https:\/\/solaroutlet.lt\/en\/wp-json\/wp\/v2\/media\/9326"}],"wp:attachment":[{"href":"https:\/\/solaroutlet.lt\/en\/wp-json\/wp\/v2\/media?parent=9325"}],"wp:term":[{"taxonomy":"pwb-brand","embeddable":true,"href":"https:\/\/solaroutlet.lt\/en\/wp-json\/wp\/v2\/pwb-brand?post=9325"},{"taxonomy":"gamintojas","embeddable":true,"href":"https:\/\/solaroutlet.lt\/en\/wp-json\/wp\/v2\/gamintojas?post=9325"},{"taxonomy":"product_brand","embeddable":true,"href":"https:\/\/solaroutlet.lt\/en\/wp-json\/wp\/v2\/product_brand?post=9325"},{"taxonomy":"product_cat","embeddable":true,"href":"https:\/\/solaroutlet.lt\/en\/wp-json\/wp\/v2\/product_cat?post=9325"},{"taxonomy":"product_tag","embeddable":true,"href":"https:\/\/solaroutlet.lt\/en\/wp-json\/wp\/v2\/product_tag?post=9325"}],"curies":[{"name":"wp","href":"https:\/\/api.w.org\/{rel}","templated":true}]}}